{"id":19056,"date":"2026-04-13T08:27:19","date_gmt":"2026-04-13T07:27:19","guid":{"rendered":"https:\/\/www.heaven-hell.si\/?post_type=product&#038;p=19056"},"modified":"2026-04-13T11:00:32","modified_gmt":"2026-04-13T10:00:32","slug":"kocbek-gin-experience","status":"publish","type":"product","link":"https:\/\/www.heaven-hell.si\/en\/the-product\/kocbek-gin-experience\/","title":{"rendered":"Kocbek Gin Experience"},"content":{"rendered":"<div data-elementor-type=\"product-post\" data-elementor-id=\"19056\" class=\"elementor elementor-19056\" data-elementor-post-type=\"product\">\n\t\t\t\t\t\t<section class=\"wd-negative-gap elementor-section elementor-top-section elementor-element elementor-element-d8f0500 wd-section-stretch elementor-section-boxed elementor-section-height-default elementor-section-height-default\" data-id=\"d8f0500\" data-element_type=\"section\">\n\t\t\t\t\t\t<div class=\"elementor-container elementor-column-gap-no\">\n\t\t\t\t\t<div class=\"elementor-column elementor-col-100 elementor-top-column elementor-element elementor-element-7dd3a5d\" data-id=\"7dd3a5d\" data-element_type=\"column\" data-settings=\"{&quot;background_background&quot;:&quot;classic&quot;}\">\n\t\t\t<div class=\"elementor-widget-wrap elementor-element-populated\">\n\t\t\t\t\t\t<div class=\"elementor-element elementor-element-39e52cc elementor-widget elementor-widget-wd_text_block\" data-id=\"39e52cc\" data-element_type=\"widget\" data-widget_type=\"wd_text_block.default\">\n\t\t\t\t<div class=\"elementor-widget-container\">\n\t\t\t\t\t\t\t<div class=\"wd-text-block reset-last-child text-left color-title\">\n\t\t\t\n\t\t\t<p style=\"text-align: center;\">HEAVEN &amp; HELL<\/p>\n\t\t\t\t\t<\/div>\n\t\t\t\t\t\t<\/div>\n\t\t\t\t<\/div>\n\t\t\t\t<div class=\"elementor-element elementor-element-71e9ff8 elementor-widget elementor-widget-heading\" data-id=\"71e9ff8\" data-element_type=\"widget\" data-widget_type=\"heading.default\">\n\t\t\t\t<div class=\"elementor-widget-container\">\n\t\t\t\t\t<h4 class=\"elementor-heading-title elementor-size-small\">The Minister of Health warns: Excessive alcohol consumption causes health damage!<\/h4>\t\t\t\t<\/div>\n\t\t\t\t<\/div>\n\t\t\t\t\t<\/div>\n\t\t<\/div>\n\t\t\t\t\t<\/div>\n\t\t<\/section>\n\t\t\t\t<\/div>","protected":false},"excerpt":{"rendered":"<p>Set, posve\u010den zna\u010dilnemu Kocbek podpisu in bogati tradiciji bu\u010dnih semen. Zdru\u017euje originalni Kocbek gin, mehkej\u0161i Kocbek Basic in ne\u017enej\u0161i Kocbek Vanilla, ki navdu\u0161i s subtilno sladkobo vanilje. To je set z mo\u010dno identiteto, ki povezuje tradicijo, toplino in sodobno eleganco v eni edinstveni degustacijski izku\u0161nji.<\/p>","protected":false},"featured_media":19060,"comment_status":"closed","ping_status":"closed","template":"","meta":{"ngg_post_thumbnail":0},"product_brand":[],"product_cat":[73],"product_tag":[],"class_list":{"0":"post-19056","1":"product","2":"type-product","3":"status-publish","4":"has-post-thumbnail","6":"product_cat-darilni-seti","8":"first","9":"instock","10":"taxable","11":"shipping-taxable","12":"purchasable","13":"product-type-simple"},"yoast_head":"<!-- This site is optimized with the Yoast SEO Premium plugin v21.4 (Yoast SEO v27.2) - https:\/\/yoast.com\/product\/yoast-seo-premium-wordpress\/ -->\n<title>Kocbek Gin Experience - Heaven &amp; Hell Gin<\/title>\n<meta name=\"description\" content=\"Set, posve\u010den zna\u010dilnemu Kocbek podpisu in bogati tradiciji bu\u010dnih semen.\" \/>\n<meta name=\"robots\" content=\"index, follow, max-snippet:-1, max-image-preview:large, max-video-preview:-1\" \/>\n<link rel=\"canonical\" href=\"https:\/\/www.heaven-hell.si\/en\/the-product\/kocbek-gin-experience\/\" \/>\n<meta property=\"og:locale\" content=\"en_GB\" \/>\n<meta property=\"og:type\" content=\"article\" \/>\n<meta property=\"og:title\" content=\"Kocbek Gin Experience\" \/>\n<meta property=\"og:description\" content=\"Set, posve\u010den zna\u010dilnemu Kocbek podpisu in bogati tradiciji bu\u010dnih semen.\" \/>\n<meta property=\"og:url\" content=\"https:\/\/www.heaven-hell.si\/en\/the-product\/kocbek-gin-experience\/\" \/>\n<meta property=\"og:site_name\" content=\"Heaven &amp; Hell Gin\" \/>\n<meta property=\"article:publisher\" content=\"https:\/\/www.facebook.com\/heavenhellgin\" \/>\n<meta property=\"article:modified_time\" content=\"2026-04-13T10:00:32+00:00\" \/>\n<meta property=\"og:image\" content=\"https:\/\/www.heaven-hell.si\/wp-content\/uploads\/2026\/04\/KOCBEK-TASTING-SET.jpg\" \/>\n\t<meta property=\"og:image:width\" content=\"1500\" \/>\n\t<meta property=\"og:image:height\" content=\"1500\" \/>\n\t<meta property=\"og:image:type\" content=\"image\/jpeg\" \/>\n<script type=\"application\/ld+json\" class=\"yoast-schema-graph\">{\"@context\":\"https:\/\/schema.org\",\"@graph\":[{\"@type\":\"WebPage\",\"@id\":\"https:\/\/www.heaven-hell.si\/izdelek\/kocbek-gin-experience\/\",\"url\":\"https:\/\/www.heaven-hell.si\/izdelek\/kocbek-gin-experience\/\",\"name\":\"Kocbek Gin Experience - Heaven &amp; Hell Gin\",\"isPartOf\":{\"@id\":\"https:\/\/www.heaven-hell.si\/#website\"},\"primaryImageOfPage\":{\"@id\":\"https:\/\/www.heaven-hell.si\/izdelek\/kocbek-gin-experience\/#primaryimage\"},\"image\":{\"@id\":\"https:\/\/www.heaven-hell.si\/izdelek\/kocbek-gin-experience\/#primaryimage\"},\"thumbnailUrl\":\"https:\/\/www.heaven-hell.si\/wp-content\/uploads\/2026\/04\/KOCBEK-TASTING-SET.jpg\",\"datePublished\":\"2026-04-13T07:27:19+00:00\",\"dateModified\":\"2026-04-13T10:00:32+00:00\",\"description\":\"Set, posve\u010den zna\u010dilnemu Kocbek podpisu in bogati tradiciji bu\u010dnih semen.\",\"breadcrumb\":{\"@id\":\"https:\/\/www.heaven-hell.si\/izdelek\/kocbek-gin-experience\/#breadcrumb\"},\"inLanguage\":\"en-GB\",\"potentialAction\":[{\"@type\":\"ReadAction\",\"target\":[\"https:\/\/www.heaven-hell.si\/izdelek\/kocbek-gin-experience\/\"]}]},{\"@type\":\"ImageObject\",\"inLanguage\":\"en-GB\",\"@id\":\"https:\/\/www.heaven-hell.si\/izdelek\/kocbek-gin-experience\/#primaryimage\",\"url\":\"https:\/\/www.heaven-hell.si\/wp-content\/uploads\/2026\/04\/KOCBEK-TASTING-SET.jpg\",\"contentUrl\":\"https:\/\/www.heaven-hell.si\/wp-content\/uploads\/2026\/04\/KOCBEK-TASTING-SET.jpg\",\"width\":1500,\"height\":1500},{\"@type\":\"BreadcrumbList\",\"@id\":\"https:\/\/www.heaven-hell.si\/izdelek\/kocbek-gin-experience\/#breadcrumb\",\"itemListElement\":[{\"@type\":\"ListItem\",\"position\":1,\"name\":\"Domov\",\"item\":\"https:\/\/www.heaven-hell.si\/\"},{\"@type\":\"ListItem\",\"position\":2,\"name\":\"Trgovina\",\"item\":\"https:\/\/www.heaven-hell.si\/trgovina\/\"},{\"@type\":\"ListItem\",\"position\":3,\"name\":\"Kocbek Gin Experience\"}]},{\"@type\":\"WebSite\",\"@id\":\"https:\/\/www.heaven-hell.si\/#website\",\"url\":\"https:\/\/www.heaven-hell.si\/\",\"name\":\"Heaven & Hell gin\",\"description\":\"Kiss of Immortality\",\"publisher\":{\"@id\":\"https:\/\/www.heaven-hell.si\/#organization\"},\"potentialAction\":[{\"@type\":\"SearchAction\",\"target\":{\"@type\":\"EntryPoint\",\"urlTemplate\":\"https:\/\/www.heaven-hell.si\/?s={search_term_string}\"},\"query-input\":{\"@type\":\"PropertyValueSpecification\",\"valueRequired\":true,\"valueName\":\"search_term_string\"}}],\"inLanguage\":\"en-GB\"},{\"@type\":[\"Organization\",\"Place\"],\"@id\":\"https:\/\/www.heaven-hell.si\/#organization\",\"name\":\"Kiss of Immortality d.o.o.\",\"alternateName\":\"Heaven & Hell Luxury London Dry gin\",\"url\":\"https:\/\/www.heaven-hell.si\/\",\"logo\":{\"@id\":\"https:\/\/www.heaven-hell.si\/izdelek\/kocbek-gin-experience\/#local-main-organization-logo\"},\"image\":{\"@id\":\"https:\/\/www.heaven-hell.si\/izdelek\/kocbek-gin-experience\/#local-main-organization-logo\"},\"sameAs\":[\"https:\/\/www.facebook.com\/heavenhellgin\",\"https:\/\/www.instagram.com\/heavenhellgin\/\",\"https:\/\/www.youtube.com\/@heavenhellgin\",\"https:\/\/www.tiktok.com\/@heavenhellgin\"],\"publishingPrinciples\":\"https:\/\/www.heaven-hell.si\/splosni-pogoji\/\",\"ownershipFundingInfo\":\"https:\/\/www.heaven-hell.si\/kontakt\/\",\"actionableFeedbackPolicy\":\"https:\/\/www.heaven-hell.si\/piskotki\/\",\"address\":{\"@id\":\"https:\/\/www.heaven-hell.si\/izdelek\/kocbek-gin-experience\/#local-main-place-address\"},\"geo\":{\"@type\":\"GeoCoordinates\",\"latitude\":\"46.5702914\",\"longitude\":\"16.334821\"},\"telephone\":[\"040 979 940\"],\"openingHoursSpecification\":{\"@type\":\"OpeningHoursSpecification\",\"dayOfWeek\":[\"Monday\",\"Tuesday\",\"Wednesday\",\"Thursday\",\"Friday\",\"Saturday\",\"Sunday\"],\"opens\":\"00:00\",\"closes\":\"23:59\"},\"email\":\"info@heaven-hell.si\",\"areaServed\":\"EU\",\"vatID\":\"SI72846925\",\"taxID\":\"SI72846925\"},{\"@type\":\"PostalAddress\",\"@id\":\"https:\/\/www.heaven-hell.si\/izdelek\/kocbek-gin-experience\/#local-main-place-address\",\"streetAddress\":\"Velika Polana 151A\",\"addressLocality\":\"Velika Polana\",\"postalCode\":\"9225\",\"addressRegion\":\"Pomurje\",\"addressCountry\":\"SI\"},{\"@type\":\"ImageObject\",\"inLanguage\":\"en-GB\",\"@id\":\"https:\/\/www.heaven-hell.si\/izdelek\/kocbek-gin-experience\/#local-main-organization-logo\",\"url\":\"https:\/\/www.heaven-hell.si\/wp-content\/uploads\/2023\/10\/heaven-hell-logo-gold-email.png\",\"contentUrl\":\"https:\/\/www.heaven-hell.si\/wp-content\/uploads\/2023\/10\/heaven-hell-logo-gold-email.png\",\"width\":250,\"height\":104,\"caption\":\"Kiss of Immortality d.o.o.\"}]}<\/script>\n<meta property=\"product:price:amount\" content=\"52.00\" \/>\n<meta property=\"product:price:currency\" content=\"EUR\" \/>\n<meta property=\"og:availability\" content=\"instock\" \/>\n<meta property=\"product:availability\" content=\"instock\" \/>\n<meta property=\"product:retailer_item_id\" content=\"3830082063160\" \/>\n<meta property=\"product:condition\" content=\"new\" \/>\n<meta name=\"geo.placename\" content=\"Velika Polana\" \/>\n<meta name=\"geo.position\" content=\"46.5702914;16.334821\" \/>\n<meta name=\"geo.region\" content=\"Slovenia\" \/>\n<!-- \/ Yoast SEO Premium plugin. -->","yoast_head_json":{"title":"Kocbek Gin Experience - Heaven &amp; Hell Gin","description":"Set, posve\u010den zna\u010dilnemu Kocbek podpisu in bogati tradiciji bu\u010dnih semen.","robots":{"index":"index","follow":"follow","max-snippet":"max-snippet:-1","max-image-preview":"max-image-preview:large","max-video-preview":"max-video-preview:-1"},"canonical":"https:\/\/www.heaven-hell.si\/en\/the-product\/kocbek-gin-experience\/","og_locale":"en_GB","og_type":"article","og_title":"Kocbek Gin Experience","og_description":"Set, posve\u010den zna\u010dilnemu Kocbek podpisu in bogati tradiciji bu\u010dnih semen.","og_url":"https:\/\/www.heaven-hell.si\/en\/the-product\/kocbek-gin-experience\/","og_site_name":"Heaven &amp; Hell Gin","article_publisher":"https:\/\/www.facebook.com\/heavenhellgin","article_modified_time":"2026-04-13T10:00:32+00:00","og_image":[{"width":1500,"height":1500,"url":"https:\/\/www.heaven-hell.si\/wp-content\/uploads\/2026\/04\/KOCBEK-TASTING-SET.jpg","type":"image\/jpeg"}],"schema":{"@context":"https:\/\/schema.org","@graph":[{"@type":"WebPage","@id":"https:\/\/www.heaven-hell.si\/izdelek\/kocbek-gin-experience\/","url":"https:\/\/www.heaven-hell.si\/izdelek\/kocbek-gin-experience\/","name":"Kocbek Gin Experience - Heaven &amp; Hell Gin","isPartOf":{"@id":"https:\/\/www.heaven-hell.si\/#website"},"primaryImageOfPage":{"@id":"https:\/\/www.heaven-hell.si\/izdelek\/kocbek-gin-experience\/#primaryimage"},"image":{"@id":"https:\/\/www.heaven-hell.si\/izdelek\/kocbek-gin-experience\/#primaryimage"},"thumbnailUrl":"https:\/\/www.heaven-hell.si\/wp-content\/uploads\/2026\/04\/KOCBEK-TASTING-SET.jpg","datePublished":"2026-04-13T07:27:19+00:00","dateModified":"2026-04-13T10:00:32+00:00","description":"Set, posve\u010den zna\u010dilnemu Kocbek podpisu in bogati tradiciji bu\u010dnih semen.","breadcrumb":{"@id":"https:\/\/www.heaven-hell.si\/izdelek\/kocbek-gin-experience\/#breadcrumb"},"inLanguage":"en-GB","potentialAction":[{"@type":"ReadAction","target":["https:\/\/www.heaven-hell.si\/izdelek\/kocbek-gin-experience\/"]}]},{"@type":"ImageObject","inLanguage":"en-GB","@id":"https:\/\/www.heaven-hell.si\/izdelek\/kocbek-gin-experience\/#primaryimage","url":"https:\/\/www.heaven-hell.si\/wp-content\/uploads\/2026\/04\/KOCBEK-TASTING-SET.jpg","contentUrl":"https:\/\/www.heaven-hell.si\/wp-content\/uploads\/2026\/04\/KOCBEK-TASTING-SET.jpg","width":1500,"height":1500},{"@type":"BreadcrumbList","@id":"https:\/\/www.heaven-hell.si\/izdelek\/kocbek-gin-experience\/#breadcrumb","itemListElement":[{"@type":"ListItem","position":1,"name":"Domov","item":"https:\/\/www.heaven-hell.si\/"},{"@type":"ListItem","position":2,"name":"Trgovina","item":"https:\/\/www.heaven-hell.si\/trgovina\/"},{"@type":"ListItem","position":3,"name":"Kocbek Gin Experience"}]},{"@type":"WebSite","@id":"https:\/\/www.heaven-hell.si\/#website","url":"https:\/\/www.heaven-hell.si\/","name":"Heaven &amp; Hell gin","description":"Kiss of Immortality","publisher":{"@id":"https:\/\/www.heaven-hell.si\/#organization"},"potentialAction":[{"@type":"SearchAction","target":{"@type":"EntryPoint","urlTemplate":"https:\/\/www.heaven-hell.si\/?s={search_term_string}"},"query-input":{"@type":"PropertyValueSpecification","valueRequired":true,"valueName":"search_term_string"}}],"inLanguage":"en-GB"},{"@type":["Organization","Place"],"@id":"https:\/\/www.heaven-hell.si\/#organization","name":"Kiss of Immortality d.o.o.","alternateName":"Heaven & Hell Luxury London Dry gin","url":"https:\/\/www.heaven-hell.si\/","logo":{"@id":"https:\/\/www.heaven-hell.si\/izdelek\/kocbek-gin-experience\/#local-main-organization-logo"},"image":{"@id":"https:\/\/www.heaven-hell.si\/izdelek\/kocbek-gin-experience\/#local-main-organization-logo"},"sameAs":["https:\/\/www.facebook.com\/heavenhellgin","https:\/\/www.instagram.com\/heavenhellgin\/","https:\/\/www.youtube.com\/@heavenhellgin","https:\/\/www.tiktok.com\/@heavenhellgin"],"publishingPrinciples":"https:\/\/www.heaven-hell.si\/splosni-pogoji\/","ownershipFundingInfo":"https:\/\/www.heaven-hell.si\/kontakt\/","actionableFeedbackPolicy":"https:\/\/www.heaven-hell.si\/piskotki\/","address":{"@id":"https:\/\/www.heaven-hell.si\/izdelek\/kocbek-gin-experience\/#local-main-place-address"},"geo":{"@type":"GeoCoordinates","latitude":"46.5702914","longitude":"16.334821"},"telephone":["040 979 940"],"openingHoursSpecification":{"@type":"OpeningHoursSpecification","dayOfWeek":["Monday","Tuesday","Wednesday","Thursday","Friday","Saturday","Sunday"],"opens":"00:00","closes":"23:59"},"email":"info@heaven-hell.si","areaServed":"EU","vatID":"SI72846925","taxID":"SI72846925"},{"@type":"PostalAddress","@id":"https:\/\/www.heaven-hell.si\/izdelek\/kocbek-gin-experience\/#local-main-place-address","streetAddress":"Velika Polana 151A","addressLocality":"Velika Polana","postalCode":"9225","addressRegion":"Pomurje","addressCountry":"SI"},{"@type":"ImageObject","inLanguage":"en-GB","@id":"https:\/\/www.heaven-hell.si\/izdelek\/kocbek-gin-experience\/#local-main-organization-logo","url":"https:\/\/www.heaven-hell.si\/wp-content\/uploads\/2023\/10\/heaven-hell-logo-gold-email.png","contentUrl":"https:\/\/www.heaven-hell.si\/wp-content\/uploads\/2023\/10\/heaven-hell-logo-gold-email.png","width":250,"height":104,"caption":"Kiss of Immortality d.o.o."}]},"product_price_amount":"52.00","product_price_currency":"EUR","og_availability":"instock","product_availability":"instock","product_retailer_item_id":"3830082063160","product_condition":"new","geo.placename":"Velika Polana","geo.position":{"lat":"46.5702914","long":"16.334821"},"geo.region":"Slovenia"},"_links":{"self":[{"href":"https:\/\/www.heaven-hell.si\/en\/wp-json\/wp\/v2\/product\/19056","targetHints":{"allow":["GET"]}}],"collection":[{"href":"https:\/\/www.heaven-hell.si\/en\/wp-json\/wp\/v2\/product"}],"about":[{"href":"https:\/\/www.heaven-hell.si\/en\/wp-json\/wp\/v2\/types\/product"}],"replies":[{"embeddable":true,"href":"https:\/\/www.heaven-hell.si\/en\/wp-json\/wp\/v2\/comments?post=19056"}],"version-history":[{"count":1,"href":"https:\/\/www.heaven-hell.si\/en\/wp-json\/wp\/v2\/product\/19056\/revisions"}],"predecessor-version":[{"id":19061,"href":"https:\/\/www.heaven-hell.si\/en\/wp-json\/wp\/v2\/product\/19056\/revisions\/19061"}],"wp:featuredmedia":[{"embeddable":true,"href":"https:\/\/www.heaven-hell.si\/en\/wp-json\/wp\/v2\/media\/19060"}],"wp:attachment":[{"href":"https:\/\/www.heaven-hell.si\/en\/wp-json\/wp\/v2\/media?parent=19056"}],"wp:term":[{"taxonomy":"product_brand","embeddable":true,"href":"https:\/\/www.heaven-hell.si\/en\/wp-json\/wp\/v2\/product_brand?post=19056"},{"taxonomy":"product_cat","embeddable":true,"href":"https:\/\/www.heaven-hell.si\/en\/wp-json\/wp\/v2\/product_cat?post=19056"},{"taxonomy":"product_tag","embeddable":true,"href":"https:\/\/www.heaven-hell.si\/en\/wp-json\/wp\/v2\/product_tag?post=19056"}],"curies":[{"name":"wp","href":"https:\/\/api.w.org\/{rel}","templated":true}]}}