{"id":19020,"date":"2026-04-03T11:10:24","date_gmt":"2026-04-03T10:10:24","guid":{"rendered":"https:\/\/www.heaven-hell.si\/?post_type=product&#038;p=19020"},"modified":"2026-04-13T12:47:39","modified_gmt":"2026-04-13T11:47:39","slug":"limited-edition-gin-tasting-box","status":"publish","type":"product","link":"https:\/\/www.heaven-hell.si\/en\/izdelek\/limited-edition-gin-tasting-box\/","title":{"rendered":"Limited Edition Gin Tasting Box"},"content":{"rendered":"<div data-elementor-type=\"product-post\" data-elementor-id=\"19020\" class=\"elementor elementor-19020\" data-elementor-post-type=\"product\">\n\t\t\t\t\t\t<section class=\"wd-negative-gap elementor-section elementor-top-section elementor-element elementor-element-4f22143 wd-section-stretch elementor-section-boxed elementor-section-height-default elementor-section-height-default\" data-id=\"4f22143\" data-element_type=\"section\" data-e-type=\"section\">\n\t\t\t\t\t\t<div class=\"elementor-container elementor-column-gap-no\">\n\t\t\t\t\t<div class=\"elementor-column elementor-col-100 elementor-top-column elementor-element elementor-element-7eb002f\" data-id=\"7eb002f\" data-element_type=\"column\" data-e-type=\"column\" data-settings=\"{&quot;background_background&quot;:&quot;classic&quot;}\">\n\t\t\t<div class=\"elementor-widget-wrap elementor-element-populated\">\n\t\t\t\t\t\t<div class=\"elementor-element elementor-element-0f0d4bb elementor-widget elementor-widget-wd_text_block\" data-id=\"0f0d4bb\" data-element_type=\"widget\" data-e-type=\"widget\" data-widget_type=\"wd_text_block.default\">\n\t\t\t\t<div class=\"elementor-widget-container\">\n\t\t\t\t\t\t\t<div class=\"wd-text-block reset-last-child text-left\">\n\t\t\t\n\t\t\t<p>Odkrijte svet redkih okusov z ekskluzivnim <strong>Heaven &amp; Hell Limited Edition Gin Tasting Box<\/strong> \u2013 luksuznim degustacijskim setom, ustvarjenim za prave poznavalce gina.<\/p><p>Ta skrbno zasnovan tasting box zdru\u017euje <strong>4 limited edition gine<\/strong> in na\u0161 prepoznavni <strong>Gold 47 Premium London Dry Gin<\/strong>, s katerim se je za\u010dela zgodba Heaven &amp; Hell. Vsaka stekleni\u010dka skriva svojo unikatno aromati\u010dno zgodbo, navdihnjeno z razli\u010dnimi kulturami, botanikalnimi elementi in drzno ustvarjalnostjo.<\/p><p><strong>V setu prejmete 5 premium ginov:<\/strong><\/p><ul><li><strong>Mulberry Signature<\/strong> \u2013 elegantne note murve, vanilije in sladke pomaran\u010de<\/li><li><strong>Siberian Sapphire<\/strong> \u2013 sadna sve\u017eina sibirske borovnice<\/li><li><strong>Dubai Oud<\/strong> \u2013 luksuzne orientalske note ouda in toplih za\u010dimb<\/li><li><strong>Kocbek Royal<\/strong> \u2013 prefinjene note bu\u010dnih semen in ekskluzivnih skrivnih sestavin<\/li><li><strong>Gold 47<\/strong> \u2013 podpisni premium London Dry gin s 47 botani\u010dnimi okusi<\/li><\/ul><p><strong>Kaj naredi ta set poseben?<\/strong><\/p><p>Gre za <strong>omejeno serijo<\/strong>, destilirano v majhnih koli\u010dinah, namenjeno ljubiteljem redkih in drznih okusov. Vsak gin predstavlja svojo interpretacijo:<\/p><ul><li>sve\u017eine<\/li><li>sladkosti<\/li><li>\u010distosti<\/li><li>za\u010dimbe<\/li><li>ognja<\/li><li>jasnosti<\/li><\/ul><p>Od sadnih in floralnih not do globokih orientalskih arom \u2013 ta kolekcija je pravo degustacijsko potovanje.<\/p><p>V vsaki \u0161katli je prilo\u017eena tudi elegantna knji\u017eica z opisi vseh ginov, njihovimi aromati\u010dnimi profili, glavnimi botanikalnimi notami in priporo\u010dili za popolno degustacijsko izku\u0161njo. Tako lahko vsak okus do\u017eivite \u0161e bolj poglobljeno in odkrijete zgodbo, ki stoji za posamezno stekleni\u010dko.<\/p><p><strong>Popolno darilo<\/strong><\/p><p>Limited Edition Tasting Box je idealna izbira za:<\/p><ul><li>darilo za ljubitelje premium ginov<\/li><li>poslovna darila<\/li><li>posebne prilo\u017enosti<\/li><li>luksuzno degustacijo doma<\/li><\/ul><p>Elegantna embala\u017ea in skrbno izbrane stekleni\u010dke ustvarijo izku\u0161njo, ki presega obi\u010dajen degustacijski set.<\/p>\n\t\t\t\t\t<\/div>\n\t\t\t\t\t\t<\/div>\n\t\t\t\t<\/div>\n\t\t\t\t\t<\/div>\n\t\t<\/div>\n\t\t\t\t\t<\/div>\n\t\t<\/section>\n\t\t\t\t<section class=\"wd-negative-gap elementor-section elementor-top-section elementor-element elementor-element-d8f0500 wd-section-stretch elementor-section-boxed elementor-section-height-default elementor-section-height-default\" data-id=\"d8f0500\" data-element_type=\"section\" data-e-type=\"section\">\n\t\t\t\t\t\t<div class=\"elementor-container elementor-column-gap-no\">\n\t\t\t\t\t<div class=\"elementor-column elementor-col-100 elementor-top-column elementor-element elementor-element-7dd3a5d\" data-id=\"7dd3a5d\" data-element_type=\"column\" data-e-type=\"column\" data-settings=\"{&quot;background_background&quot;:&quot;classic&quot;}\">\n\t\t\t<div class=\"elementor-widget-wrap elementor-element-populated\">\n\t\t\t\t\t\t<div class=\"elementor-element elementor-element-39e52cc elementor-widget elementor-widget-wd_text_block\" data-id=\"39e52cc\" data-element_type=\"widget\" data-e-type=\"widget\" data-widget_type=\"wd_text_block.default\">\n\t\t\t\t<div class=\"elementor-widget-container\">\n\t\t\t\t\t\t\t<div class=\"wd-text-block reset-last-child text-left color-title\">\n\t\t\t\n\t\t\t<p style=\"text-align: center;\">HEAVEN &amp; HELL<\/p>\n\t\t\t\t\t<\/div>\n\t\t\t\t\t\t<\/div>\n\t\t\t\t<\/div>\n\t\t\t\t<div class=\"elementor-element elementor-element-71e9ff8 elementor-widget elementor-widget-heading\" data-id=\"71e9ff8\" data-element_type=\"widget\" data-e-type=\"widget\" data-widget_type=\"heading.default\">\n\t\t\t\t<div class=\"elementor-widget-container\">\n\t\t\t\t\t<h4 class=\"elementor-heading-title elementor-size-small\">The Minister of Health warns: Excessive alcohol consumption causes health damage!<\/h4>\t\t\t\t<\/div>\n\t\t\t\t<\/div>\n\t\t\t\t\t<\/div>\n\t\t<\/div>\n\t\t\t\t\t<\/div>\n\t\t<\/section>\n\t\t\t\t<\/div>","protected":false},"excerpt":{"rendered":"<p><strong>V setu prejmete 5 premium ginov:<\/strong><\/p>\n<ul>\n<li><strong>Mulberry Signature<\/strong> \u2013 elegantne note murve, vanilije in sladke pomaran\u010de<\/li>\n<li><strong>Siberian Sapphire<\/strong> \u2013 sadna sve\u017eina sibirske borovnice<\/li>\n<li><strong>Dubai Oud<\/strong> \u2013 luksuzne orientalske note ouda in toplih za\u010dimb<\/li>\n<li><strong>Kocbek Royal<\/strong> \u2013 prefinjene note bu\u010dnih semen in ekskluzivnih skrivnih sestavin<\/li>\n<li><strong>Gold 47<\/strong> \u2013 podpisni premium London Dry gin s 47 botani\u010dnimi okusi<\/li>\n<\/ul>","protected":false},"featured_media":19023,"comment_status":"closed","ping_status":"closed","template":"","meta":{"ngg_post_thumbnail":0},"product_brand":[],"product_cat":[73],"product_tag":[],"class_list":{"0":"post-19020","1":"product","2":"type-product","3":"status-publish","4":"has-post-thumbnail","6":"product_cat-darilni-seti","8":"first","9":"instock","10":"taxable","11":"shipping-taxable","12":"purchasable","13":"product-type-simple"},"yoast_head":"<!-- This site is optimized with the Yoast SEO Premium plugin v21.4 (Yoast SEO v27.2) - https:\/\/yoast.com\/product\/yoast-seo-premium-wordpress\/ -->\n<title>Limited Edition Gin Tasting Box - Heaven &amp; Hell Gin<\/title>\n<meta name=\"description\" content=\"Odkrijte svet redkih okusov z ekskluzivnim Heaven &amp; Hell Limited Edition Gin Tasting Box \u2013 luksuznim degustacijskim setom, ustvarjenim za prave poznavalce gina.\" \/>\n<meta name=\"robots\" content=\"index, follow, max-snippet:-1, max-image-preview:large, max-video-preview:-1\" \/>\n<link rel=\"canonical\" href=\"https:\/\/www.heaven-hell.si\/en\/the-product\/limited-edition-gin-tasting-box\/\" \/>\n<meta property=\"og:locale\" content=\"en_GB\" \/>\n<meta property=\"og:type\" content=\"article\" \/>\n<meta property=\"og:title\" content=\"Limited Edition Gin Tasting Box\" \/>\n<meta property=\"og:description\" content=\"Odkrijte svet redkih okusov z ekskluzivnim Heaven &amp; Hell Limited Edition Gin Tasting Box \u2013 luksuznim degustacijskim setom, ustvarjenim za prave poznavalce gina.\" \/>\n<meta property=\"og:url\" content=\"https:\/\/www.heaven-hell.si\/en\/the-product\/limited-edition-gin-tasting-box\/\" \/>\n<meta property=\"og:site_name\" content=\"Heaven &amp; Hell Gin\" \/>\n<meta property=\"article:publisher\" content=\"https:\/\/www.facebook.com\/heavenhellgin\" \/>\n<meta property=\"article:modified_time\" content=\"2026-04-13T11:47:39+00:00\" \/>\n<meta property=\"og:image\" content=\"https:\/\/www.heaven-hell.si\/wp-content\/uploads\/2026\/04\/3_2.jpg\" \/>\n\t<meta property=\"og:image:width\" content=\"1200\" \/>\n\t<meta property=\"og:image:height\" content=\"1200\" \/>\n\t<meta property=\"og:image:type\" content=\"image\/jpeg\" \/>\n<script type=\"application\/ld+json\" class=\"yoast-schema-graph\">{\"@context\":\"https:\/\/schema.org\",\"@graph\":[{\"@type\":\"WebPage\",\"@id\":\"https:\/\/www.heaven-hell.si\/izdelek\/limited-edition-gin-tasting-box\/\",\"url\":\"https:\/\/www.heaven-hell.si\/izdelek\/limited-edition-gin-tasting-box\/\",\"name\":\"Limited Edition Gin Tasting Box - Heaven &amp; Hell Gin\",\"isPartOf\":{\"@id\":\"https:\/\/www.heaven-hell.si\/#website\"},\"primaryImageOfPage\":{\"@id\":\"https:\/\/www.heaven-hell.si\/izdelek\/limited-edition-gin-tasting-box\/#primaryimage\"},\"image\":{\"@id\":\"https:\/\/www.heaven-hell.si\/izdelek\/limited-edition-gin-tasting-box\/#primaryimage\"},\"thumbnailUrl\":\"https:\/\/www.heaven-hell.si\/wp-content\/uploads\/2026\/04\/3_2.jpg\",\"datePublished\":\"2026-04-03T10:10:24+00:00\",\"dateModified\":\"2026-04-13T11:47:39+00:00\",\"description\":\"Odkrijte svet redkih okusov z ekskluzivnim Heaven & Hell Limited Edition Gin Tasting Box \u2013 luksuznim degustacijskim setom, ustvarjenim za prave poznavalce gina.\",\"breadcrumb\":{\"@id\":\"https:\/\/www.heaven-hell.si\/izdelek\/limited-edition-gin-tasting-box\/#breadcrumb\"},\"inLanguage\":\"en-GB\",\"potentialAction\":[{\"@type\":\"ReadAction\",\"target\":[\"https:\/\/www.heaven-hell.si\/izdelek\/limited-edition-gin-tasting-box\/\"]}]},{\"@type\":\"ImageObject\",\"inLanguage\":\"en-GB\",\"@id\":\"https:\/\/www.heaven-hell.si\/izdelek\/limited-edition-gin-tasting-box\/#primaryimage\",\"url\":\"https:\/\/www.heaven-hell.si\/wp-content\/uploads\/2026\/04\/3_2.jpg\",\"contentUrl\":\"https:\/\/www.heaven-hell.si\/wp-content\/uploads\/2026\/04\/3_2.jpg\",\"width\":1200,\"height\":1200},{\"@type\":\"BreadcrumbList\",\"@id\":\"https:\/\/www.heaven-hell.si\/izdelek\/limited-edition-gin-tasting-box\/#breadcrumb\",\"itemListElement\":[{\"@type\":\"ListItem\",\"position\":1,\"name\":\"Domov\",\"item\":\"https:\/\/www.heaven-hell.si\/\"},{\"@type\":\"ListItem\",\"position\":2,\"name\":\"Trgovina\",\"item\":\"https:\/\/www.heaven-hell.si\/trgovina\/\"},{\"@type\":\"ListItem\",\"position\":3,\"name\":\"Limited Edition Gin Tasting Box\"}]},{\"@type\":\"WebSite\",\"@id\":\"https:\/\/www.heaven-hell.si\/#website\",\"url\":\"https:\/\/www.heaven-hell.si\/\",\"name\":\"Heaven & Hell gin\",\"description\":\"Kiss of Immortality\",\"publisher\":{\"@id\":\"https:\/\/www.heaven-hell.si\/#organization\"},\"potentialAction\":[{\"@type\":\"SearchAction\",\"target\":{\"@type\":\"EntryPoint\",\"urlTemplate\":\"https:\/\/www.heaven-hell.si\/?s={search_term_string}\"},\"query-input\":{\"@type\":\"PropertyValueSpecification\",\"valueRequired\":true,\"valueName\":\"search_term_string\"}}],\"inLanguage\":\"en-GB\"},{\"@type\":[\"Organization\",\"Place\"],\"@id\":\"https:\/\/www.heaven-hell.si\/#organization\",\"name\":\"Kiss of Immortality d.o.o.\",\"alternateName\":\"Heaven & Hell Luxury London Dry gin\",\"url\":\"https:\/\/www.heaven-hell.si\/\",\"logo\":{\"@id\":\"https:\/\/www.heaven-hell.si\/izdelek\/limited-edition-gin-tasting-box\/#local-main-organization-logo\"},\"image\":{\"@id\":\"https:\/\/www.heaven-hell.si\/izdelek\/limited-edition-gin-tasting-box\/#local-main-organization-logo\"},\"sameAs\":[\"https:\/\/www.facebook.com\/heavenhellgin\",\"https:\/\/www.instagram.com\/heavenhellgin\/\",\"https:\/\/www.youtube.com\/@heavenhellgin\",\"https:\/\/www.tiktok.com\/@heavenhellgin\"],\"publishingPrinciples\":\"https:\/\/www.heaven-hell.si\/splosni-pogoji\/\",\"ownershipFundingInfo\":\"https:\/\/www.heaven-hell.si\/kontakt\/\",\"actionableFeedbackPolicy\":\"https:\/\/www.heaven-hell.si\/piskotki\/\",\"address\":{\"@id\":\"https:\/\/www.heaven-hell.si\/izdelek\/limited-edition-gin-tasting-box\/#local-main-place-address\"},\"geo\":{\"@type\":\"GeoCoordinates\",\"latitude\":\"46.5702914\",\"longitude\":\"16.334821\"},\"telephone\":[\"040 979 940\"],\"openingHoursSpecification\":{\"@type\":\"OpeningHoursSpecification\",\"dayOfWeek\":[\"Monday\",\"Tuesday\",\"Wednesday\",\"Thursday\",\"Friday\",\"Saturday\",\"Sunday\"],\"opens\":\"00:00\",\"closes\":\"23:59\"},\"email\":\"info@heaven-hell.si\",\"areaServed\":\"EU\",\"vatID\":\"SI72846925\",\"taxID\":\"SI72846925\"},{\"@type\":\"PostalAddress\",\"@id\":\"https:\/\/www.heaven-hell.si\/izdelek\/limited-edition-gin-tasting-box\/#local-main-place-address\",\"streetAddress\":\"Velika Polana 151A\",\"addressLocality\":\"Velika Polana\",\"postalCode\":\"9225\",\"addressRegion\":\"Pomurje\",\"addressCountry\":\"SI\"},{\"@type\":\"ImageObject\",\"inLanguage\":\"en-GB\",\"@id\":\"https:\/\/www.heaven-hell.si\/izdelek\/limited-edition-gin-tasting-box\/#local-main-organization-logo\",\"url\":\"https:\/\/www.heaven-hell.si\/wp-content\/uploads\/2023\/10\/heaven-hell-logo-gold-email.png\",\"contentUrl\":\"https:\/\/www.heaven-hell.si\/wp-content\/uploads\/2023\/10\/heaven-hell-logo-gold-email.png\",\"width\":250,\"height\":104,\"caption\":\"Kiss of Immortality d.o.o.\"}]}<\/script>\n<meta property=\"product:price:amount\" content=\"147.00\" \/>\n<meta property=\"product:price:currency\" content=\"EUR\" \/>\n<meta property=\"og:availability\" content=\"instock\" \/>\n<meta property=\"product:availability\" content=\"instock\" \/>\n<meta property=\"product:retailer_item_id\" content=\"3830082063115\" \/>\n<meta property=\"product:condition\" content=\"new\" \/>\n<meta name=\"geo.placename\" content=\"Velika Polana\" \/>\n<meta name=\"geo.position\" content=\"46.5702914;16.334821\" \/>\n<meta name=\"geo.region\" content=\"Slovenia\" \/>\n<!-- \/ Yoast SEO Premium plugin. -->","yoast_head_json":{"title":"Limited Edition Gin Tasting Box - Heaven &amp; Hell Gin","description":"Odkrijte svet redkih okusov z ekskluzivnim Heaven & Hell Limited Edition Gin Tasting Box \u2013 luksuznim degustacijskim setom, ustvarjenim za prave poznavalce gina.","robots":{"index":"index","follow":"follow","max-snippet":"max-snippet:-1","max-image-preview":"max-image-preview:large","max-video-preview":"max-video-preview:-1"},"canonical":"https:\/\/www.heaven-hell.si\/en\/the-product\/limited-edition-gin-tasting-box\/","og_locale":"en_GB","og_type":"article","og_title":"Limited Edition Gin Tasting Box","og_description":"Odkrijte svet redkih okusov z ekskluzivnim Heaven & Hell Limited Edition Gin Tasting Box \u2013 luksuznim degustacijskim setom, ustvarjenim za prave poznavalce gina.","og_url":"https:\/\/www.heaven-hell.si\/en\/the-product\/limited-edition-gin-tasting-box\/","og_site_name":"Heaven &amp; Hell Gin","article_publisher":"https:\/\/www.facebook.com\/heavenhellgin","article_modified_time":"2026-04-13T11:47:39+00:00","og_image":[{"width":1200,"height":1200,"url":"https:\/\/www.heaven-hell.si\/wp-content\/uploads\/2026\/04\/3_2.jpg","type":"image\/jpeg"}],"schema":{"@context":"https:\/\/schema.org","@graph":[{"@type":"WebPage","@id":"https:\/\/www.heaven-hell.si\/izdelek\/limited-edition-gin-tasting-box\/","url":"https:\/\/www.heaven-hell.si\/izdelek\/limited-edition-gin-tasting-box\/","name":"Limited Edition Gin Tasting Box - Heaven &amp; Hell Gin","isPartOf":{"@id":"https:\/\/www.heaven-hell.si\/#website"},"primaryImageOfPage":{"@id":"https:\/\/www.heaven-hell.si\/izdelek\/limited-edition-gin-tasting-box\/#primaryimage"},"image":{"@id":"https:\/\/www.heaven-hell.si\/izdelek\/limited-edition-gin-tasting-box\/#primaryimage"},"thumbnailUrl":"https:\/\/www.heaven-hell.si\/wp-content\/uploads\/2026\/04\/3_2.jpg","datePublished":"2026-04-03T10:10:24+00:00","dateModified":"2026-04-13T11:47:39+00:00","description":"Odkrijte svet redkih okusov z ekskluzivnim Heaven & Hell Limited Edition Gin Tasting Box \u2013 luksuznim degustacijskim setom, ustvarjenim za prave poznavalce gina.","breadcrumb":{"@id":"https:\/\/www.heaven-hell.si\/izdelek\/limited-edition-gin-tasting-box\/#breadcrumb"},"inLanguage":"en-GB","potentialAction":[{"@type":"ReadAction","target":["https:\/\/www.heaven-hell.si\/izdelek\/limited-edition-gin-tasting-box\/"]}]},{"@type":"ImageObject","inLanguage":"en-GB","@id":"https:\/\/www.heaven-hell.si\/izdelek\/limited-edition-gin-tasting-box\/#primaryimage","url":"https:\/\/www.heaven-hell.si\/wp-content\/uploads\/2026\/04\/3_2.jpg","contentUrl":"https:\/\/www.heaven-hell.si\/wp-content\/uploads\/2026\/04\/3_2.jpg","width":1200,"height":1200},{"@type":"BreadcrumbList","@id":"https:\/\/www.heaven-hell.si\/izdelek\/limited-edition-gin-tasting-box\/#breadcrumb","itemListElement":[{"@type":"ListItem","position":1,"name":"Domov","item":"https:\/\/www.heaven-hell.si\/"},{"@type":"ListItem","position":2,"name":"Trgovina","item":"https:\/\/www.heaven-hell.si\/trgovina\/"},{"@type":"ListItem","position":3,"name":"Limited Edition Gin Tasting Box"}]},{"@type":"WebSite","@id":"https:\/\/www.heaven-hell.si\/#website","url":"https:\/\/www.heaven-hell.si\/","name":"Heaven &amp; Hell gin","description":"Kiss of Immortality","publisher":{"@id":"https:\/\/www.heaven-hell.si\/#organization"},"potentialAction":[{"@type":"SearchAction","target":{"@type":"EntryPoint","urlTemplate":"https:\/\/www.heaven-hell.si\/?s={search_term_string}"},"query-input":{"@type":"PropertyValueSpecification","valueRequired":true,"valueName":"search_term_string"}}],"inLanguage":"en-GB"},{"@type":["Organization","Place"],"@id":"https:\/\/www.heaven-hell.si\/#organization","name":"Kiss of Immortality d.o.o.","alternateName":"Heaven & Hell Luxury London Dry gin","url":"https:\/\/www.heaven-hell.si\/","logo":{"@id":"https:\/\/www.heaven-hell.si\/izdelek\/limited-edition-gin-tasting-box\/#local-main-organization-logo"},"image":{"@id":"https:\/\/www.heaven-hell.si\/izdelek\/limited-edition-gin-tasting-box\/#local-main-organization-logo"},"sameAs":["https:\/\/www.facebook.com\/heavenhellgin","https:\/\/www.instagram.com\/heavenhellgin\/","https:\/\/www.youtube.com\/@heavenhellgin","https:\/\/www.tiktok.com\/@heavenhellgin"],"publishingPrinciples":"https:\/\/www.heaven-hell.si\/splosni-pogoji\/","ownershipFundingInfo":"https:\/\/www.heaven-hell.si\/kontakt\/","actionableFeedbackPolicy":"https:\/\/www.heaven-hell.si\/piskotki\/","address":{"@id":"https:\/\/www.heaven-hell.si\/izdelek\/limited-edition-gin-tasting-box\/#local-main-place-address"},"geo":{"@type":"GeoCoordinates","latitude":"46.5702914","longitude":"16.334821"},"telephone":["040 979 940"],"openingHoursSpecification":{"@type":"OpeningHoursSpecification","dayOfWeek":["Monday","Tuesday","Wednesday","Thursday","Friday","Saturday","Sunday"],"opens":"00:00","closes":"23:59"},"email":"info@heaven-hell.si","areaServed":"EU","vatID":"SI72846925","taxID":"SI72846925"},{"@type":"PostalAddress","@id":"https:\/\/www.heaven-hell.si\/izdelek\/limited-edition-gin-tasting-box\/#local-main-place-address","streetAddress":"Velika Polana 151A","addressLocality":"Velika Polana","postalCode":"9225","addressRegion":"Pomurje","addressCountry":"SI"},{"@type":"ImageObject","inLanguage":"en-GB","@id":"https:\/\/www.heaven-hell.si\/izdelek\/limited-edition-gin-tasting-box\/#local-main-organization-logo","url":"https:\/\/www.heaven-hell.si\/wp-content\/uploads\/2023\/10\/heaven-hell-logo-gold-email.png","contentUrl":"https:\/\/www.heaven-hell.si\/wp-content\/uploads\/2023\/10\/heaven-hell-logo-gold-email.png","width":250,"height":104,"caption":"Kiss of Immortality d.o.o."}]},"product_price_amount":"147.00","product_price_currency":"EUR","og_availability":"instock","product_availability":"instock","product_retailer_item_id":"3830082063115","product_condition":"new","geo.placename":"Velika Polana","geo.position":{"lat":"46.5702914","long":"16.334821"},"geo.region":"Slovenia"},"_links":{"self":[{"href":"https:\/\/www.heaven-hell.si\/en\/wp-json\/wp\/v2\/product\/19020","targetHints":{"allow":["GET"]}}],"collection":[{"href":"https:\/\/www.heaven-hell.si\/en\/wp-json\/wp\/v2\/product"}],"about":[{"href":"https:\/\/www.heaven-hell.si\/en\/wp-json\/wp\/v2\/types\/product"}],"replies":[{"embeddable":true,"href":"https:\/\/www.heaven-hell.si\/en\/wp-json\/wp\/v2\/comments?post=19020"}],"version-history":[{"count":5,"href":"https:\/\/www.heaven-hell.si\/en\/wp-json\/wp\/v2\/product\/19020\/revisions"}],"predecessor-version":[{"id":19029,"href":"https:\/\/www.heaven-hell.si\/en\/wp-json\/wp\/v2\/product\/19020\/revisions\/19029"}],"wp:featuredmedia":[{"embeddable":true,"href":"https:\/\/www.heaven-hell.si\/en\/wp-json\/wp\/v2\/media\/19023"}],"wp:attachment":[{"href":"https:\/\/www.heaven-hell.si\/en\/wp-json\/wp\/v2\/media?parent=19020"}],"wp:term":[{"taxonomy":"product_brand","embeddable":true,"href":"https:\/\/www.heaven-hell.si\/en\/wp-json\/wp\/v2\/product_brand?post=19020"},{"taxonomy":"product_cat","embeddable":true,"href":"https:\/\/www.heaven-hell.si\/en\/wp-json\/wp\/v2\/product_cat?post=19020"},{"taxonomy":"product_tag","embeddable":true,"href":"https:\/\/www.heaven-hell.si\/en\/wp-json\/wp\/v2\/product_tag?post=19020"}],"curies":[{"name":"wp","href":"https:\/\/api.w.org\/{rel}","templated":true}]}}