{"id":19000,"date":"2026-04-03T09:41:26","date_gmt":"2026-04-03T08:41:26","guid":{"rendered":"https:\/\/www.heaven-hell.si\/?post_type=product&#038;p=19000"},"modified":"2026-04-03T12:07:52","modified_gmt":"2026-04-03T11:07:52","slug":"kandirane-bucne-palcke-z-ginom","status":"publish","type":"product","link":"https:\/\/www.heaven-hell.si\/en\/the-product\/kandirane-bucne-palcke-z-ginom\/","title":{"rendered":"Kandirane bu\u010dne pal\u010dke z ginom"},"content":{"rendered":"<div data-elementor-type=\"product-post\" data-elementor-id=\"19000\" class=\"elementor elementor-19000\" data-elementor-post-type=\"product\">\n\t\t\t\t<div class=\"elementor-element elementor-element-3416a92 e-flex e-con-boxed e-con e-parent\" data-id=\"3416a92\" data-element_type=\"container\">\n\t\t\t\t\t<div class=\"e-con-inner\">\n\t\t\t\t<div class=\"elementor-element elementor-element-b28df28 elementor-widget elementor-widget-wd_text_block\" data-id=\"b28df28\" data-element_type=\"widget\" data-widget_type=\"wd_text_block.default\">\n\t\t\t\t<div class=\"elementor-widget-container\">\n\t\t\t\t\t\t\t<div class=\"wd-text-block reset-last-child text-left\">\n\t\t\t\n\t\t\t<p><strong>Ingredients<\/strong><br \/>Maslena bu\u010da, sladkor, citronska kislina, gin (1,6 %), sulfiti.<\/p><p><strong>Alergeni in opozorila<\/strong><br \/>Vsebuje sulfite. <strong>Lahko vsebuje sledove mleka, ore\u0161kov, sezama in \u017eit, ki vsebujejo gluten.<\/strong> Izdelek vsebuje <strong>alkohol <\/strong>(cca 3,8 %).<\/p><p><strong>Neto koli\u010dina:<\/strong> 90 g<br \/><strong>Na\u010din shranjevanja:<\/strong> hraniti v suhem in hladnem prostoru, za\u0161\u010diteno pred son\u010dno svetlobo<\/p><p><strong>Proizvajalec<\/strong><br \/>SKUPINA HUDO DOBRO, Renkovci 8, 9224 Turni\u0161\u010de<br \/>T: 040 866 430<br \/>E: info@hudo-dobro.si<\/p><p><strong>Poreklo<\/strong><br \/>Slovenija<\/p><p><strong>Hranilne vrednosti na 100 g<\/strong><br \/>Energijska vrednost: 1335 kJ \/ 314 kCal<br \/>Ma\u0161\u010dobe: 0,5 g<br \/>od tega nasi\u010dene ma\u0161\u010dobe: 0,1 g<br \/>Ogljikovi hidrati: 77 g<br \/>od tega sladkorji: 74 g<br \/>Beljakovine: 1,7 g<br \/>Sol: 0,1 g<\/p>\n\t\t\t\t\t<\/div>\n\t\t\t\t\t\t<\/div>\n\t\t\t\t<\/div>\n\t\t\t\t\t<\/div>\n\t\t\t\t<\/div>\n\t\t\t\t<section class=\"wd-negative-gap elementor-section elementor-top-section elementor-element elementor-element-4f22143 wd-section-stretch elementor-section-boxed elementor-section-height-default elementor-section-height-default\" data-id=\"4f22143\" data-element_type=\"section\">\n\t\t\t\t\t\t<div class=\"elementor-container elementor-column-gap-no\">\n\t\t\t\t\t<div class=\"elementor-column elementor-col-100 elementor-top-column elementor-element elementor-element-7eb002f\" data-id=\"7eb002f\" data-element_type=\"column\" data-settings=\"{&quot;background_background&quot;:&quot;classic&quot;}\">\n\t\t\t<div class=\"elementor-widget-wrap elementor-element-populated\">\n\t\t\t\t\t\t<div class=\"elementor-element elementor-element-48720ef elementor-widget elementor-widget-wd_text_block\" data-id=\"48720ef\" data-element_type=\"widget\" data-widget_type=\"wd_text_block.default\">\n\t\t\t\t<div class=\"elementor-widget-container\">\n\t\t\t\t\t\t\t<div class=\"wd-text-block reset-last-child text-left color-title\">\n\t\t\t\n\t\t\t<p style=\"text-align: center;\">HEAVEN &amp; HELL<\/p>\n\t\t\t\t\t<\/div>\n\t\t\t\t\t\t<\/div>\n\t\t\t\t<\/div>\n\t\t\t\t<div class=\"elementor-element elementor-element-8e0e017 elementor-widget elementor-widget-heading\" data-id=\"8e0e017\" data-element_type=\"widget\" data-widget_type=\"heading.default\">\n\t\t\t\t<div class=\"elementor-widget-container\">\n\t\t\t\t\t<h4 class=\"elementor-heading-title elementor-size-small\">The Minister of Health warns: Excessive alcohol consumption causes health damage!<\/h4>\t\t\t\t<\/div>\n\t\t\t\t<\/div>\n\t\t\t\t\t<\/div>\n\t\t<\/div>\n\t\t\t\t\t<\/div>\n\t\t<\/section>\n\t\t\t\t<\/div>","protected":false},"excerpt":{"rendered":"<p>Kandirane bu\u010dne pal\u010dke z ginom v obliki kock<\/p>\n<p><strong>Product description<\/strong><\/p>\n<p>Prefinjen sladki prigrizek iz maslene bu\u010de z dodatkom gina. Posebnost izdelka Heaven &amp; Hell je, da so bu\u010dne pal\u010dke oblikovane <strong>v privla\u010dne kandirane kocke<\/strong>, kar jim daje \u0161e bolj unikaten in premium videz. Sestavine, neto koli\u010dina, proizvajalec, poreklo in hranilne vrednosti so navedeni v deklaraciji izdelka.<\/p>\n<p><strong>Glavne prednosti izdelka<\/strong><\/p>\n<ul>\n<li><strong>bu\u010dne pal\u010dke v obliki kock<\/strong><\/li>\n<li>unikaten izdelek z dodatkom gina<\/li>\n<li>izdelano v Sloveniji<\/li>\n<li>premium embala\u017ea<\/li>\n<li>primerno za darilo<\/li>\n<li>neto koli\u010dina 90 g<\/li>\n<\/ul>","protected":false},"featured_media":19005,"comment_status":"closed","ping_status":"closed","template":"","meta":{"ngg_post_thumbnail":0},"product_brand":[],"product_cat":[169],"product_tag":[],"class_list":{"0":"post-19000","1":"product","2":"type-product","3":"status-publish","4":"has-post-thumbnail","6":"product_cat-gourmet","8":"first","9":"instock","10":"taxable","11":"shipping-taxable","12":"purchasable","13":"product-type-simple"},"yoast_head":"<!-- This site is optimized with the Yoast SEO Premium plugin v21.4 (Yoast SEO v27.2) - https:\/\/yoast.com\/product\/yoast-seo-premium-wordpress\/ -->\n<title>Kandirane bu\u010dne pal\u010dke z ginom - Heaven &amp; Hell Gin<\/title>\n<meta name=\"description\" content=\"Prefinjen sladki prigrizek iz maslene bu\u010de z dodatkom gina. Posebnost izdelka Heaven &amp; Hell je, da so bu\u010dne pal\u010dke oblikovane v privla\u010dne kandirane kocke, kar jim daje \u0161e bolj unikaten in premium videz.\" \/>\n<meta name=\"robots\" content=\"index, follow, max-snippet:-1, max-image-preview:large, max-video-preview:-1\" \/>\n<link rel=\"canonical\" href=\"https:\/\/www.heaven-hell.si\/en\/the-product\/kandirane-bucne-palcke-z-ginom\/\" \/>\n<meta property=\"og:locale\" content=\"en_GB\" \/>\n<meta property=\"og:type\" content=\"article\" \/>\n<meta property=\"og:title\" content=\"Kandirane bu\u010dne pal\u010dke z ginom\" \/>\n<meta property=\"og:description\" content=\"Prefinjen sladki prigrizek iz maslene bu\u010de z dodatkom gina. Posebnost izdelka Heaven &amp; Hell je, da so bu\u010dne pal\u010dke oblikovane v privla\u010dne kandirane kocke, kar jim daje \u0161e bolj unikaten in premium videz.\" \/>\n<meta property=\"og:url\" content=\"https:\/\/www.heaven-hell.si\/en\/the-product\/kandirane-bucne-palcke-z-ginom\/\" \/>\n<meta property=\"og:site_name\" content=\"Heaven &amp; Hell Gin\" \/>\n<meta property=\"article:publisher\" content=\"https:\/\/www.facebook.com\/heavenhellgin\" \/>\n<meta property=\"article:modified_time\" content=\"2026-04-03T11:07:52+00:00\" \/>\n<meta property=\"og:image\" content=\"https:\/\/www.heaven-hell.si\/wp-content\/uploads\/2026\/04\/image00016.jpg\" \/>\n\t<meta property=\"og:image:width\" content=\"1200\" \/>\n\t<meta property=\"og:image:height\" content=\"1200\" \/>\n\t<meta property=\"og:image:type\" content=\"image\/jpeg\" \/>\n<script type=\"application\/ld+json\" class=\"yoast-schema-graph\">{\"@context\":\"https:\/\/schema.org\",\"@graph\":[{\"@type\":\"WebPage\",\"@id\":\"https:\/\/www.heaven-hell.si\/izdelek\/kandirane-bucne-palcke-z-ginom\/\",\"url\":\"https:\/\/www.heaven-hell.si\/izdelek\/kandirane-bucne-palcke-z-ginom\/\",\"name\":\"Kandirane bu\u010dne pal\u010dke z ginom - Heaven &amp; Hell Gin\",\"isPartOf\":{\"@id\":\"https:\/\/www.heaven-hell.si\/#website\"},\"primaryImageOfPage\":{\"@id\":\"https:\/\/www.heaven-hell.si\/izdelek\/kandirane-bucne-palcke-z-ginom\/#primaryimage\"},\"image\":{\"@id\":\"https:\/\/www.heaven-hell.si\/izdelek\/kandirane-bucne-palcke-z-ginom\/#primaryimage\"},\"thumbnailUrl\":\"https:\/\/www.heaven-hell.si\/wp-content\/uploads\/2026\/04\/image00016.jpg\",\"datePublished\":\"2026-04-03T08:41:26+00:00\",\"dateModified\":\"2026-04-03T11:07:52+00:00\",\"description\":\"Prefinjen sladki prigrizek iz maslene bu\u010de z dodatkom gina. Posebnost izdelka Heaven & Hell je, da so bu\u010dne pal\u010dke oblikovane v privla\u010dne kandirane kocke, kar jim daje \u0161e bolj unikaten in premium videz.\",\"breadcrumb\":{\"@id\":\"https:\/\/www.heaven-hell.si\/izdelek\/kandirane-bucne-palcke-z-ginom\/#breadcrumb\"},\"inLanguage\":\"en-GB\",\"potentialAction\":[{\"@type\":\"ReadAction\",\"target\":[\"https:\/\/www.heaven-hell.si\/izdelek\/kandirane-bucne-palcke-z-ginom\/\"]}]},{\"@type\":\"ImageObject\",\"inLanguage\":\"en-GB\",\"@id\":\"https:\/\/www.heaven-hell.si\/izdelek\/kandirane-bucne-palcke-z-ginom\/#primaryimage\",\"url\":\"https:\/\/www.heaven-hell.si\/wp-content\/uploads\/2026\/04\/image00016.jpg\",\"contentUrl\":\"https:\/\/www.heaven-hell.si\/wp-content\/uploads\/2026\/04\/image00016.jpg\",\"width\":1200,\"height\":1200},{\"@type\":\"BreadcrumbList\",\"@id\":\"https:\/\/www.heaven-hell.si\/izdelek\/kandirane-bucne-palcke-z-ginom\/#breadcrumb\",\"itemListElement\":[{\"@type\":\"ListItem\",\"position\":1,\"name\":\"Domov\",\"item\":\"https:\/\/www.heaven-hell.si\/\"},{\"@type\":\"ListItem\",\"position\":2,\"name\":\"Trgovina\",\"item\":\"https:\/\/www.heaven-hell.si\/trgovina\/\"},{\"@type\":\"ListItem\",\"position\":3,\"name\":\"Kandirane bu\u010dne pal\u010dke z ginom\"}]},{\"@type\":\"WebSite\",\"@id\":\"https:\/\/www.heaven-hell.si\/#website\",\"url\":\"https:\/\/www.heaven-hell.si\/\",\"name\":\"Heaven & Hell gin\",\"description\":\"Kiss of Immortality\",\"publisher\":{\"@id\":\"https:\/\/www.heaven-hell.si\/#organization\"},\"potentialAction\":[{\"@type\":\"SearchAction\",\"target\":{\"@type\":\"EntryPoint\",\"urlTemplate\":\"https:\/\/www.heaven-hell.si\/?s={search_term_string}\"},\"query-input\":{\"@type\":\"PropertyValueSpecification\",\"valueRequired\":true,\"valueName\":\"search_term_string\"}}],\"inLanguage\":\"en-GB\"},{\"@type\":[\"Organization\",\"Place\"],\"@id\":\"https:\/\/www.heaven-hell.si\/#organization\",\"name\":\"Kiss of Immortality d.o.o.\",\"alternateName\":\"Heaven & Hell Luxury London Dry gin\",\"url\":\"https:\/\/www.heaven-hell.si\/\",\"logo\":{\"@id\":\"https:\/\/www.heaven-hell.si\/izdelek\/kandirane-bucne-palcke-z-ginom\/#local-main-organization-logo\"},\"image\":{\"@id\":\"https:\/\/www.heaven-hell.si\/izdelek\/kandirane-bucne-palcke-z-ginom\/#local-main-organization-logo\"},\"sameAs\":[\"https:\/\/www.facebook.com\/heavenhellgin\",\"https:\/\/www.instagram.com\/heavenhellgin\/\",\"https:\/\/www.youtube.com\/@heavenhellgin\",\"https:\/\/www.tiktok.com\/@heavenhellgin\"],\"publishingPrinciples\":\"https:\/\/www.heaven-hell.si\/splosni-pogoji\/\",\"ownershipFundingInfo\":\"https:\/\/www.heaven-hell.si\/kontakt\/\",\"actionableFeedbackPolicy\":\"https:\/\/www.heaven-hell.si\/piskotki\/\",\"address\":{\"@id\":\"https:\/\/www.heaven-hell.si\/izdelek\/kandirane-bucne-palcke-z-ginom\/#local-main-place-address\"},\"geo\":{\"@type\":\"GeoCoordinates\",\"latitude\":\"46.5702914\",\"longitude\":\"16.334821\"},\"telephone\":[\"040 979 940\"],\"openingHoursSpecification\":{\"@type\":\"OpeningHoursSpecification\",\"dayOfWeek\":[\"Monday\",\"Tuesday\",\"Wednesday\",\"Thursday\",\"Friday\",\"Saturday\",\"Sunday\"],\"opens\":\"00:00\",\"closes\":\"23:59\"},\"email\":\"info@heaven-hell.si\",\"areaServed\":\"EU\",\"vatID\":\"SI72846925\",\"taxID\":\"SI72846925\"},{\"@type\":\"PostalAddress\",\"@id\":\"https:\/\/www.heaven-hell.si\/izdelek\/kandirane-bucne-palcke-z-ginom\/#local-main-place-address\",\"streetAddress\":\"Velika Polana 151A\",\"addressLocality\":\"Velika Polana\",\"postalCode\":\"9225\",\"addressRegion\":\"Pomurje\",\"addressCountry\":\"SI\"},{\"@type\":\"ImageObject\",\"inLanguage\":\"en-GB\",\"@id\":\"https:\/\/www.heaven-hell.si\/izdelek\/kandirane-bucne-palcke-z-ginom\/#local-main-organization-logo\",\"url\":\"https:\/\/www.heaven-hell.si\/wp-content\/uploads\/2023\/10\/heaven-hell-logo-gold-email.png\",\"contentUrl\":\"https:\/\/www.heaven-hell.si\/wp-content\/uploads\/2023\/10\/heaven-hell-logo-gold-email.png\",\"width\":250,\"height\":104,\"caption\":\"Kiss of Immortality d.o.o.\"}]}<\/script>\n<meta property=\"product:price:amount\" content=\"5.90\" \/>\n<meta property=\"product:price:currency\" content=\"EUR\" \/>\n<meta property=\"og:availability\" content=\"instock\" \/>\n<meta property=\"product:availability\" content=\"instock\" \/>\n<meta property=\"product:retailer_item_id\" content=\"3830082063122\" \/>\n<meta property=\"product:condition\" content=\"new\" \/>\n<meta name=\"geo.placename\" content=\"Velika Polana\" \/>\n<meta name=\"geo.position\" content=\"46.5702914;16.334821\" \/>\n<meta name=\"geo.region\" content=\"Slovenia\" \/>\n<!-- \/ Yoast SEO Premium plugin. -->","yoast_head_json":{"title":"Kandirane bu\u010dne pal\u010dke z ginom - Heaven &amp; Hell Gin","description":"Prefinjen sladki prigrizek iz maslene bu\u010de z dodatkom gina. Posebnost izdelka Heaven & Hell je, da so bu\u010dne pal\u010dke oblikovane v privla\u010dne kandirane kocke, kar jim daje \u0161e bolj unikaten in premium videz.","robots":{"index":"index","follow":"follow","max-snippet":"max-snippet:-1","max-image-preview":"max-image-preview:large","max-video-preview":"max-video-preview:-1"},"canonical":"https:\/\/www.heaven-hell.si\/en\/the-product\/kandirane-bucne-palcke-z-ginom\/","og_locale":"en_GB","og_type":"article","og_title":"Kandirane bu\u010dne pal\u010dke z ginom","og_description":"Prefinjen sladki prigrizek iz maslene bu\u010de z dodatkom gina. Posebnost izdelka Heaven & Hell je, da so bu\u010dne pal\u010dke oblikovane v privla\u010dne kandirane kocke, kar jim daje \u0161e bolj unikaten in premium videz.","og_url":"https:\/\/www.heaven-hell.si\/en\/the-product\/kandirane-bucne-palcke-z-ginom\/","og_site_name":"Heaven &amp; Hell Gin","article_publisher":"https:\/\/www.facebook.com\/heavenhellgin","article_modified_time":"2026-04-03T11:07:52+00:00","og_image":[{"width":1200,"height":1200,"url":"https:\/\/www.heaven-hell.si\/wp-content\/uploads\/2026\/04\/image00016.jpg","type":"image\/jpeg"}],"schema":{"@context":"https:\/\/schema.org","@graph":[{"@type":"WebPage","@id":"https:\/\/www.heaven-hell.si\/izdelek\/kandirane-bucne-palcke-z-ginom\/","url":"https:\/\/www.heaven-hell.si\/izdelek\/kandirane-bucne-palcke-z-ginom\/","name":"Kandirane bu\u010dne pal\u010dke z ginom - Heaven &amp; Hell Gin","isPartOf":{"@id":"https:\/\/www.heaven-hell.si\/#website"},"primaryImageOfPage":{"@id":"https:\/\/www.heaven-hell.si\/izdelek\/kandirane-bucne-palcke-z-ginom\/#primaryimage"},"image":{"@id":"https:\/\/www.heaven-hell.si\/izdelek\/kandirane-bucne-palcke-z-ginom\/#primaryimage"},"thumbnailUrl":"https:\/\/www.heaven-hell.si\/wp-content\/uploads\/2026\/04\/image00016.jpg","datePublished":"2026-04-03T08:41:26+00:00","dateModified":"2026-04-03T11:07:52+00:00","description":"Prefinjen sladki prigrizek iz maslene bu\u010de z dodatkom gina. Posebnost izdelka Heaven & Hell je, da so bu\u010dne pal\u010dke oblikovane v privla\u010dne kandirane kocke, kar jim daje \u0161e bolj unikaten in premium videz.","breadcrumb":{"@id":"https:\/\/www.heaven-hell.si\/izdelek\/kandirane-bucne-palcke-z-ginom\/#breadcrumb"},"inLanguage":"en-GB","potentialAction":[{"@type":"ReadAction","target":["https:\/\/www.heaven-hell.si\/izdelek\/kandirane-bucne-palcke-z-ginom\/"]}]},{"@type":"ImageObject","inLanguage":"en-GB","@id":"https:\/\/www.heaven-hell.si\/izdelek\/kandirane-bucne-palcke-z-ginom\/#primaryimage","url":"https:\/\/www.heaven-hell.si\/wp-content\/uploads\/2026\/04\/image00016.jpg","contentUrl":"https:\/\/www.heaven-hell.si\/wp-content\/uploads\/2026\/04\/image00016.jpg","width":1200,"height":1200},{"@type":"BreadcrumbList","@id":"https:\/\/www.heaven-hell.si\/izdelek\/kandirane-bucne-palcke-z-ginom\/#breadcrumb","itemListElement":[{"@type":"ListItem","position":1,"name":"Domov","item":"https:\/\/www.heaven-hell.si\/"},{"@type":"ListItem","position":2,"name":"Trgovina","item":"https:\/\/www.heaven-hell.si\/trgovina\/"},{"@type":"ListItem","position":3,"name":"Kandirane bu\u010dne pal\u010dke z ginom"}]},{"@type":"WebSite","@id":"https:\/\/www.heaven-hell.si\/#website","url":"https:\/\/www.heaven-hell.si\/","name":"Heaven &amp; Hell gin","description":"Kiss of Immortality","publisher":{"@id":"https:\/\/www.heaven-hell.si\/#organization"},"potentialAction":[{"@type":"SearchAction","target":{"@type":"EntryPoint","urlTemplate":"https:\/\/www.heaven-hell.si\/?s={search_term_string}"},"query-input":{"@type":"PropertyValueSpecification","valueRequired":true,"valueName":"search_term_string"}}],"inLanguage":"en-GB"},{"@type":["Organization","Place"],"@id":"https:\/\/www.heaven-hell.si\/#organization","name":"Kiss of Immortality d.o.o.","alternateName":"Heaven & Hell Luxury London Dry gin","url":"https:\/\/www.heaven-hell.si\/","logo":{"@id":"https:\/\/www.heaven-hell.si\/izdelek\/kandirane-bucne-palcke-z-ginom\/#local-main-organization-logo"},"image":{"@id":"https:\/\/www.heaven-hell.si\/izdelek\/kandirane-bucne-palcke-z-ginom\/#local-main-organization-logo"},"sameAs":["https:\/\/www.facebook.com\/heavenhellgin","https:\/\/www.instagram.com\/heavenhellgin\/","https:\/\/www.youtube.com\/@heavenhellgin","https:\/\/www.tiktok.com\/@heavenhellgin"],"publishingPrinciples":"https:\/\/www.heaven-hell.si\/splosni-pogoji\/","ownershipFundingInfo":"https:\/\/www.heaven-hell.si\/kontakt\/","actionableFeedbackPolicy":"https:\/\/www.heaven-hell.si\/piskotki\/","address":{"@id":"https:\/\/www.heaven-hell.si\/izdelek\/kandirane-bucne-palcke-z-ginom\/#local-main-place-address"},"geo":{"@type":"GeoCoordinates","latitude":"46.5702914","longitude":"16.334821"},"telephone":["040 979 940"],"openingHoursSpecification":{"@type":"OpeningHoursSpecification","dayOfWeek":["Monday","Tuesday","Wednesday","Thursday","Friday","Saturday","Sunday"],"opens":"00:00","closes":"23:59"},"email":"info@heaven-hell.si","areaServed":"EU","vatID":"SI72846925","taxID":"SI72846925"},{"@type":"PostalAddress","@id":"https:\/\/www.heaven-hell.si\/izdelek\/kandirane-bucne-palcke-z-ginom\/#local-main-place-address","streetAddress":"Velika Polana 151A","addressLocality":"Velika Polana","postalCode":"9225","addressRegion":"Pomurje","addressCountry":"SI"},{"@type":"ImageObject","inLanguage":"en-GB","@id":"https:\/\/www.heaven-hell.si\/izdelek\/kandirane-bucne-palcke-z-ginom\/#local-main-organization-logo","url":"https:\/\/www.heaven-hell.si\/wp-content\/uploads\/2023\/10\/heaven-hell-logo-gold-email.png","contentUrl":"https:\/\/www.heaven-hell.si\/wp-content\/uploads\/2023\/10\/heaven-hell-logo-gold-email.png","width":250,"height":104,"caption":"Kiss of Immortality d.o.o."}]},"product_price_amount":"5.90","product_price_currency":"EUR","og_availability":"instock","product_availability":"instock","product_retailer_item_id":"3830082063122","product_condition":"new","geo.placename":"Velika Polana","geo.position":{"lat":"46.5702914","long":"16.334821"},"geo.region":"Slovenia"},"_links":{"self":[{"href":"https:\/\/www.heaven-hell.si\/en\/wp-json\/wp\/v2\/product\/19000","targetHints":{"allow":["GET"]}}],"collection":[{"href":"https:\/\/www.heaven-hell.si\/en\/wp-json\/wp\/v2\/product"}],"about":[{"href":"https:\/\/www.heaven-hell.si\/en\/wp-json\/wp\/v2\/types\/product"}],"replies":[{"embeddable":true,"href":"https:\/\/www.heaven-hell.si\/en\/wp-json\/wp\/v2\/comments?post=19000"}],"version-history":[{"count":6,"href":"https:\/\/www.heaven-hell.si\/en\/wp-json\/wp\/v2\/product\/19000\/revisions"}],"predecessor-version":[{"id":19033,"href":"https:\/\/www.heaven-hell.si\/en\/wp-json\/wp\/v2\/product\/19000\/revisions\/19033"}],"wp:featuredmedia":[{"embeddable":true,"href":"https:\/\/www.heaven-hell.si\/en\/wp-json\/wp\/v2\/media\/19005"}],"wp:attachment":[{"href":"https:\/\/www.heaven-hell.si\/en\/wp-json\/wp\/v2\/media?parent=19000"}],"wp:term":[{"taxonomy":"product_brand","embeddable":true,"href":"https:\/\/www.heaven-hell.si\/en\/wp-json\/wp\/v2\/product_brand?post=19000"},{"taxonomy":"product_cat","embeddable":true,"href":"https:\/\/www.heaven-hell.si\/en\/wp-json\/wp\/v2\/product_cat?post=19000"},{"taxonomy":"product_tag","embeddable":true,"href":"https:\/\/www.heaven-hell.si\/en\/wp-json\/wp\/v2\/product_tag?post=19000"}],"curies":[{"name":"wp","href":"https:\/\/api.w.org\/{rel}","templated":true}]}}