{"id":18957,"date":"2026-03-12T20:22:23","date_gmt":"2026-03-12T19:22:23","guid":{"rendered":"https:\/\/www.heaven-hell.si\/?post_type=product&#038;p=18957"},"modified":"2026-03-12T20:23:56","modified_gmt":"2026-03-12T19:23:56","slug":"eldorado-sirup-meta","status":"publish","type":"product","link":"https:\/\/www.heaven-hell.si\/en\/the-product\/eldorado-sirup-meta\/","title":{"rendered":"Eldorado sirup Meta"},"content":{"rendered":"<div data-elementor-type=\"product-post\" data-elementor-id=\"18957\" class=\"elementor elementor-18957\" data-elementor-post-type=\"product\">\n\t\t\t\t<div class=\"elementor-element elementor-element-a2eabf1 e-flex e-con-boxed e-con e-parent\" data-id=\"a2eabf1\" data-element_type=\"container\">\n\t\t\t\t\t<div class=\"e-con-inner\">\n\t\t<div class=\"elementor-element elementor-element-563adde e-con-full e-flex e-con e-child\" data-id=\"563adde\" data-element_type=\"container\">\n\t\t\t\t<div class=\"elementor-element elementor-element-c00ac3d elementor-widget elementor-widget-wd_text_block\" data-id=\"c00ac3d\" data-element_type=\"widget\" data-widget_type=\"wd_text_block.default\">\n\t\t\t\t<div class=\"elementor-widget-container\">\n\t\t\t\t\t\t\t<div class=\"wd-text-block reset-last-child text-left\">\n\t\t\t\n\t\t\t<h2>Cocktail Syrup in Different Flavors<\/h2><p>Do you enjoy culinary delights and, when the occasion calls for it, do you prefer cocktails? The history of mixed drinks dates back to ancient Mesopotamia, as archaeological finds clearly confirm that mixed drinks were enjoyed even then. Of course, it took a long time for cocktails to develop into their current form and composition, and this required the emergence and spread of basic cocktail ingredients such as vodka or tequila. Of course, a cocktail cannot exist without ice, so\u00a0<strong>Several types of cocktail syrups are needed to serve certain types with their true, unadulterated flavor.<\/strong><\/p><p><strong data-start=\"523\" data-end=\"540\">Manufacturer: Bogl\u00e1rka Natural Cosmetics, Hungary;\nOrigin: EU<\/strong> Profi Lemon Kft., Cimos utca 6., 1112 Budimpe\u0161ta, Mad\u017earska<br data-start=\"584\" data-end=\"587\" \/><strong data-start=\"589\" data-end=\"601\">Poreklo:<\/strong> EU \u2013 Mad\u017earska<\/p>\n\t\t\t\t\t<\/div>\n\t\t\t\t\t\t<\/div>\n\t\t\t\t<\/div>\n\t\t\t\t<\/div>\n\t\t<div class=\"elementor-element elementor-element-ba7b369 e-con-full e-flex e-con e-child\" data-id=\"ba7b369\" data-element_type=\"container\">\n\t\t\t\t<div class=\"elementor-element elementor-element-94c58fa elementor-widget elementor-widget-wd_text_block\" data-id=\"94c58fa\" data-element_type=\"widget\" data-widget_type=\"wd_text_block.default\">\n\t\t\t\t<div class=\"elementor-widget-container\">\n\t\t\t\t\t\t\t<div class=\"wd-text-block reset-last-child text-left\">\n\t\t\t\n\t\t\t<h2>Cocktail ingredients as participants in secret recipes<\/h2><p>Cocktails and their ingredients are very diverse, precisely because there are so many types of cocktails. Luckily! This way, everyone can find drinks that suit their taste, preferences and ideas, which the mixer combines for us with the cocktail ingredients.\u00a0<strong>We need to distinguish between alcoholic and non-alcoholic cocktails, as the ingredients of cocktails can be different, but in many cases they overlap.<\/strong>\u00a0Because it is the alcohol that makes the difference! One of the main ingredients can never be anything other than ice! And of course, soda, which can be used to add strength to an already prepared cocktail, can also be used to enhance both alcoholic and non-alcoholic cocktail ingredients. It provides freshness and quenches thirst at the same time. There are also goodies such as fresh, green lime, which can also be added to any cocktail \u2013 if the taste tolerates it and does not reduce the overall effect \u2013 or syrups, fruit juices, colorings, white, brown or even cane sugar or other flavorless sweeteners.<\/p>\n\t\t\t\t\t<\/div>\n\t\t\t\t\t\t<\/div>\n\t\t\t\t<\/div>\n\t\t\t\t<\/div>\n\t\t\t\t\t<\/div>\n\t\t\t\t<\/div>\n\t\t<div class=\"elementor-element elementor-element-de22d53 e-flex e-con-boxed e-con e-parent\" data-id=\"de22d53\" data-element_type=\"container\">\n\t\t\t\t\t<div class=\"e-con-inner\">\n\t\t\t\t<div class=\"elementor-element elementor-element-2423687 elementor-widget elementor-widget-wd_text_block\" data-id=\"2423687\" data-element_type=\"widget\" data-widget_type=\"wd_text_block.default\">\n\t\t\t\t<div class=\"elementor-widget-container\">\n\t\t\t\t\t\t\t<div class=\"wd-text-block reset-last-child text-left\">\n\t\t\t\n\t\t\t<p>Made with sugar and sweetener. <b>Ingredients: <\/b>fruktozno-glukozni sirup, voda, jabol\u010dni sok 50 % (iz koncentrata), aroma, barvili: E133 , E131 , E102 , (Lahko negativno vpliva na aktivnost in pozornost pri otrocih!), konzervans: \u017eveplov dioksid (E224).\n<b>Priporo\u010dena uporaba: <\/b>priporo\u010dljivo za profesionalno in doma\u010do uporabo, predvsem za pripravo koktajlov in limonad. Pred uporabo pretresite. Priporo\u010deno razred\u010denje: 1:9. <b>Storage:<\/b> za\u0161\u010diteno pred svetlobo, na suhem in hladnem mestu. Po odprtju se lahko u\u017eiva 6 mesecev.<\/p><p>In 100 g of product:<\/p><table style=\"width: 400px; border-collapse: collapse; border-spacing: 0;\"><thead><tr><th style=\"background-color: #343434; color: #efefef; font-family: Arial, sans-serif; font-size: 12px; font-weight: bold; overflow: hidden; padding: 3px 4px; text-align: left; vertical-align: middle; word-break: normal; border: 1px solid #ffffff;\">Energy<\/th><th style=\"background-color: #343434; color: #efefef; font-family: Arial, sans-serif; font-size: 12px; font-weight: bold; overflow: hidden; padding: 3px 4px; text-align: left; vertical-align: middle; word-break: normal; border: 1px solid #ffffff;\">1172 kJ \/ 276 kcal<\/th><\/tr><\/thead><tbody><tr><td style=\"color: #efefef; font-family: Arial, sans-serif; font-size: 12px; overflow: hidden; padding: 3px 4px; text-align: left; vertical-align: middle; word-break: normal; border: 1px solid #ffffff;\">Fat<\/td><td style=\"color: #efefef; font-family: Arial, sans-serif; font-size: 12px; overflow: hidden; padding: 3px 4px; text-align: center; vertical-align: middle; word-break: normal; border: 1px solid #ffffff;\">0,0 g<\/td><\/tr><tr><td style=\"color: #efefef; font-family: Arial, sans-serif; font-size: 12px; overflow: hidden; padding: 3px 4px; text-align: left; vertical-align: middle; word-break: normal; border: 1px solid #ffffff;\">- of which saturated fat<\/td><td style=\"color: #efefef; font-family: Arial, sans-serif; font-size: 12px; overflow: hidden; padding: 3px 4px; text-align: center; vertical-align: middle; word-break: normal; border: 1px solid #ffffff;\">0,0 g<\/td><\/tr><tr><td style=\"color: #efefef; font-family: Arial, sans-serif; font-size: 12px; overflow: hidden; padding: 3px 4px; text-align: left; vertical-align: middle; word-break: normal; border: 1px solid #ffffff;\">Carbohydrates<\/td><td style=\"color: #efefef; font-family: Arial, sans-serif; font-size: 12px; overflow: hidden; padding: 3px 4px; text-align: center; vertical-align: middle; word-break: normal; border: 1px solid #ffffff;\">69 g<\/td><\/tr><tr><td style=\"color: #efefef; font-family: Arial, sans-serif; font-size: 12px; overflow: hidden; padding: 3px 4px; text-align: left; vertical-align: middle; word-break: normal; border: 1px solid #ffffff;\">- of which sugars<\/td><td style=\"color: #efefef; font-family: Arial, sans-serif; font-size: 12px; overflow: hidden; padding: 3px 4px; text-align: center; vertical-align: middle; word-break: normal; border: 1px solid #ffffff;\">59 g<\/td><\/tr><tr><td style=\"color: #efefef; font-family: Arial, sans-serif; font-size: 12px; overflow: hidden; padding: 3px 4px; text-align: left; vertical-align: middle; word-break: normal; border: 1px solid #ffffff;\">Protein<\/td><td style=\"color: #efefef; font-family: Arial, sans-serif; font-size: 12px; overflow: hidden; padding: 3px 4px; text-align: center; vertical-align: middle; word-break: normal; border: 1px solid #ffffff;\">0,0 g<\/td><\/tr><tr><td style=\"color: #efefef; font-family: Arial, sans-serif; font-size: 12px; overflow: hidden; padding: 3px 4px; text-align: left; vertical-align: middle; word-break: normal; border: 1px solid #ffffff;\">Salt<\/td><td style=\"color: #efefef; font-family: Arial, sans-serif; font-size: 12px; overflow: hidden; padding: 3px 4px; text-align: center; vertical-align: middle; word-break: normal; border: 1px solid #ffffff;\">0,0 g<\/td><\/tr><\/tbody><\/table>\n\t\t\t\t\t<\/div>\n\t\t\t\t\t\t<\/div>\n\t\t\t\t<\/div>\n\t\t\t\t\t<\/div>\n\t\t\t\t<\/div>\n\t\t<div class=\"wd-negative-gap elementor-element elementor-element-5033f78 e-flex e-con-boxed e-con e-parent\" data-id=\"5033f78\" data-element_type=\"container\">\n\t\t\t\t\t<div class=\"e-con-inner\">\n\t\t\t\t<div class=\"elementor-element elementor-element-ed7438f elementor-widget elementor-widget-spacer\" data-id=\"ed7438f\" data-element_type=\"widget\" data-widget_type=\"spacer.default\">\n\t\t\t\t<div class=\"elementor-widget-container\">\n\t\t\t\t\t\t\t<div class=\"elementor-spacer\">\n\t\t\t<div class=\"elementor-spacer-inner\"><\/div>\n\t\t<\/div>\n\t\t\t\t\t\t<\/div>\n\t\t\t\t<\/div>\n\t\t\t\t\t<\/div>\n\t\t\t\t<\/div>\n\t\t\t\t<\/div>","protected":false},"excerpt":{"rendered":"<p>Cocktail syrup in different flavorsDo you enjoy culinary delights and, when the occasion calls for it, prefer cocktails? The history of mixed drinks dates back to the<\/p>","protected":false},"featured_media":18943,"comment_status":"closed","ping_status":"closed","template":"","meta":{"ngg_post_thumbnail":0},"product_brand":[],"product_cat":[147],"product_tag":[],"class_list":{"0":"post-18957","1":"product","2":"type-product","3":"status-publish","4":"has-post-thumbnail","6":"product_cat-eldorado-sirupi","8":"first","9":"instock","10":"taxable","11":"shipping-taxable","12":"purchasable","13":"product-type-simple"},"yoast_head":"<!-- This site is optimized with the Yoast SEO Premium plugin v21.4 (Yoast SEO v27.2) - https:\/\/yoast.com\/product\/yoast-seo-premium-wordpress\/ -->\n<title>Eldorado sirup Meta - Heaven &amp; Hell Gin<\/title>\n<meta name=\"robots\" content=\"index, follow, max-snippet:-1, max-image-preview:large, max-video-preview:-1\" \/>\n<link rel=\"canonical\" href=\"https:\/\/www.heaven-hell.si\/en\/the-product\/eldorado-sirup-meta\/\" \/>\n<meta property=\"og:locale\" content=\"en_GB\" \/>\n<meta property=\"og:type\" content=\"article\" \/>\n<meta property=\"og:title\" content=\"Eldorado sirup Meta\" \/>\n<meta property=\"og:description\" content=\"Koktajl sirup v razli\u010dnih okusih Ali u\u017eivate v kulinari\u010dnih dobrotah in, kadar prilo\u017enost to zahteva, imate raje koktajle? Zgodovina me\u0161anih\" \/>\n<meta property=\"og:url\" content=\"https:\/\/www.heaven-hell.si\/en\/the-product\/eldorado-sirup-meta\/\" \/>\n<meta property=\"og:site_name\" content=\"Heaven &amp; Hell Gin\" \/>\n<meta property=\"article:publisher\" content=\"https:\/\/www.facebook.com\/heavenhellgin\" \/>\n<meta property=\"article:modified_time\" content=\"2026-03-12T19:23:56+00:00\" \/>\n<meta property=\"og:image\" content=\"https:\/\/www.heaven-hell.si\/wp-content\/uploads\/2026\/03\/meta.png\" \/>\n\t<meta property=\"og:image:width\" content=\"900\" \/>\n\t<meta property=\"og:image:height\" content=\"900\" \/>\n\t<meta property=\"og:image:type\" content=\"image\/png\" \/>\n<script type=\"application\/ld+json\" class=\"yoast-schema-graph\">{\"@context\":\"https:\/\/schema.org\",\"@graph\":[{\"@type\":\"WebPage\",\"@id\":\"https:\/\/www.heaven-hell.si\/izdelek\/eldorado-sirup-meta\/\",\"url\":\"https:\/\/www.heaven-hell.si\/izdelek\/eldorado-sirup-meta\/\",\"name\":\"Eldorado sirup Meta - Heaven &amp; Hell Gin\",\"isPartOf\":{\"@id\":\"https:\/\/www.heaven-hell.si\/#website\"},\"primaryImageOfPage\":{\"@id\":\"https:\/\/www.heaven-hell.si\/izdelek\/eldorado-sirup-meta\/#primaryimage\"},\"image\":{\"@id\":\"https:\/\/www.heaven-hell.si\/izdelek\/eldorado-sirup-meta\/#primaryimage\"},\"thumbnailUrl\":\"https:\/\/www.heaven-hell.si\/wp-content\/uploads\/2026\/03\/meta.png\",\"datePublished\":\"2026-03-12T19:22:23+00:00\",\"dateModified\":\"2026-03-12T19:23:56+00:00\",\"breadcrumb\":{\"@id\":\"https:\/\/www.heaven-hell.si\/izdelek\/eldorado-sirup-meta\/#breadcrumb\"},\"inLanguage\":\"en-GB\",\"potentialAction\":[{\"@type\":\"ReadAction\",\"target\":[\"https:\/\/www.heaven-hell.si\/izdelek\/eldorado-sirup-meta\/\"]}]},{\"@type\":\"ImageObject\",\"inLanguage\":\"en-GB\",\"@id\":\"https:\/\/www.heaven-hell.si\/izdelek\/eldorado-sirup-meta\/#primaryimage\",\"url\":\"https:\/\/www.heaven-hell.si\/wp-content\/uploads\/2026\/03\/meta.png\",\"contentUrl\":\"https:\/\/www.heaven-hell.si\/wp-content\/uploads\/2026\/03\/meta.png\",\"width\":900,\"height\":900},{\"@type\":\"BreadcrumbList\",\"@id\":\"https:\/\/www.heaven-hell.si\/izdelek\/eldorado-sirup-meta\/#breadcrumb\",\"itemListElement\":[{\"@type\":\"ListItem\",\"position\":1,\"name\":\"Domov\",\"item\":\"https:\/\/www.heaven-hell.si\/\"},{\"@type\":\"ListItem\",\"position\":2,\"name\":\"Trgovina\",\"item\":\"https:\/\/www.heaven-hell.si\/trgovina\/\"},{\"@type\":\"ListItem\",\"position\":3,\"name\":\"Eldorado sirup Meta\"}]},{\"@type\":\"WebSite\",\"@id\":\"https:\/\/www.heaven-hell.si\/#website\",\"url\":\"https:\/\/www.heaven-hell.si\/\",\"name\":\"Heaven & Hell gin\",\"description\":\"Kiss of Immortality\",\"publisher\":{\"@id\":\"https:\/\/www.heaven-hell.si\/#organization\"},\"potentialAction\":[{\"@type\":\"SearchAction\",\"target\":{\"@type\":\"EntryPoint\",\"urlTemplate\":\"https:\/\/www.heaven-hell.si\/?s={search_term_string}\"},\"query-input\":{\"@type\":\"PropertyValueSpecification\",\"valueRequired\":true,\"valueName\":\"search_term_string\"}}],\"inLanguage\":\"en-GB\"},{\"@type\":[\"Organization\",\"Place\"],\"@id\":\"https:\/\/www.heaven-hell.si\/#organization\",\"name\":\"Kiss of Immortality d.o.o.\",\"alternateName\":\"Heaven & Hell Luxury London Dry gin\",\"url\":\"https:\/\/www.heaven-hell.si\/\",\"logo\":{\"@id\":\"https:\/\/www.heaven-hell.si\/izdelek\/eldorado-sirup-meta\/#local-main-organization-logo\"},\"image\":{\"@id\":\"https:\/\/www.heaven-hell.si\/izdelek\/eldorado-sirup-meta\/#local-main-organization-logo\"},\"sameAs\":[\"https:\/\/www.facebook.com\/heavenhellgin\",\"https:\/\/www.instagram.com\/heavenhellgin\/\",\"https:\/\/www.youtube.com\/@heavenhellgin\",\"https:\/\/www.tiktok.com\/@heavenhellgin\"],\"publishingPrinciples\":\"https:\/\/www.heaven-hell.si\/splosni-pogoji\/\",\"ownershipFundingInfo\":\"https:\/\/www.heaven-hell.si\/kontakt\/\",\"actionableFeedbackPolicy\":\"https:\/\/www.heaven-hell.si\/piskotki\/\",\"address\":{\"@id\":\"https:\/\/www.heaven-hell.si\/izdelek\/eldorado-sirup-meta\/#local-main-place-address\"},\"geo\":{\"@type\":\"GeoCoordinates\",\"latitude\":\"46.5702914\",\"longitude\":\"16.334821\"},\"telephone\":[\"040 979 940\"],\"openingHoursSpecification\":{\"@type\":\"OpeningHoursSpecification\",\"dayOfWeek\":[\"Monday\",\"Tuesday\",\"Wednesday\",\"Thursday\",\"Friday\",\"Saturday\",\"Sunday\"],\"opens\":\"00:00\",\"closes\":\"23:59\"},\"email\":\"info@heaven-hell.si\",\"areaServed\":\"EU\",\"vatID\":\"SI72846925\",\"taxID\":\"SI72846925\"},{\"@type\":\"PostalAddress\",\"@id\":\"https:\/\/www.heaven-hell.si\/izdelek\/eldorado-sirup-meta\/#local-main-place-address\",\"streetAddress\":\"Velika Polana 151A\",\"addressLocality\":\"Velika Polana\",\"postalCode\":\"9225\",\"addressRegion\":\"Pomurje\",\"addressCountry\":\"SI\"},{\"@type\":\"ImageObject\",\"inLanguage\":\"en-GB\",\"@id\":\"https:\/\/www.heaven-hell.si\/izdelek\/eldorado-sirup-meta\/#local-main-organization-logo\",\"url\":\"https:\/\/www.heaven-hell.si\/wp-content\/uploads\/2023\/10\/heaven-hell-logo-gold-email.png\",\"contentUrl\":\"https:\/\/www.heaven-hell.si\/wp-content\/uploads\/2023\/10\/heaven-hell-logo-gold-email.png\",\"width\":250,\"height\":104,\"caption\":\"Kiss of Immortality d.o.o.\"}]}<\/script>\n<meta property=\"product:price:amount\" content=\"11.00\" \/>\n<meta property=\"product:price:currency\" content=\"EUR\" \/>\n<meta property=\"og:availability\" content=\"instock\" \/>\n<meta property=\"product:availability\" content=\"instock\" \/>\n<meta property=\"product:retailer_item_id\" content=\"3830082062088-s7-1-1-1-1\" \/>\n<meta property=\"product:condition\" content=\"new\" \/>\n<meta name=\"geo.placename\" content=\"Velika Polana\" \/>\n<meta name=\"geo.position\" content=\"46.5702914;16.334821\" \/>\n<meta name=\"geo.region\" content=\"Slovenia\" \/>\n<!-- \/ Yoast SEO Premium plugin. -->","yoast_head_json":{"title":"Eldorado sirup Meta - Heaven &amp; Hell Gin","robots":{"index":"index","follow":"follow","max-snippet":"max-snippet:-1","max-image-preview":"max-image-preview:large","max-video-preview":"max-video-preview:-1"},"canonical":"https:\/\/www.heaven-hell.si\/en\/the-product\/eldorado-sirup-meta\/","og_locale":"en_GB","og_type":"article","og_title":"Eldorado sirup Meta","og_description":"Koktajl sirup v razli\u010dnih okusih Ali u\u017eivate v kulinari\u010dnih dobrotah in, kadar prilo\u017enost to zahteva, imate raje koktajle? Zgodovina me\u0161anih","og_url":"https:\/\/www.heaven-hell.si\/en\/the-product\/eldorado-sirup-meta\/","og_site_name":"Heaven &amp; Hell Gin","article_publisher":"https:\/\/www.facebook.com\/heavenhellgin","article_modified_time":"2026-03-12T19:23:56+00:00","og_image":[{"width":900,"height":900,"url":"https:\/\/www.heaven-hell.si\/wp-content\/uploads\/2026\/03\/meta.png","type":"image\/png"}],"schema":{"@context":"https:\/\/schema.org","@graph":[{"@type":"WebPage","@id":"https:\/\/www.heaven-hell.si\/izdelek\/eldorado-sirup-meta\/","url":"https:\/\/www.heaven-hell.si\/izdelek\/eldorado-sirup-meta\/","name":"Eldorado sirup Meta - Heaven &amp; Hell Gin","isPartOf":{"@id":"https:\/\/www.heaven-hell.si\/#website"},"primaryImageOfPage":{"@id":"https:\/\/www.heaven-hell.si\/izdelek\/eldorado-sirup-meta\/#primaryimage"},"image":{"@id":"https:\/\/www.heaven-hell.si\/izdelek\/eldorado-sirup-meta\/#primaryimage"},"thumbnailUrl":"https:\/\/www.heaven-hell.si\/wp-content\/uploads\/2026\/03\/meta.png","datePublished":"2026-03-12T19:22:23+00:00","dateModified":"2026-03-12T19:23:56+00:00","breadcrumb":{"@id":"https:\/\/www.heaven-hell.si\/izdelek\/eldorado-sirup-meta\/#breadcrumb"},"inLanguage":"en-GB","potentialAction":[{"@type":"ReadAction","target":["https:\/\/www.heaven-hell.si\/izdelek\/eldorado-sirup-meta\/"]}]},{"@type":"ImageObject","inLanguage":"en-GB","@id":"https:\/\/www.heaven-hell.si\/izdelek\/eldorado-sirup-meta\/#primaryimage","url":"https:\/\/www.heaven-hell.si\/wp-content\/uploads\/2026\/03\/meta.png","contentUrl":"https:\/\/www.heaven-hell.si\/wp-content\/uploads\/2026\/03\/meta.png","width":900,"height":900},{"@type":"BreadcrumbList","@id":"https:\/\/www.heaven-hell.si\/izdelek\/eldorado-sirup-meta\/#breadcrumb","itemListElement":[{"@type":"ListItem","position":1,"name":"Domov","item":"https:\/\/www.heaven-hell.si\/"},{"@type":"ListItem","position":2,"name":"Trgovina","item":"https:\/\/www.heaven-hell.si\/trgovina\/"},{"@type":"ListItem","position":3,"name":"Eldorado sirup Meta"}]},{"@type":"WebSite","@id":"https:\/\/www.heaven-hell.si\/#website","url":"https:\/\/www.heaven-hell.si\/","name":"Heaven &amp; Hell gin","description":"Kiss of Immortality","publisher":{"@id":"https:\/\/www.heaven-hell.si\/#organization"},"potentialAction":[{"@type":"SearchAction","target":{"@type":"EntryPoint","urlTemplate":"https:\/\/www.heaven-hell.si\/?s={search_term_string}"},"query-input":{"@type":"PropertyValueSpecification","valueRequired":true,"valueName":"search_term_string"}}],"inLanguage":"en-GB"},{"@type":["Organization","Place"],"@id":"https:\/\/www.heaven-hell.si\/#organization","name":"Kiss of Immortality d.o.o.","alternateName":"Heaven & Hell Luxury London Dry gin","url":"https:\/\/www.heaven-hell.si\/","logo":{"@id":"https:\/\/www.heaven-hell.si\/izdelek\/eldorado-sirup-meta\/#local-main-organization-logo"},"image":{"@id":"https:\/\/www.heaven-hell.si\/izdelek\/eldorado-sirup-meta\/#local-main-organization-logo"},"sameAs":["https:\/\/www.facebook.com\/heavenhellgin","https:\/\/www.instagram.com\/heavenhellgin\/","https:\/\/www.youtube.com\/@heavenhellgin","https:\/\/www.tiktok.com\/@heavenhellgin"],"publishingPrinciples":"https:\/\/www.heaven-hell.si\/splosni-pogoji\/","ownershipFundingInfo":"https:\/\/www.heaven-hell.si\/kontakt\/","actionableFeedbackPolicy":"https:\/\/www.heaven-hell.si\/piskotki\/","address":{"@id":"https:\/\/www.heaven-hell.si\/izdelek\/eldorado-sirup-meta\/#local-main-place-address"},"geo":{"@type":"GeoCoordinates","latitude":"46.5702914","longitude":"16.334821"},"telephone":["040 979 940"],"openingHoursSpecification":{"@type":"OpeningHoursSpecification","dayOfWeek":["Monday","Tuesday","Wednesday","Thursday","Friday","Saturday","Sunday"],"opens":"00:00","closes":"23:59"},"email":"info@heaven-hell.si","areaServed":"EU","vatID":"SI72846925","taxID":"SI72846925"},{"@type":"PostalAddress","@id":"https:\/\/www.heaven-hell.si\/izdelek\/eldorado-sirup-meta\/#local-main-place-address","streetAddress":"Velika Polana 151A","addressLocality":"Velika Polana","postalCode":"9225","addressRegion":"Pomurje","addressCountry":"SI"},{"@type":"ImageObject","inLanguage":"en-GB","@id":"https:\/\/www.heaven-hell.si\/izdelek\/eldorado-sirup-meta\/#local-main-organization-logo","url":"https:\/\/www.heaven-hell.si\/wp-content\/uploads\/2023\/10\/heaven-hell-logo-gold-email.png","contentUrl":"https:\/\/www.heaven-hell.si\/wp-content\/uploads\/2023\/10\/heaven-hell-logo-gold-email.png","width":250,"height":104,"caption":"Kiss of Immortality d.o.o."}]},"product_price_amount":"11.00","product_price_currency":"EUR","og_availability":"instock","product_availability":"instock","product_retailer_item_id":"3830082062088-s7-1-1-1-1","product_condition":"new","geo.placename":"Velika Polana","geo.position":{"lat":"46.5702914","long":"16.334821"},"geo.region":"Slovenia"},"_links":{"self":[{"href":"https:\/\/www.heaven-hell.si\/en\/wp-json\/wp\/v2\/product\/18957","targetHints":{"allow":["GET"]}}],"collection":[{"href":"https:\/\/www.heaven-hell.si\/en\/wp-json\/wp\/v2\/product"}],"about":[{"href":"https:\/\/www.heaven-hell.si\/en\/wp-json\/wp\/v2\/types\/product"}],"replies":[{"embeddable":true,"href":"https:\/\/www.heaven-hell.si\/en\/wp-json\/wp\/v2\/comments?post=18957"}],"version-history":[{"count":5,"href":"https:\/\/www.heaven-hell.si\/en\/wp-json\/wp\/v2\/product\/18957\/revisions"}],"predecessor-version":[{"id":18962,"href":"https:\/\/www.heaven-hell.si\/en\/wp-json\/wp\/v2\/product\/18957\/revisions\/18962"}],"wp:featuredmedia":[{"embeddable":true,"href":"https:\/\/www.heaven-hell.si\/en\/wp-json\/wp\/v2\/media\/18943"}],"wp:attachment":[{"href":"https:\/\/www.heaven-hell.si\/en\/wp-json\/wp\/v2\/media?parent=18957"}],"wp:term":[{"taxonomy":"product_brand","embeddable":true,"href":"https:\/\/www.heaven-hell.si\/en\/wp-json\/wp\/v2\/product_brand?post=18957"},{"taxonomy":"product_cat","embeddable":true,"href":"https:\/\/www.heaven-hell.si\/en\/wp-json\/wp\/v2\/product_cat?post=18957"},{"taxonomy":"product_tag","embeddable":true,"href":"https:\/\/www.heaven-hell.si\/en\/wp-json\/wp\/v2\/product_tag?post=18957"}],"curies":[{"name":"wp","href":"https:\/\/api.w.org\/{rel}","templated":true}]}}