{"id":18826,"date":"2026-02-19T08:16:27","date_gmt":"2026-02-19T07:16:27","guid":{"rendered":"https:\/\/www.heaven-hell.si\/?post_type=product&#038;p=18826"},"modified":"2026-04-03T12:08:22","modified_gmt":"2026-04-03T11:08:22","slug":"slani-krekerji-s-kocbek-vanilla-ginom","status":"publish","type":"product","link":"https:\/\/www.heaven-hell.si\/en\/the-product\/slani-krekerji-s-kocbek-vanilla-ginom\/","title":{"rendered":"Slani krekerji s Kocbek Vanilla ginom"},"content":{"rendered":"<div data-elementor-type=\"product-post\" data-elementor-id=\"18826\" class=\"elementor elementor-18826\" data-elementor-post-type=\"product\">\n\t\t\t\t\t\t<section class=\"wd-negative-gap elementor-section elementor-top-section elementor-element elementor-element-4f22143 wd-section-stretch elementor-section-boxed elementor-section-height-default elementor-section-height-default\" data-id=\"4f22143\" data-element_type=\"section\">\n\t\t\t\t\t\t<div class=\"elementor-container elementor-column-gap-no\">\n\t\t\t\t\t<div class=\"elementor-column elementor-col-100 elementor-top-column elementor-element elementor-element-7eb002f\" data-id=\"7eb002f\" data-element_type=\"column\" data-settings=\"{&quot;background_background&quot;:&quot;classic&quot;}\">\n\t\t\t<div class=\"elementor-widget-wrap elementor-element-populated\">\n\t\t\t\t\t\t<div class=\"elementor-element elementor-element-48720ef elementor-widget elementor-widget-wd_text_block\" data-id=\"48720ef\" data-element_type=\"widget\" data-widget_type=\"wd_text_block.default\">\n\t\t\t\t<div class=\"elementor-widget-container\">\n\t\t\t\t\t\t\t<div class=\"wd-text-block reset-last-child text-left color-title\">\n\t\t\t\n\t\t\t<p style=\"text-align: center;\">HEAVEN &amp; HELL<\/p>\n\t\t\t\t\t<\/div>\n\t\t\t\t\t\t<\/div>\n\t\t\t\t<\/div>\n\t\t\t\t<div class=\"elementor-element elementor-element-8e0e017 elementor-widget elementor-widget-heading\" data-id=\"8e0e017\" data-element_type=\"widget\" data-widget_type=\"heading.default\">\n\t\t\t\t<div class=\"elementor-widget-container\">\n\t\t\t\t\t<h4 class=\"elementor-heading-title elementor-size-small\">The Minister of Health warns: Excessive alcohol consumption causes health damage!<\/h4>\t\t\t\t<\/div>\n\t\t\t\t<\/div>\n\t\t\t\t\t<\/div>\n\t\t<\/div>\n\t\t\t\t\t<\/div>\n\t\t<\/section>\n\t\t\t\t<\/div>","protected":false},"excerpt":{"rendered":"<p>Edinstveni slani krekerji z dodatkom Kocbek Vanilla gina \u2013 gurmanski prigrizek z zna\u010dajem.<\/p>\n<p><strong>Product description<\/strong><br \/>\nSlani krekerji s Kocbek Vanilla ginom prina\u0161ajo poseben okusni kontrast med slano hrustljavostjo in ne\u017eno noto vanilije. Dodatek gina ustvarja topel, eleganten in rahlo aromati\u010den zaklju\u010dek, ki navdu\u0161i ljubitelje gina in sofisticiranih prigrizkov. Idealni so za degustacije, darilne sete ali posebne prilo\u017enosti.<\/p>\n<p><strong>Klju\u010dne lastnosti:<\/strong><\/p>\n<ul>\n<li>okus: vanilija &amp; gin<\/li>\n<li>vsebuje Kocbek Vanilla Gin<\/li>\n<li>ro\u010dno izdelano<\/li>\n<li>vegansko<\/li>\n<li>slovenski izdelek<\/li>\n<li>premium spremljava gina<\/li>\n<\/ul>\n<p><strong>Opozorilo:<\/strong> izdelek vsebuje alkohol (cca 3,8 %)<br \/>\n<strong>Neto koli\u010dina:<\/strong> 70 g<br \/>\n<strong>Alergeni:<\/strong> gluten (p\u0161enica); lahko vsebuje sledi ore\u0161kov, sezama, mleka in jajc<br \/>\n<strong>Na\u010din shranjevanja:<\/strong> hraniti v suhem in hladnem prostoru, za\u0161\u010diteno pred son\u010dno svetlobo<\/p>\n<p><strong>Manufacturer: Bogl\u00e1rka Natural Cosmetics, Hungary;\nOrigin: EU<\/strong> Hudo Dobro, Slovenija<\/p>","protected":false},"featured_media":18828,"comment_status":"closed","ping_status":"closed","template":"","meta":{"ngg_post_thumbnail":0},"product_brand":[],"product_cat":[169],"product_tag":[],"class_list":{"0":"post-18826","1":"product","2":"type-product","3":"status-publish","4":"has-post-thumbnail","6":"product_cat-gourmet","8":"first","9":"instock","10":"taxable","11":"shipping-taxable","12":"purchasable","13":"product-type-simple"},"yoast_head":"<!-- This site is optimized with the Yoast SEO Premium plugin v21.4 (Yoast SEO v27.2) - https:\/\/yoast.com\/product\/yoast-seo-premium-wordpress\/ -->\n<title>Slani krekerji s Kocbek Vanilla ginom - Heaven &amp; Hell Gin<\/title>\n<meta name=\"description\" content=\"Edinstveni slani krekerji z dodatkom Kocbek Vanilla gina \u2013 gurmanski prigrizek z zna\u010dajem.\" \/>\n<meta name=\"robots\" content=\"index, follow, max-snippet:-1, max-image-preview:large, max-video-preview:-1\" \/>\n<link rel=\"canonical\" href=\"https:\/\/www.heaven-hell.si\/en\/the-product\/slani-krekerji-s-kocbek-vanilla-ginom\/\" \/>\n<meta property=\"og:locale\" content=\"en_GB\" \/>\n<meta property=\"og:type\" content=\"article\" \/>\n<meta property=\"og:title\" content=\"Slani krekerji s Kocbek Vanilla ginom\" \/>\n<meta property=\"og:description\" content=\"Edinstveni slani krekerji z dodatkom Kocbek Vanilla gina \u2013 gurmanski prigrizek z zna\u010dajem.\" \/>\n<meta property=\"og:url\" content=\"https:\/\/www.heaven-hell.si\/en\/the-product\/slani-krekerji-s-kocbek-vanilla-ginom\/\" \/>\n<meta property=\"og:site_name\" content=\"Heaven &amp; Hell Gin\" \/>\n<meta property=\"article:publisher\" content=\"https:\/\/www.facebook.com\/heavenhellgin\" \/>\n<meta property=\"article:modified_time\" content=\"2026-04-03T11:08:22+00:00\" \/>\n<meta property=\"og:image\" content=\"https:\/\/www.heaven-hell.si\/wp-content\/uploads\/2026\/02\/KOCBEK-KREKERJI_1.jpg\" \/>\n\t<meta property=\"og:image:width\" content=\"1500\" \/>\n\t<meta property=\"og:image:height\" content=\"1500\" \/>\n\t<meta property=\"og:image:type\" content=\"image\/jpeg\" \/>\n<script type=\"application\/ld+json\" class=\"yoast-schema-graph\">{\"@context\":\"https:\/\/schema.org\",\"@graph\":[{\"@type\":\"WebPage\",\"@id\":\"https:\/\/www.heaven-hell.si\/izdelek\/slani-krekerji-s-kocbek-vanilla-ginom\/\",\"url\":\"https:\/\/www.heaven-hell.si\/izdelek\/slani-krekerji-s-kocbek-vanilla-ginom\/\",\"name\":\"Slani krekerji s Kocbek Vanilla ginom - Heaven &amp; Hell Gin\",\"isPartOf\":{\"@id\":\"https:\/\/www.heaven-hell.si\/#website\"},\"primaryImageOfPage\":{\"@id\":\"https:\/\/www.heaven-hell.si\/izdelek\/slani-krekerji-s-kocbek-vanilla-ginom\/#primaryimage\"},\"image\":{\"@id\":\"https:\/\/www.heaven-hell.si\/izdelek\/slani-krekerji-s-kocbek-vanilla-ginom\/#primaryimage\"},\"thumbnailUrl\":\"https:\/\/www.heaven-hell.si\/wp-content\/uploads\/2026\/02\/KOCBEK-KREKERJI_1.jpg\",\"datePublished\":\"2026-02-19T07:16:27+00:00\",\"dateModified\":\"2026-04-03T11:08:22+00:00\",\"description\":\"Edinstveni slani krekerji z dodatkom Kocbek Vanilla gina \u2013 gurmanski prigrizek z zna\u010dajem.\",\"breadcrumb\":{\"@id\":\"https:\/\/www.heaven-hell.si\/izdelek\/slani-krekerji-s-kocbek-vanilla-ginom\/#breadcrumb\"},\"inLanguage\":\"en-GB\",\"potentialAction\":[{\"@type\":\"ReadAction\",\"target\":[\"https:\/\/www.heaven-hell.si\/izdelek\/slani-krekerji-s-kocbek-vanilla-ginom\/\"]}]},{\"@type\":\"ImageObject\",\"inLanguage\":\"en-GB\",\"@id\":\"https:\/\/www.heaven-hell.si\/izdelek\/slani-krekerji-s-kocbek-vanilla-ginom\/#primaryimage\",\"url\":\"https:\/\/www.heaven-hell.si\/wp-content\/uploads\/2026\/02\/KOCBEK-KREKERJI_1.jpg\",\"contentUrl\":\"https:\/\/www.heaven-hell.si\/wp-content\/uploads\/2026\/02\/KOCBEK-KREKERJI_1.jpg\",\"width\":1500,\"height\":1500},{\"@type\":\"BreadcrumbList\",\"@id\":\"https:\/\/www.heaven-hell.si\/izdelek\/slani-krekerji-s-kocbek-vanilla-ginom\/#breadcrumb\",\"itemListElement\":[{\"@type\":\"ListItem\",\"position\":1,\"name\":\"Domov\",\"item\":\"https:\/\/www.heaven-hell.si\/\"},{\"@type\":\"ListItem\",\"position\":2,\"name\":\"Trgovina\",\"item\":\"https:\/\/www.heaven-hell.si\/trgovina\/\"},{\"@type\":\"ListItem\",\"position\":3,\"name\":\"Slani krekerji s Kocbek Vanilla ginom\"}]},{\"@type\":\"WebSite\",\"@id\":\"https:\/\/www.heaven-hell.si\/#website\",\"url\":\"https:\/\/www.heaven-hell.si\/\",\"name\":\"Heaven & Hell gin\",\"description\":\"Kiss of Immortality\",\"publisher\":{\"@id\":\"https:\/\/www.heaven-hell.si\/#organization\"},\"potentialAction\":[{\"@type\":\"SearchAction\",\"target\":{\"@type\":\"EntryPoint\",\"urlTemplate\":\"https:\/\/www.heaven-hell.si\/?s={search_term_string}\"},\"query-input\":{\"@type\":\"PropertyValueSpecification\",\"valueRequired\":true,\"valueName\":\"search_term_string\"}}],\"inLanguage\":\"en-GB\"},{\"@type\":[\"Organization\",\"Place\"],\"@id\":\"https:\/\/www.heaven-hell.si\/#organization\",\"name\":\"Kiss of Immortality d.o.o.\",\"alternateName\":\"Heaven & Hell Luxury London Dry gin\",\"url\":\"https:\/\/www.heaven-hell.si\/\",\"logo\":{\"@id\":\"https:\/\/www.heaven-hell.si\/izdelek\/slani-krekerji-s-kocbek-vanilla-ginom\/#local-main-organization-logo\"},\"image\":{\"@id\":\"https:\/\/www.heaven-hell.si\/izdelek\/slani-krekerji-s-kocbek-vanilla-ginom\/#local-main-organization-logo\"},\"sameAs\":[\"https:\/\/www.facebook.com\/heavenhellgin\",\"https:\/\/www.instagram.com\/heavenhellgin\/\",\"https:\/\/www.youtube.com\/@heavenhellgin\",\"https:\/\/www.tiktok.com\/@heavenhellgin\"],\"publishingPrinciples\":\"https:\/\/www.heaven-hell.si\/splosni-pogoji\/\",\"ownershipFundingInfo\":\"https:\/\/www.heaven-hell.si\/kontakt\/\",\"actionableFeedbackPolicy\":\"https:\/\/www.heaven-hell.si\/piskotki\/\",\"address\":{\"@id\":\"https:\/\/www.heaven-hell.si\/izdelek\/slani-krekerji-s-kocbek-vanilla-ginom\/#local-main-place-address\"},\"geo\":{\"@type\":\"GeoCoordinates\",\"latitude\":\"46.5702914\",\"longitude\":\"16.334821\"},\"telephone\":[\"040 979 940\"],\"openingHoursSpecification\":{\"@type\":\"OpeningHoursSpecification\",\"dayOfWeek\":[\"Monday\",\"Tuesday\",\"Wednesday\",\"Thursday\",\"Friday\",\"Saturday\",\"Sunday\"],\"opens\":\"00:00\",\"closes\":\"23:59\"},\"email\":\"info@heaven-hell.si\",\"areaServed\":\"EU\",\"vatID\":\"SI72846925\",\"taxID\":\"SI72846925\"},{\"@type\":\"PostalAddress\",\"@id\":\"https:\/\/www.heaven-hell.si\/izdelek\/slani-krekerji-s-kocbek-vanilla-ginom\/#local-main-place-address\",\"streetAddress\":\"Velika Polana 151A\",\"addressLocality\":\"Velika Polana\",\"postalCode\":\"9225\",\"addressRegion\":\"Pomurje\",\"addressCountry\":\"SI\"},{\"@type\":\"ImageObject\",\"inLanguage\":\"en-GB\",\"@id\":\"https:\/\/www.heaven-hell.si\/izdelek\/slani-krekerji-s-kocbek-vanilla-ginom\/#local-main-organization-logo\",\"url\":\"https:\/\/www.heaven-hell.si\/wp-content\/uploads\/2023\/10\/heaven-hell-logo-gold-email.png\",\"contentUrl\":\"https:\/\/www.heaven-hell.si\/wp-content\/uploads\/2023\/10\/heaven-hell-logo-gold-email.png\",\"width\":250,\"height\":104,\"caption\":\"Kiss of Immortality d.o.o.\"}]}<\/script>\n<meta property=\"product:price:amount\" content=\"2.90\" \/>\n<meta property=\"product:price:currency\" content=\"EUR\" \/>\n<meta property=\"og:availability\" content=\"instock\" \/>\n<meta property=\"product:availability\" content=\"instock\" \/>\n<meta property=\"product:retailer_item_id\" content=\"3830082062934\" \/>\n<meta property=\"product:condition\" content=\"new\" \/>\n<meta name=\"geo.placename\" content=\"Velika Polana\" \/>\n<meta name=\"geo.position\" content=\"46.5702914;16.334821\" \/>\n<meta name=\"geo.region\" content=\"Slovenia\" \/>\n<!-- \/ Yoast SEO Premium plugin. -->","yoast_head_json":{"title":"Slani krekerji s Kocbek Vanilla ginom - Heaven &amp; Hell Gin","description":"Edinstveni slani krekerji z dodatkom Kocbek Vanilla gina \u2013 gurmanski prigrizek z zna\u010dajem.","robots":{"index":"index","follow":"follow","max-snippet":"max-snippet:-1","max-image-preview":"max-image-preview:large","max-video-preview":"max-video-preview:-1"},"canonical":"https:\/\/www.heaven-hell.si\/en\/the-product\/slani-krekerji-s-kocbek-vanilla-ginom\/","og_locale":"en_GB","og_type":"article","og_title":"Slani krekerji s Kocbek Vanilla ginom","og_description":"Edinstveni slani krekerji z dodatkom Kocbek Vanilla gina \u2013 gurmanski prigrizek z zna\u010dajem.","og_url":"https:\/\/www.heaven-hell.si\/en\/the-product\/slani-krekerji-s-kocbek-vanilla-ginom\/","og_site_name":"Heaven &amp; Hell Gin","article_publisher":"https:\/\/www.facebook.com\/heavenhellgin","article_modified_time":"2026-04-03T11:08:22+00:00","og_image":[{"width":1500,"height":1500,"url":"https:\/\/www.heaven-hell.si\/wp-content\/uploads\/2026\/02\/KOCBEK-KREKERJI_1.jpg","type":"image\/jpeg"}],"schema":{"@context":"https:\/\/schema.org","@graph":[{"@type":"WebPage","@id":"https:\/\/www.heaven-hell.si\/izdelek\/slani-krekerji-s-kocbek-vanilla-ginom\/","url":"https:\/\/www.heaven-hell.si\/izdelek\/slani-krekerji-s-kocbek-vanilla-ginom\/","name":"Slani krekerji s Kocbek Vanilla ginom - Heaven &amp; Hell Gin","isPartOf":{"@id":"https:\/\/www.heaven-hell.si\/#website"},"primaryImageOfPage":{"@id":"https:\/\/www.heaven-hell.si\/izdelek\/slani-krekerji-s-kocbek-vanilla-ginom\/#primaryimage"},"image":{"@id":"https:\/\/www.heaven-hell.si\/izdelek\/slani-krekerji-s-kocbek-vanilla-ginom\/#primaryimage"},"thumbnailUrl":"https:\/\/www.heaven-hell.si\/wp-content\/uploads\/2026\/02\/KOCBEK-KREKERJI_1.jpg","datePublished":"2026-02-19T07:16:27+00:00","dateModified":"2026-04-03T11:08:22+00:00","description":"Edinstveni slani krekerji z dodatkom Kocbek Vanilla gina \u2013 gurmanski prigrizek z zna\u010dajem.","breadcrumb":{"@id":"https:\/\/www.heaven-hell.si\/izdelek\/slani-krekerji-s-kocbek-vanilla-ginom\/#breadcrumb"},"inLanguage":"en-GB","potentialAction":[{"@type":"ReadAction","target":["https:\/\/www.heaven-hell.si\/izdelek\/slani-krekerji-s-kocbek-vanilla-ginom\/"]}]},{"@type":"ImageObject","inLanguage":"en-GB","@id":"https:\/\/www.heaven-hell.si\/izdelek\/slani-krekerji-s-kocbek-vanilla-ginom\/#primaryimage","url":"https:\/\/www.heaven-hell.si\/wp-content\/uploads\/2026\/02\/KOCBEK-KREKERJI_1.jpg","contentUrl":"https:\/\/www.heaven-hell.si\/wp-content\/uploads\/2026\/02\/KOCBEK-KREKERJI_1.jpg","width":1500,"height":1500},{"@type":"BreadcrumbList","@id":"https:\/\/www.heaven-hell.si\/izdelek\/slani-krekerji-s-kocbek-vanilla-ginom\/#breadcrumb","itemListElement":[{"@type":"ListItem","position":1,"name":"Domov","item":"https:\/\/www.heaven-hell.si\/"},{"@type":"ListItem","position":2,"name":"Trgovina","item":"https:\/\/www.heaven-hell.si\/trgovina\/"},{"@type":"ListItem","position":3,"name":"Slani krekerji s Kocbek Vanilla ginom"}]},{"@type":"WebSite","@id":"https:\/\/www.heaven-hell.si\/#website","url":"https:\/\/www.heaven-hell.si\/","name":"Heaven &amp; Hell gin","description":"Kiss of Immortality","publisher":{"@id":"https:\/\/www.heaven-hell.si\/#organization"},"potentialAction":[{"@type":"SearchAction","target":{"@type":"EntryPoint","urlTemplate":"https:\/\/www.heaven-hell.si\/?s={search_term_string}"},"query-input":{"@type":"PropertyValueSpecification","valueRequired":true,"valueName":"search_term_string"}}],"inLanguage":"en-GB"},{"@type":["Organization","Place"],"@id":"https:\/\/www.heaven-hell.si\/#organization","name":"Kiss of Immortality d.o.o.","alternateName":"Heaven & Hell Luxury London Dry gin","url":"https:\/\/www.heaven-hell.si\/","logo":{"@id":"https:\/\/www.heaven-hell.si\/izdelek\/slani-krekerji-s-kocbek-vanilla-ginom\/#local-main-organization-logo"},"image":{"@id":"https:\/\/www.heaven-hell.si\/izdelek\/slani-krekerji-s-kocbek-vanilla-ginom\/#local-main-organization-logo"},"sameAs":["https:\/\/www.facebook.com\/heavenhellgin","https:\/\/www.instagram.com\/heavenhellgin\/","https:\/\/www.youtube.com\/@heavenhellgin","https:\/\/www.tiktok.com\/@heavenhellgin"],"publishingPrinciples":"https:\/\/www.heaven-hell.si\/splosni-pogoji\/","ownershipFundingInfo":"https:\/\/www.heaven-hell.si\/kontakt\/","actionableFeedbackPolicy":"https:\/\/www.heaven-hell.si\/piskotki\/","address":{"@id":"https:\/\/www.heaven-hell.si\/izdelek\/slani-krekerji-s-kocbek-vanilla-ginom\/#local-main-place-address"},"geo":{"@type":"GeoCoordinates","latitude":"46.5702914","longitude":"16.334821"},"telephone":["040 979 940"],"openingHoursSpecification":{"@type":"OpeningHoursSpecification","dayOfWeek":["Monday","Tuesday","Wednesday","Thursday","Friday","Saturday","Sunday"],"opens":"00:00","closes":"23:59"},"email":"info@heaven-hell.si","areaServed":"EU","vatID":"SI72846925","taxID":"SI72846925"},{"@type":"PostalAddress","@id":"https:\/\/www.heaven-hell.si\/izdelek\/slani-krekerji-s-kocbek-vanilla-ginom\/#local-main-place-address","streetAddress":"Velika Polana 151A","addressLocality":"Velika Polana","postalCode":"9225","addressRegion":"Pomurje","addressCountry":"SI"},{"@type":"ImageObject","inLanguage":"en-GB","@id":"https:\/\/www.heaven-hell.si\/izdelek\/slani-krekerji-s-kocbek-vanilla-ginom\/#local-main-organization-logo","url":"https:\/\/www.heaven-hell.si\/wp-content\/uploads\/2023\/10\/heaven-hell-logo-gold-email.png","contentUrl":"https:\/\/www.heaven-hell.si\/wp-content\/uploads\/2023\/10\/heaven-hell-logo-gold-email.png","width":250,"height":104,"caption":"Kiss of Immortality d.o.o."}]},"product_price_amount":"2.90","product_price_currency":"EUR","og_availability":"instock","product_availability":"instock","product_retailer_item_id":"3830082062934","product_condition":"new","geo.placename":"Velika Polana","geo.position":{"lat":"46.5702914","long":"16.334821"},"geo.region":"Slovenia"},"_links":{"self":[{"href":"https:\/\/www.heaven-hell.si\/en\/wp-json\/wp\/v2\/product\/18826","targetHints":{"allow":["GET"]}}],"collection":[{"href":"https:\/\/www.heaven-hell.si\/en\/wp-json\/wp\/v2\/product"}],"about":[{"href":"https:\/\/www.heaven-hell.si\/en\/wp-json\/wp\/v2\/types\/product"}],"replies":[{"embeddable":true,"href":"https:\/\/www.heaven-hell.si\/en\/wp-json\/wp\/v2\/comments?post=18826"}],"version-history":[{"count":1,"href":"https:\/\/www.heaven-hell.si\/en\/wp-json\/wp\/v2\/product\/18826\/revisions"}],"predecessor-version":[{"id":18831,"href":"https:\/\/www.heaven-hell.si\/en\/wp-json\/wp\/v2\/product\/18826\/revisions\/18831"}],"wp:featuredmedia":[{"embeddable":true,"href":"https:\/\/www.heaven-hell.si\/en\/wp-json\/wp\/v2\/media\/18828"}],"wp:attachment":[{"href":"https:\/\/www.heaven-hell.si\/en\/wp-json\/wp\/v2\/media?parent=18826"}],"wp:term":[{"taxonomy":"product_brand","embeddable":true,"href":"https:\/\/www.heaven-hell.si\/en\/wp-json\/wp\/v2\/product_brand?post=18826"},{"taxonomy":"product_cat","embeddable":true,"href":"https:\/\/www.heaven-hell.si\/en\/wp-json\/wp\/v2\/product_cat?post=18826"},{"taxonomy":"product_tag","embeddable":true,"href":"https:\/\/www.heaven-hell.si\/en\/wp-json\/wp\/v2\/product_tag?post=18826"}],"curies":[{"name":"wp","href":"https:\/\/api.w.org\/{rel}","templated":true}]}}