{"id":18658,"date":"2025-11-09T19:47:11","date_gmt":"2025-11-09T18:47:11","guid":{"rendered":"https:\/\/www.heaven-hell.si\/?post_type=product&#038;p=18658"},"modified":"2025-11-12T13:17:47","modified_gmt":"2025-11-12T12:17:47","slug":"o-vlazilni-losjon-za-telo","status":"publish","type":"product","link":"https:\/\/www.heaven-hell.si\/en\/the-product\/o-vlazilni-losjon-za-telo\/","title":{"rendered":"\u00d3 Vla\u017eilni losjon za telo"},"content":{"rendered":"<div data-elementor-type=\"product-post\" data-elementor-id=\"18658\" class=\"elementor elementor-18658\" data-elementor-post-type=\"product\">\n\t\t\t\t<div class=\"elementor-element elementor-element-501a32d e-con-full e-flex e-con e-parent\" data-id=\"501a32d\" data-element_type=\"container\">\n\t\t\t\t<div class=\"elementor-element elementor-element-d68c8e6 elementor-widget elementor-widget-wd_text_block\" data-id=\"d68c8e6\" data-element_type=\"widget\" data-widget_type=\"wd_text_block.default\">\n\t\t\t\t<div class=\"elementor-widget-container\">\n\t\t\t\t\t\t\t<div class=\"wd-text-block reset-last-child text-left\">\n\t\t\t\n\t\t\t<p><strong>Opozorila:<\/strong><br \/>Samo za zunanjo uporabo. Izogibajte se stiku z o\u010dmi.<br \/>Shranjujte pri temperaturi do 25 \u00b0C, izven dosega otrok.<\/p><p><strong>Rok uporabe:<\/strong><br \/>Odtisnjen na embala\u017ei (Uporabno do 30.4.2027)<\/p><p><strong>INCI:<\/strong><br \/>Aqua, Vitis Vinifera Seed Oil, Glycerin, Isopropyl Myristate, Cucurbita Pepo Seed Oil, Cetearyl Olivate, Sorbitan Olivate, Sucrose Stearate, Alcohol, Parfum, Sorbitan Caprylate, Propanediol, Benzoic Acid, Trehalose, Urea, Serine, Pentylene Glycol, Xanthan Gum, Algin, Caprylyl Glycol, Sodium Hyaluronate, Pullulan, Acetyl Hexapeptide-8, Ethylhexylglycerin, Carbomer, Sodium Hydroxide, Tetramethyl Acetyloctahydronaphthalenes, Vanillin, Coumarin, Eugenol, Linalool, Benzyl Alcohol, Beta-Caryophyllene, Anethole, Citral, Limonene.<\/p>\n\t\t\t\t\t<\/div>\n\t\t\t\t\t\t<\/div>\n\t\t\t\t<\/div>\n\t\t\t\t<div class=\"elementor-element elementor-element-6752fe7 elementor-widget elementor-widget-spacer\" data-id=\"6752fe7\" data-element_type=\"widget\" data-widget_type=\"spacer.default\">\n\t\t\t\t<div class=\"elementor-widget-container\">\n\t\t\t\t\t\t\t<div class=\"elementor-spacer\">\n\t\t\t<div class=\"elementor-spacer-inner\"><\/div>\n\t\t<\/div>\n\t\t\t\t\t\t<\/div>\n\t\t\t\t<\/div>\n\t\t\t\t<\/div>\n\t\t\t\t<\/div>","protected":false},"excerpt":{"rendered":"<p>Hranilen losjon za telo, obogaten s <strong>Kocbek ginom<\/strong> in <strong>hladno stiskanim Kocbek bu\u010dnim oljem<\/strong>.<br \/>\n<strong>Hexapeptidi<\/strong> pomagajo izbolj\u0161ati \u010dvrstost, elasti\u010dnost in sijaj ko\u017ee.<\/p>\n<p><strong>U\u010dinek:<\/strong><br \/>\n\u2022 Ko\u017ea postane mehka, globinsko nahranjena in \u017eiva<br \/>\n\u2022 Topla, naravna gourmand di\u0161ava<br \/>\n\u2022 Odli\u010den za suho ali utrujeno ko\u017eo<\/p>\n<p><strong>Uporaba:<\/strong><br \/>\nNanesite po tu\u0161iranju in vmasirajte.<\/p>","protected":false},"featured_media":18650,"comment_status":"closed","ping_status":"closed","template":"","meta":{"ngg_post_thumbnail":0},"product_brand":[],"product_cat":[144,142],"product_tag":[],"class_list":{"0":"post-18658","1":"product","2":"type-product","3":"status-publish","4":"has-post-thumbnail","6":"product_cat-losjon-gel-za-prhanje","7":"product_cat-osebna-nega","9":"first","10":"instock","11":"taxable","12":"shipping-taxable","13":"purchasable","14":"product-type-simple"},"yoast_head":"<!-- This site is optimized with the Yoast SEO Premium plugin v21.4 (Yoast SEO v27.2) - https:\/\/yoast.com\/product\/yoast-seo-premium-wordpress\/ -->\n<title>\u00d3 Vla\u017eilni losjon za telo - Heaven &amp; Hell Gin<\/title>\n<meta name=\"description\" content=\"Hranilen losjon za telo, obogaten s Kocbek ginom in hladno stiskanim Kocbek bu\u010dnim oljem. Hexapeptidi pomagajo izbolj\u0161ati \u010dvrstost, elasti\u010dnost in sijaj ko\u017ee.\" \/>\n<meta name=\"robots\" content=\"index, follow, max-snippet:-1, max-image-preview:large, max-video-preview:-1\" \/>\n<link rel=\"canonical\" href=\"https:\/\/www.heaven-hell.si\/en\/the-product\/o-vlazilni-losjon-za-telo\/\" \/>\n<meta property=\"og:locale\" content=\"en_GB\" \/>\n<meta property=\"og:type\" content=\"article\" \/>\n<meta property=\"og:title\" content=\"\u00d3 Vla\u017eilni losjon za telo\" \/>\n<meta property=\"og:description\" content=\"Hranilen losjon za telo, obogaten s Kocbek ginom in hladno stiskanim Kocbek bu\u010dnim oljem. Hexapeptidi pomagajo izbolj\u0161ati \u010dvrstost, elasti\u010dnost in sijaj ko\u017ee.\" \/>\n<meta property=\"og:url\" content=\"https:\/\/www.heaven-hell.si\/en\/the-product\/o-vlazilni-losjon-za-telo\/\" \/>\n<meta property=\"og:site_name\" content=\"Heaven &amp; Hell Gin\" \/>\n<meta property=\"article:publisher\" content=\"https:\/\/www.facebook.com\/heavenhellgin\" \/>\n<meta property=\"article:modified_time\" content=\"2025-11-12T12:17:47+00:00\" \/>\n<meta property=\"og:image\" content=\"https:\/\/www.heaven-hell.si\/wp-content\/uploads\/2025\/11\/hh-kocbek-lotion.png\" \/>\n\t<meta property=\"og:image:width\" content=\"1000\" \/>\n\t<meta property=\"og:image:height\" content=\"1000\" \/>\n\t<meta property=\"og:image:type\" content=\"image\/png\" \/>\n<script type=\"application\/ld+json\" class=\"yoast-schema-graph\">{\"@context\":\"https:\/\/schema.org\",\"@graph\":[{\"@type\":\"WebPage\",\"@id\":\"https:\/\/www.heaven-hell.si\/izdelek\/o-vlazilni-losjon-za-telo\/\",\"url\":\"https:\/\/www.heaven-hell.si\/izdelek\/o-vlazilni-losjon-za-telo\/\",\"name\":\"\u00d3 Vla\u017eilni losjon za telo - Heaven &amp; Hell Gin\",\"isPartOf\":{\"@id\":\"https:\/\/www.heaven-hell.si\/#website\"},\"primaryImageOfPage\":{\"@id\":\"https:\/\/www.heaven-hell.si\/izdelek\/o-vlazilni-losjon-za-telo\/#primaryimage\"},\"image\":{\"@id\":\"https:\/\/www.heaven-hell.si\/izdelek\/o-vlazilni-losjon-za-telo\/#primaryimage\"},\"thumbnailUrl\":\"https:\/\/www.heaven-hell.si\/wp-content\/uploads\/2025\/11\/hh-kocbek-lotion.png\",\"datePublished\":\"2025-11-09T18:47:11+00:00\",\"dateModified\":\"2025-11-12T12:17:47+00:00\",\"description\":\"Hranilen losjon za telo, obogaten s Kocbek ginom in hladno stiskanim Kocbek bu\u010dnim oljem. Hexapeptidi pomagajo izbolj\u0161ati \u010dvrstost, elasti\u010dnost in sijaj ko\u017ee.\",\"breadcrumb\":{\"@id\":\"https:\/\/www.heaven-hell.si\/izdelek\/o-vlazilni-losjon-za-telo\/#breadcrumb\"},\"inLanguage\":\"en-GB\",\"potentialAction\":[{\"@type\":\"ReadAction\",\"target\":[\"https:\/\/www.heaven-hell.si\/izdelek\/o-vlazilni-losjon-za-telo\/\"]}]},{\"@type\":\"ImageObject\",\"inLanguage\":\"en-GB\",\"@id\":\"https:\/\/www.heaven-hell.si\/izdelek\/o-vlazilni-losjon-za-telo\/#primaryimage\",\"url\":\"https:\/\/www.heaven-hell.si\/wp-content\/uploads\/2025\/11\/hh-kocbek-lotion.png\",\"contentUrl\":\"https:\/\/www.heaven-hell.si\/wp-content\/uploads\/2025\/11\/hh-kocbek-lotion.png\",\"width\":1000,\"height\":1000},{\"@type\":\"BreadcrumbList\",\"@id\":\"https:\/\/www.heaven-hell.si\/izdelek\/o-vlazilni-losjon-za-telo\/#breadcrumb\",\"itemListElement\":[{\"@type\":\"ListItem\",\"position\":1,\"name\":\"Domov\",\"item\":\"https:\/\/www.heaven-hell.si\/\"},{\"@type\":\"ListItem\",\"position\":2,\"name\":\"Trgovina\",\"item\":\"https:\/\/www.heaven-hell.si\/trgovina\/\"},{\"@type\":\"ListItem\",\"position\":3,\"name\":\"\u00d3 Vla\u017eilni losjon za telo\"}]},{\"@type\":\"WebSite\",\"@id\":\"https:\/\/www.heaven-hell.si\/#website\",\"url\":\"https:\/\/www.heaven-hell.si\/\",\"name\":\"Heaven & Hell gin\",\"description\":\"Kiss of Immortality\",\"publisher\":{\"@id\":\"https:\/\/www.heaven-hell.si\/#organization\"},\"potentialAction\":[{\"@type\":\"SearchAction\",\"target\":{\"@type\":\"EntryPoint\",\"urlTemplate\":\"https:\/\/www.heaven-hell.si\/?s={search_term_string}\"},\"query-input\":{\"@type\":\"PropertyValueSpecification\",\"valueRequired\":true,\"valueName\":\"search_term_string\"}}],\"inLanguage\":\"en-GB\"},{\"@type\":[\"Organization\",\"Place\"],\"@id\":\"https:\/\/www.heaven-hell.si\/#organization\",\"name\":\"Kiss of Immortality d.o.o.\",\"alternateName\":\"Heaven & Hell Luxury London Dry gin\",\"url\":\"https:\/\/www.heaven-hell.si\/\",\"logo\":{\"@id\":\"https:\/\/www.heaven-hell.si\/izdelek\/o-vlazilni-losjon-za-telo\/#local-main-organization-logo\"},\"image\":{\"@id\":\"https:\/\/www.heaven-hell.si\/izdelek\/o-vlazilni-losjon-za-telo\/#local-main-organization-logo\"},\"sameAs\":[\"https:\/\/www.facebook.com\/heavenhellgin\",\"https:\/\/www.instagram.com\/heavenhellgin\/\",\"https:\/\/www.youtube.com\/@heavenhellgin\",\"https:\/\/www.tiktok.com\/@heavenhellgin\"],\"publishingPrinciples\":\"https:\/\/www.heaven-hell.si\/splosni-pogoji\/\",\"ownershipFundingInfo\":\"https:\/\/www.heaven-hell.si\/kontakt\/\",\"actionableFeedbackPolicy\":\"https:\/\/www.heaven-hell.si\/piskotki\/\",\"address\":{\"@id\":\"https:\/\/www.heaven-hell.si\/izdelek\/o-vlazilni-losjon-za-telo\/#local-main-place-address\"},\"geo\":{\"@type\":\"GeoCoordinates\",\"latitude\":\"46.5702914\",\"longitude\":\"16.334821\"},\"telephone\":[\"040 979 940\"],\"openingHoursSpecification\":{\"@type\":\"OpeningHoursSpecification\",\"dayOfWeek\":[\"Monday\",\"Tuesday\",\"Wednesday\",\"Thursday\",\"Friday\",\"Saturday\",\"Sunday\"],\"opens\":\"00:00\",\"closes\":\"23:59\"},\"email\":\"info@heaven-hell.si\",\"areaServed\":\"EU\",\"vatID\":\"SI72846925\",\"taxID\":\"SI72846925\"},{\"@type\":\"PostalAddress\",\"@id\":\"https:\/\/www.heaven-hell.si\/izdelek\/o-vlazilni-losjon-za-telo\/#local-main-place-address\",\"streetAddress\":\"Velika Polana 151A\",\"addressLocality\":\"Velika Polana\",\"postalCode\":\"9225\",\"addressRegion\":\"Pomurje\",\"addressCountry\":\"SI\"},{\"@type\":\"ImageObject\",\"inLanguage\":\"en-GB\",\"@id\":\"https:\/\/www.heaven-hell.si\/izdelek\/o-vlazilni-losjon-za-telo\/#local-main-organization-logo\",\"url\":\"https:\/\/www.heaven-hell.si\/wp-content\/uploads\/2023\/10\/heaven-hell-logo-gold-email.png\",\"contentUrl\":\"https:\/\/www.heaven-hell.si\/wp-content\/uploads\/2023\/10\/heaven-hell-logo-gold-email.png\",\"width\":250,\"height\":104,\"caption\":\"Kiss of Immortality d.o.o.\"}]}<\/script>\n<meta property=\"product:price:amount\" content=\"18.90\" \/>\n<meta property=\"product:price:currency\" content=\"EUR\" \/>\n<meta property=\"og:availability\" content=\"instock\" \/>\n<meta property=\"product:availability\" content=\"instock\" \/>\n<meta property=\"product:retailer_item_id\" content=\"3830082062323\" \/>\n<meta property=\"product:condition\" content=\"new\" \/>\n<meta name=\"geo.placename\" content=\"Velika Polana\" \/>\n<meta name=\"geo.position\" content=\"46.5702914;16.334821\" \/>\n<meta name=\"geo.region\" content=\"Slovenia\" \/>\n<!-- \/ Yoast SEO Premium plugin. -->","yoast_head_json":{"title":"\u00d3 Vla\u017eilni losjon za telo - Heaven &amp; Hell Gin","description":"Hranilen losjon za telo, obogaten s Kocbek ginom in hladno stiskanim Kocbek bu\u010dnim oljem. Hexapeptidi pomagajo izbolj\u0161ati \u010dvrstost, elasti\u010dnost in sijaj ko\u017ee.","robots":{"index":"index","follow":"follow","max-snippet":"max-snippet:-1","max-image-preview":"max-image-preview:large","max-video-preview":"max-video-preview:-1"},"canonical":"https:\/\/www.heaven-hell.si\/en\/the-product\/o-vlazilni-losjon-za-telo\/","og_locale":"en_GB","og_type":"article","og_title":"\u00d3 Vla\u017eilni losjon za telo","og_description":"Hranilen losjon za telo, obogaten s Kocbek ginom in hladno stiskanim Kocbek bu\u010dnim oljem. Hexapeptidi pomagajo izbolj\u0161ati \u010dvrstost, elasti\u010dnost in sijaj ko\u017ee.","og_url":"https:\/\/www.heaven-hell.si\/en\/the-product\/o-vlazilni-losjon-za-telo\/","og_site_name":"Heaven &amp; Hell Gin","article_publisher":"https:\/\/www.facebook.com\/heavenhellgin","article_modified_time":"2025-11-12T12:17:47+00:00","og_image":[{"width":1000,"height":1000,"url":"https:\/\/www.heaven-hell.si\/wp-content\/uploads\/2025\/11\/hh-kocbek-lotion.png","type":"image\/png"}],"schema":{"@context":"https:\/\/schema.org","@graph":[{"@type":"WebPage","@id":"https:\/\/www.heaven-hell.si\/izdelek\/o-vlazilni-losjon-za-telo\/","url":"https:\/\/www.heaven-hell.si\/izdelek\/o-vlazilni-losjon-za-telo\/","name":"\u00d3 Vla\u017eilni losjon za telo - Heaven &amp; Hell Gin","isPartOf":{"@id":"https:\/\/www.heaven-hell.si\/#website"},"primaryImageOfPage":{"@id":"https:\/\/www.heaven-hell.si\/izdelek\/o-vlazilni-losjon-za-telo\/#primaryimage"},"image":{"@id":"https:\/\/www.heaven-hell.si\/izdelek\/o-vlazilni-losjon-za-telo\/#primaryimage"},"thumbnailUrl":"https:\/\/www.heaven-hell.si\/wp-content\/uploads\/2025\/11\/hh-kocbek-lotion.png","datePublished":"2025-11-09T18:47:11+00:00","dateModified":"2025-11-12T12:17:47+00:00","description":"Hranilen losjon za telo, obogaten s Kocbek ginom in hladno stiskanim Kocbek bu\u010dnim oljem. Hexapeptidi pomagajo izbolj\u0161ati \u010dvrstost, elasti\u010dnost in sijaj ko\u017ee.","breadcrumb":{"@id":"https:\/\/www.heaven-hell.si\/izdelek\/o-vlazilni-losjon-za-telo\/#breadcrumb"},"inLanguage":"en-GB","potentialAction":[{"@type":"ReadAction","target":["https:\/\/www.heaven-hell.si\/izdelek\/o-vlazilni-losjon-za-telo\/"]}]},{"@type":"ImageObject","inLanguage":"en-GB","@id":"https:\/\/www.heaven-hell.si\/izdelek\/o-vlazilni-losjon-za-telo\/#primaryimage","url":"https:\/\/www.heaven-hell.si\/wp-content\/uploads\/2025\/11\/hh-kocbek-lotion.png","contentUrl":"https:\/\/www.heaven-hell.si\/wp-content\/uploads\/2025\/11\/hh-kocbek-lotion.png","width":1000,"height":1000},{"@type":"BreadcrumbList","@id":"https:\/\/www.heaven-hell.si\/izdelek\/o-vlazilni-losjon-za-telo\/#breadcrumb","itemListElement":[{"@type":"ListItem","position":1,"name":"Domov","item":"https:\/\/www.heaven-hell.si\/"},{"@type":"ListItem","position":2,"name":"Trgovina","item":"https:\/\/www.heaven-hell.si\/trgovina\/"},{"@type":"ListItem","position":3,"name":"\u00d3 Vla\u017eilni losjon za telo"}]},{"@type":"WebSite","@id":"https:\/\/www.heaven-hell.si\/#website","url":"https:\/\/www.heaven-hell.si\/","name":"Heaven &amp; Hell gin","description":"Kiss of Immortality","publisher":{"@id":"https:\/\/www.heaven-hell.si\/#organization"},"potentialAction":[{"@type":"SearchAction","target":{"@type":"EntryPoint","urlTemplate":"https:\/\/www.heaven-hell.si\/?s={search_term_string}"},"query-input":{"@type":"PropertyValueSpecification","valueRequired":true,"valueName":"search_term_string"}}],"inLanguage":"en-GB"},{"@type":["Organization","Place"],"@id":"https:\/\/www.heaven-hell.si\/#organization","name":"Kiss of Immortality d.o.o.","alternateName":"Heaven & Hell Luxury London Dry gin","url":"https:\/\/www.heaven-hell.si\/","logo":{"@id":"https:\/\/www.heaven-hell.si\/izdelek\/o-vlazilni-losjon-za-telo\/#local-main-organization-logo"},"image":{"@id":"https:\/\/www.heaven-hell.si\/izdelek\/o-vlazilni-losjon-za-telo\/#local-main-organization-logo"},"sameAs":["https:\/\/www.facebook.com\/heavenhellgin","https:\/\/www.instagram.com\/heavenhellgin\/","https:\/\/www.youtube.com\/@heavenhellgin","https:\/\/www.tiktok.com\/@heavenhellgin"],"publishingPrinciples":"https:\/\/www.heaven-hell.si\/splosni-pogoji\/","ownershipFundingInfo":"https:\/\/www.heaven-hell.si\/kontakt\/","actionableFeedbackPolicy":"https:\/\/www.heaven-hell.si\/piskotki\/","address":{"@id":"https:\/\/www.heaven-hell.si\/izdelek\/o-vlazilni-losjon-za-telo\/#local-main-place-address"},"geo":{"@type":"GeoCoordinates","latitude":"46.5702914","longitude":"16.334821"},"telephone":["040 979 940"],"openingHoursSpecification":{"@type":"OpeningHoursSpecification","dayOfWeek":["Monday","Tuesday","Wednesday","Thursday","Friday","Saturday","Sunday"],"opens":"00:00","closes":"23:59"},"email":"info@heaven-hell.si","areaServed":"EU","vatID":"SI72846925","taxID":"SI72846925"},{"@type":"PostalAddress","@id":"https:\/\/www.heaven-hell.si\/izdelek\/o-vlazilni-losjon-za-telo\/#local-main-place-address","streetAddress":"Velika Polana 151A","addressLocality":"Velika Polana","postalCode":"9225","addressRegion":"Pomurje","addressCountry":"SI"},{"@type":"ImageObject","inLanguage":"en-GB","@id":"https:\/\/www.heaven-hell.si\/izdelek\/o-vlazilni-losjon-za-telo\/#local-main-organization-logo","url":"https:\/\/www.heaven-hell.si\/wp-content\/uploads\/2023\/10\/heaven-hell-logo-gold-email.png","contentUrl":"https:\/\/www.heaven-hell.si\/wp-content\/uploads\/2023\/10\/heaven-hell-logo-gold-email.png","width":250,"height":104,"caption":"Kiss of Immortality d.o.o."}]},"product_price_amount":"18.90","product_price_currency":"EUR","og_availability":"instock","product_availability":"instock","product_retailer_item_id":"3830082062323","product_condition":"new","geo.placename":"Velika Polana","geo.position":{"lat":"46.5702914","long":"16.334821"},"geo.region":"Slovenia"},"_links":{"self":[{"href":"https:\/\/www.heaven-hell.si\/en\/wp-json\/wp\/v2\/product\/18658","targetHints":{"allow":["GET"]}}],"collection":[{"href":"https:\/\/www.heaven-hell.si\/en\/wp-json\/wp\/v2\/product"}],"about":[{"href":"https:\/\/www.heaven-hell.si\/en\/wp-json\/wp\/v2\/types\/product"}],"replies":[{"embeddable":true,"href":"https:\/\/www.heaven-hell.si\/en\/wp-json\/wp\/v2\/comments?post=18658"}],"version-history":[{"count":10,"href":"https:\/\/www.heaven-hell.si\/en\/wp-json\/wp\/v2\/product\/18658\/revisions"}],"predecessor-version":[{"id":18722,"href":"https:\/\/www.heaven-hell.si\/en\/wp-json\/wp\/v2\/product\/18658\/revisions\/18722"}],"wp:featuredmedia":[{"embeddable":true,"href":"https:\/\/www.heaven-hell.si\/en\/wp-json\/wp\/v2\/media\/18650"}],"wp:attachment":[{"href":"https:\/\/www.heaven-hell.si\/en\/wp-json\/wp\/v2\/media?parent=18658"}],"wp:term":[{"taxonomy":"product_brand","embeddable":true,"href":"https:\/\/www.heaven-hell.si\/en\/wp-json\/wp\/v2\/product_brand?post=18658"},{"taxonomy":"product_cat","embeddable":true,"href":"https:\/\/www.heaven-hell.si\/en\/wp-json\/wp\/v2\/product_cat?post=18658"},{"taxonomy":"product_tag","embeddable":true,"href":"https:\/\/www.heaven-hell.si\/en\/wp-json\/wp\/v2\/product_tag?post=18658"}],"curies":[{"name":"wp","href":"https:\/\/api.w.org\/{rel}","templated":true}]}}