{"id":18535,"date":"2025-11-09T16:12:22","date_gmt":"2025-11-09T15:12:22","guid":{"rendered":"https:\/\/www.heaven-hell.si\/?post_type=product&#038;p=18535"},"modified":"2025-11-09T16:56:04","modified_gmt":"2025-11-09T15:56:04","slug":"pavilion-forbidden-cherry","status":"publish","type":"product","link":"https:\/\/www.heaven-hell.si\/en\/the-product\/pavilion-forbidden-cherry\/","title":{"rendered":"PAVILION &#8211; Forbidden Cherry"},"content":{"rendered":"<div data-elementor-type=\"product-post\" data-elementor-id=\"18535\" class=\"elementor elementor-18535\" data-elementor-post-type=\"product\">\n\t\t\t\t\t\t<section class=\"wd-negative-gap elementor-section elementor-top-section elementor-element elementor-element-40e3b54 wd-section-stretch elementor-section-boxed elementor-section-height-default elementor-section-height-default\" data-id=\"40e3b54\" data-element_type=\"section\">\n\t\t\t\t\t\t<div class=\"elementor-container elementor-column-gap-no\">\n\t\t\t\t\t<div class=\"elementor-column elementor-col-100 elementor-top-column elementor-element elementor-element-60ddd01\" data-id=\"60ddd01\" data-element_type=\"column\" data-settings=\"{&quot;background_background&quot;:&quot;classic&quot;}\">\n\t\t\t<div class=\"elementor-widget-wrap elementor-element-populated\">\n\t\t\t\t\t\t<div class=\"elementor-element elementor-element-e4c3618 elementor-widget elementor-widget-wd_text_block\" data-id=\"e4c3618\" data-element_type=\"widget\" data-widget_type=\"wd_text_block.default\">\n\t\t\t\t<div class=\"elementor-widget-container\">\n\t\t\t\t\t\t\t<div class=\"wd-text-block reset-last-child text-left color-title\">\n\t\t\t\n\t\t\t<p>HEAVEN &amp; HELL CANDLES<\/p>\n\t\t\t\t\t<\/div>\n\t\t\t\t\t\t<\/div>\n\t\t\t\t<\/div>\n\t\t\t\t<div class=\"elementor-element elementor-element-e21650c elementor-widget elementor-widget-heading\" data-id=\"e21650c\" data-element_type=\"widget\" data-widget_type=\"heading.default\">\n\t\t\t\t<div class=\"elementor-widget-container\">\n\t\t\t\t\t<h2 class=\"elementor-heading-title elementor-size-default\">Warnings and instructions for using our products.<\/h2>\t\t\t\t<\/div>\n\t\t\t\t<\/div>\n\t\t\t\t<div class=\"elementor-element elementor-element-230a8a4 elementor-widget__width-initial elementor-widget elementor-widget-wd_text_block\" data-id=\"230a8a4\" data-element_type=\"widget\" data-widget_type=\"wd_text_block.default\">\n\t\t\t\t<div class=\"elementor-widget-container\">\n\t\t\t\t\t\t\t<div class=\"wd-text-block reset-last-child text-left\">\n\t\t\t\n\t\t\t<p><img decoding=\"async\" class=\"alignnone size-medium wp-image-16362\" src=\"https:\/\/www.heaven-hell.si\/wp-content\/uploads\/2023\/12\/heaven-hell-svece-opozorilo-400x63.png\" alt=\"\" width=\"400\" height=\"63\" style=\"font-size: 16px; text-align: var(--text-align); color: var(--wd-text-color);\" srcset=\"https:\/\/www.heaven-hell.si\/wp-content\/uploads\/2023\/12\/heaven-hell-svece-opozorilo-400x63.png 400w, https:\/\/www.heaven-hell.si\/wp-content\/uploads\/2023\/12\/heaven-hell-svece-opozorilo-768x120.png 768w, https:\/\/www.heaven-hell.si\/wp-content\/uploads\/2023\/12\/heaven-hell-svece-opozorilo-430x67.png 430w, https:\/\/www.heaven-hell.si\/wp-content\/uploads\/2023\/12\/heaven-hell-svece-opozorilo-700x109.png 700w, https:\/\/www.heaven-hell.si\/wp-content\/uploads\/2023\/12\/heaven-hell-svece-opozorilo-150x23.png 150w, https:\/\/www.heaven-hell.si\/wp-content\/uploads\/2023\/12\/heaven-hell-svece-opozorilo.png 800w\" sizes=\"(max-width: 400px) 100vw, 400px\" \/><br><\/p><p>Napotki so povzeti po slovenskem standardu SIST EN 15494:2008 \u2022 Sve\u010da naj nikoli ne gori brez nadzora. \u2022 Gore\u010do sve\u010do namestimo na podstavek, sve\u010dnik ali primerno posodo, stoji naj ravno in stabilno. \u2022 Gore\u010de sve\u010de ne&nbsp; premikamo in ne nosimo po prostoru. \u2022 Gore\u010da sve\u010da mora biti vedno izven dosega &nbsp;otrok ali doma\u010dih \u017eivali \u2022 Gore\u010de sve\u010de nikoli ne postavljamo na prepih, v bli\u017eino gorljivih snovi (zavese, papir ipd.) in naprav, ki oddajajo toploto (pe\u010di, el. aparati ipd.). \u2022 Gore\u010de sve\u010de naj se ne stikajo med seboj. Upo\u0161tevamo najmanj\u0161o varnostno razdaljo, tj. 10 cm med posameznimi sve\u010dami. \u2022 Pred pri\u017eiganjem dolg stenj odre\u017eemo na pribli\u017eno 1 cm. \u2022 Dogorelih v\u017eigalic nikoli ne me\u010demo v staljen vosek. \u2022 Sve\u010de nikoli ne uga\u0161amo s pihanjem v plamen ali s teko\u010dino, raje uporabimo zvon\u010dek za ga\u0161enje. \u2022 Sve\u010do lahko ugasnemo tudi tako, da stenj (npr. s pomo\u010djo kovinske pal\u010dke) potopimo v staljeni vosek in ga nato ponovno vzravnamo. <\/p>\n\t\t\t\t\t<\/div>\n\t\t\t\t\t\t<\/div>\n\t\t\t\t<\/div>\n\t\t\t\t<div class=\"elementor-element elementor-element-dbedf03 elementor-widget elementor-widget-heading\" data-id=\"dbedf03\" data-element_type=\"widget\" data-widget_type=\"heading.default\">\n\t\t\t\t<div class=\"elementor-widget-container\">\n\t\t\t\t\t<h2 class=\"elementor-heading-title elementor-size-default\">Recommendation<\/h2>\t\t\t\t<\/div>\n\t\t\t\t<\/div>\n\t\t\t\t<div class=\"elementor-element elementor-element-b6d6849 elementor-widget__width-initial elementor-widget elementor-widget-wd_text_block\" data-id=\"b6d6849\" data-element_type=\"widget\" data-widget_type=\"wd_text_block.default\">\n\t\t\t\t<div class=\"elementor-widget-container\">\n\t\t\t\t\t\t\t<div class=\"wd-text-block reset-last-child text-left\">\n\t\t\t\n\t\t\t<p>To ensure an even burn and to avoid possible damage to the crystal or overheating of the wax bottle, I recommend that once the top layer of soy wax has softened, remove the crystal from the wax and place it next to the candle. You can clean it later with warm soapy water, which will not affect the healing energy of your candle.<\/p><p>Sometimes leaving a crystal in a candle while it is burning can also lead to tunneling of the candle and can also displace the wick or even obstruct the wick, preventing the candle from working. With candles with crystals, it is important to make sure that the wick has enough space so that it can actually burn.<\/p><p>If your candle wax starts to tunnel, you can wrap the jar in foil, leaving the edge over the opening, so that the entire container heats up and melts to the edge.<\/p><p>It is important to let the candle burn all the way to the edges when burning for the first time. The candle should burn for a maximum of 4 hours, a minimum of 2 hours.\u00a0<\/p>\n\t\t\t\t\t<\/div>\n\t\t\t\t\t\t<\/div>\n\t\t\t\t<\/div>\n\t\t\t\t\t<\/div>\n\t\t<\/div>\n\t\t\t\t\t<\/div>\n\t\t<\/section>\n\t\t\t\t<\/div>","protected":false},"excerpt":{"rendered":"<p><em>Drzna. Sladka. Provokativna. Poljub, ki traja.<\/em><\/p>\n<p><strong>Forbidden Cherry<\/strong> ne skriva svoje \u010dutnosti. Zrele temno rde\u010de \u010de\u0161nje prinesejo so\u010dnost in drzno sladkost. <strong>Mandljeva toplina<\/strong> doda telesnost in mehkobo. Balzami\u010dne note pa ustvarijo <strong>\u017eametno globino<\/strong>, ki v prostoru ostane kot <strong>spomin na dotik<\/strong>.<\/p>\n<p>To je sve\u010da poznono\u010dnih balkonov, svilenih zaves in skrivnosti, ki jih ne delimo.<br \/>\nNi za vsakogar.<br \/>\nJe za trenutke, ki pripadajo samo tebi.<\/p>\n<p><strong>Uporaba kupole:<\/strong><br \/>\nKupola slu\u017ei za\u0161\u010diti in elegance, <strong>ne uporabi je, ko sve\u010da gori<\/strong>.<br \/>\nPred ponovnim pokrivanjem po\u010dakajte, da se sve\u010da <strong>popolnoma ohladi<\/strong>.<\/p>","protected":false},"featured_media":18524,"comment_status":"closed","ping_status":"closed","template":"","meta":{"ngg_post_thumbnail":0},"product_brand":[],"product_cat":[160],"product_tag":[],"class_list":{"0":"post-18535","1":"product","2":"type-product","3":"status-publish","4":"has-post-thumbnail","6":"product_cat-pavilion-svece","8":"first","9":"instock","10":"taxable","11":"shipping-taxable","12":"purchasable","13":"product-type-simple"},"yoast_head":"<!-- This site is optimized with the Yoast SEO Premium plugin v21.4 (Yoast SEO v27.2) - https:\/\/yoast.com\/product\/yoast-seo-premium-wordpress\/ -->\n<title>PAVILION - Forbidden Cherry - Heaven &amp; Hell Gin<\/title>\n<meta name=\"description\" content=\"Forbidden Cherry ne skriva svoje \u010dutnosti. Zrele temno rde\u010de \u010de\u0161nje prinesejo so\u010dnost in drzno sladkost. Mandljeva toplina doda telesnost in mehkobo. Balzami\u010dne note pa ustvarijo \u017eametno globino, ki v prostoru ostane kot spomin na dotik.\" \/>\n<meta name=\"robots\" content=\"index, follow, max-snippet:-1, max-image-preview:large, max-video-preview:-1\" \/>\n<link rel=\"canonical\" href=\"https:\/\/www.heaven-hell.si\/en\/the-product\/pavilion-forbidden-cherry\/\" \/>\n<meta property=\"og:locale\" content=\"en_GB\" \/>\n<meta property=\"og:type\" content=\"article\" \/>\n<meta property=\"og:title\" content=\"PAVILION - Forbidden Cherry\" \/>\n<meta property=\"og:description\" content=\"Forbidden Cherry ne skriva svoje \u010dutnosti. Zrele temno rde\u010de \u010de\u0161nje prinesejo so\u010dnost in drzno sladkost. Mandljeva toplina doda telesnost in mehkobo. Balzami\u010dne note pa ustvarijo \u017eametno globino, ki v prostoru ostane kot spomin na dotik.\" \/>\n<meta property=\"og:url\" content=\"https:\/\/www.heaven-hell.si\/en\/the-product\/pavilion-forbidden-cherry\/\" \/>\n<meta property=\"og:site_name\" content=\"Heaven &amp; Hell Gin\" \/>\n<meta property=\"article:publisher\" content=\"https:\/\/www.facebook.com\/heavenhellgin\" \/>\n<meta property=\"article:modified_time\" content=\"2025-11-09T15:56:04+00:00\" \/>\n<meta property=\"og:image\" content=\"https:\/\/www.heaven-hell.si\/wp-content\/uploads\/2025\/11\/naslovna-botanical-bela.webp\" \/>\n\t<meta property=\"og:image:width\" content=\"1200\" \/>\n\t<meta property=\"og:image:height\" content=\"1200\" \/>\n\t<meta property=\"og:image:type\" content=\"image\/webp\" \/>\n<script type=\"application\/ld+json\" class=\"yoast-schema-graph\">{\"@context\":\"https:\/\/schema.org\",\"@graph\":[{\"@type\":\"WebPage\",\"@id\":\"https:\/\/www.heaven-hell.si\/izdelek\/pavilion-forbidden-cherry\/\",\"url\":\"https:\/\/www.heaven-hell.si\/izdelek\/pavilion-forbidden-cherry\/\",\"name\":\"PAVILION - Forbidden Cherry - Heaven &amp; Hell Gin\",\"isPartOf\":{\"@id\":\"https:\/\/www.heaven-hell.si\/#website\"},\"primaryImageOfPage\":{\"@id\":\"https:\/\/www.heaven-hell.si\/izdelek\/pavilion-forbidden-cherry\/#primaryimage\"},\"image\":{\"@id\":\"https:\/\/www.heaven-hell.si\/izdelek\/pavilion-forbidden-cherry\/#primaryimage\"},\"thumbnailUrl\":\"https:\/\/www.heaven-hell.si\/wp-content\/uploads\/2025\/11\/naslovna-botanical-bela.webp\",\"datePublished\":\"2025-11-09T15:12:22+00:00\",\"dateModified\":\"2025-11-09T15:56:04+00:00\",\"description\":\"Forbidden Cherry ne skriva svoje \u010dutnosti. Zrele temno rde\u010de \u010de\u0161nje prinesejo so\u010dnost in drzno sladkost. Mandljeva toplina doda telesnost in mehkobo. Balzami\u010dne note pa ustvarijo \u017eametno globino, ki v prostoru ostane kot spomin na dotik.\",\"breadcrumb\":{\"@id\":\"https:\/\/www.heaven-hell.si\/izdelek\/pavilion-forbidden-cherry\/#breadcrumb\"},\"inLanguage\":\"en-GB\",\"potentialAction\":[{\"@type\":\"ReadAction\",\"target\":[\"https:\/\/www.heaven-hell.si\/izdelek\/pavilion-forbidden-cherry\/\"]}]},{\"@type\":\"ImageObject\",\"inLanguage\":\"en-GB\",\"@id\":\"https:\/\/www.heaven-hell.si\/izdelek\/pavilion-forbidden-cherry\/#primaryimage\",\"url\":\"https:\/\/www.heaven-hell.si\/wp-content\/uploads\/2025\/11\/naslovna-botanical-bela.webp\",\"contentUrl\":\"https:\/\/www.heaven-hell.si\/wp-content\/uploads\/2025\/11\/naslovna-botanical-bela.webp\",\"width\":1200,\"height\":1200},{\"@type\":\"BreadcrumbList\",\"@id\":\"https:\/\/www.heaven-hell.si\/izdelek\/pavilion-forbidden-cherry\/#breadcrumb\",\"itemListElement\":[{\"@type\":\"ListItem\",\"position\":1,\"name\":\"Domov\",\"item\":\"https:\/\/www.heaven-hell.si\/\"},{\"@type\":\"ListItem\",\"position\":2,\"name\":\"Trgovina\",\"item\":\"https:\/\/www.heaven-hell.si\/trgovina\/\"},{\"@type\":\"ListItem\",\"position\":3,\"name\":\"PAVILION &#8211; Forbidden Cherry\"}]},{\"@type\":\"WebSite\",\"@id\":\"https:\/\/www.heaven-hell.si\/#website\",\"url\":\"https:\/\/www.heaven-hell.si\/\",\"name\":\"Heaven & Hell gin\",\"description\":\"Kiss of Immortality\",\"publisher\":{\"@id\":\"https:\/\/www.heaven-hell.si\/#organization\"},\"potentialAction\":[{\"@type\":\"SearchAction\",\"target\":{\"@type\":\"EntryPoint\",\"urlTemplate\":\"https:\/\/www.heaven-hell.si\/?s={search_term_string}\"},\"query-input\":{\"@type\":\"PropertyValueSpecification\",\"valueRequired\":true,\"valueName\":\"search_term_string\"}}],\"inLanguage\":\"en-GB\"},{\"@type\":[\"Organization\",\"Place\"],\"@id\":\"https:\/\/www.heaven-hell.si\/#organization\",\"name\":\"Kiss of Immortality d.o.o.\",\"alternateName\":\"Heaven & Hell Luxury London Dry gin\",\"url\":\"https:\/\/www.heaven-hell.si\/\",\"logo\":{\"@id\":\"https:\/\/www.heaven-hell.si\/izdelek\/pavilion-forbidden-cherry\/#local-main-organization-logo\"},\"image\":{\"@id\":\"https:\/\/www.heaven-hell.si\/izdelek\/pavilion-forbidden-cherry\/#local-main-organization-logo\"},\"sameAs\":[\"https:\/\/www.facebook.com\/heavenhellgin\",\"https:\/\/www.instagram.com\/heavenhellgin\/\",\"https:\/\/www.youtube.com\/@heavenhellgin\",\"https:\/\/www.tiktok.com\/@heavenhellgin\"],\"publishingPrinciples\":\"https:\/\/www.heaven-hell.si\/splosni-pogoji\/\",\"ownershipFundingInfo\":\"https:\/\/www.heaven-hell.si\/kontakt\/\",\"actionableFeedbackPolicy\":\"https:\/\/www.heaven-hell.si\/piskotki\/\",\"address\":{\"@id\":\"https:\/\/www.heaven-hell.si\/izdelek\/pavilion-forbidden-cherry\/#local-main-place-address\"},\"geo\":{\"@type\":\"GeoCoordinates\",\"latitude\":\"46.5702914\",\"longitude\":\"16.334821\"},\"telephone\":[\"040 979 940\"],\"openingHoursSpecification\":{\"@type\":\"OpeningHoursSpecification\",\"dayOfWeek\":[\"Monday\",\"Tuesday\",\"Wednesday\",\"Thursday\",\"Friday\",\"Saturday\",\"Sunday\"],\"opens\":\"00:00\",\"closes\":\"23:59\"},\"email\":\"info@heaven-hell.si\",\"areaServed\":\"EU\",\"vatID\":\"SI72846925\",\"taxID\":\"SI72846925\"},{\"@type\":\"PostalAddress\",\"@id\":\"https:\/\/www.heaven-hell.si\/izdelek\/pavilion-forbidden-cherry\/#local-main-place-address\",\"streetAddress\":\"Velika Polana 151A\",\"addressLocality\":\"Velika Polana\",\"postalCode\":\"9225\",\"addressRegion\":\"Pomurje\",\"addressCountry\":\"SI\"},{\"@type\":\"ImageObject\",\"inLanguage\":\"en-GB\",\"@id\":\"https:\/\/www.heaven-hell.si\/izdelek\/pavilion-forbidden-cherry\/#local-main-organization-logo\",\"url\":\"https:\/\/www.heaven-hell.si\/wp-content\/uploads\/2023\/10\/heaven-hell-logo-gold-email.png\",\"contentUrl\":\"https:\/\/www.heaven-hell.si\/wp-content\/uploads\/2023\/10\/heaven-hell-logo-gold-email.png\",\"width\":250,\"height\":104,\"caption\":\"Kiss of Immortality d.o.o.\"}]}<\/script>\n<meta property=\"product:price:amount\" content=\"28.90\" \/>\n<meta property=\"product:price:currency\" content=\"EUR\" \/>\n<meta property=\"og:availability\" content=\"instock\" \/>\n<meta property=\"product:availability\" content=\"instock\" \/>\n<meta property=\"product:retailer_item_id\" content=\"3830082062286-cherry\" \/>\n<meta property=\"product:condition\" content=\"new\" \/>\n<meta name=\"geo.placename\" content=\"Velika Polana\" \/>\n<meta name=\"geo.position\" content=\"46.5702914;16.334821\" \/>\n<meta name=\"geo.region\" content=\"Slovenia\" \/>\n<!-- \/ Yoast SEO Premium plugin. -->","yoast_head_json":{"title":"PAVILION - Forbidden Cherry - Heaven &amp; Hell Gin","description":"Forbidden Cherry ne skriva svoje \u010dutnosti. Zrele temno rde\u010de \u010de\u0161nje prinesejo so\u010dnost in drzno sladkost. Mandljeva toplina doda telesnost in mehkobo. Balzami\u010dne note pa ustvarijo \u017eametno globino, ki v prostoru ostane kot spomin na dotik.","robots":{"index":"index","follow":"follow","max-snippet":"max-snippet:-1","max-image-preview":"max-image-preview:large","max-video-preview":"max-video-preview:-1"},"canonical":"https:\/\/www.heaven-hell.si\/en\/the-product\/pavilion-forbidden-cherry\/","og_locale":"en_GB","og_type":"article","og_title":"PAVILION - Forbidden Cherry","og_description":"Forbidden Cherry ne skriva svoje \u010dutnosti. Zrele temno rde\u010de \u010de\u0161nje prinesejo so\u010dnost in drzno sladkost. Mandljeva toplina doda telesnost in mehkobo. Balzami\u010dne note pa ustvarijo \u017eametno globino, ki v prostoru ostane kot spomin na dotik.","og_url":"https:\/\/www.heaven-hell.si\/en\/the-product\/pavilion-forbidden-cherry\/","og_site_name":"Heaven &amp; Hell Gin","article_publisher":"https:\/\/www.facebook.com\/heavenhellgin","article_modified_time":"2025-11-09T15:56:04+00:00","og_image":[{"width":1200,"height":1200,"url":"https:\/\/www.heaven-hell.si\/wp-content\/uploads\/2025\/11\/naslovna-botanical-bela.webp","type":"image\/webp"}],"schema":{"@context":"https:\/\/schema.org","@graph":[{"@type":"WebPage","@id":"https:\/\/www.heaven-hell.si\/izdelek\/pavilion-forbidden-cherry\/","url":"https:\/\/www.heaven-hell.si\/izdelek\/pavilion-forbidden-cherry\/","name":"PAVILION - Forbidden Cherry - Heaven &amp; Hell Gin","isPartOf":{"@id":"https:\/\/www.heaven-hell.si\/#website"},"primaryImageOfPage":{"@id":"https:\/\/www.heaven-hell.si\/izdelek\/pavilion-forbidden-cherry\/#primaryimage"},"image":{"@id":"https:\/\/www.heaven-hell.si\/izdelek\/pavilion-forbidden-cherry\/#primaryimage"},"thumbnailUrl":"https:\/\/www.heaven-hell.si\/wp-content\/uploads\/2025\/11\/naslovna-botanical-bela.webp","datePublished":"2025-11-09T15:12:22+00:00","dateModified":"2025-11-09T15:56:04+00:00","description":"Forbidden Cherry ne skriva svoje \u010dutnosti. Zrele temno rde\u010de \u010de\u0161nje prinesejo so\u010dnost in drzno sladkost. Mandljeva toplina doda telesnost in mehkobo. Balzami\u010dne note pa ustvarijo \u017eametno globino, ki v prostoru ostane kot spomin na dotik.","breadcrumb":{"@id":"https:\/\/www.heaven-hell.si\/izdelek\/pavilion-forbidden-cherry\/#breadcrumb"},"inLanguage":"en-GB","potentialAction":[{"@type":"ReadAction","target":["https:\/\/www.heaven-hell.si\/izdelek\/pavilion-forbidden-cherry\/"]}]},{"@type":"ImageObject","inLanguage":"en-GB","@id":"https:\/\/www.heaven-hell.si\/izdelek\/pavilion-forbidden-cherry\/#primaryimage","url":"https:\/\/www.heaven-hell.si\/wp-content\/uploads\/2025\/11\/naslovna-botanical-bela.webp","contentUrl":"https:\/\/www.heaven-hell.si\/wp-content\/uploads\/2025\/11\/naslovna-botanical-bela.webp","width":1200,"height":1200},{"@type":"BreadcrumbList","@id":"https:\/\/www.heaven-hell.si\/izdelek\/pavilion-forbidden-cherry\/#breadcrumb","itemListElement":[{"@type":"ListItem","position":1,"name":"Domov","item":"https:\/\/www.heaven-hell.si\/"},{"@type":"ListItem","position":2,"name":"Trgovina","item":"https:\/\/www.heaven-hell.si\/trgovina\/"},{"@type":"ListItem","position":3,"name":"PAVILION &#8211; Forbidden Cherry"}]},{"@type":"WebSite","@id":"https:\/\/www.heaven-hell.si\/#website","url":"https:\/\/www.heaven-hell.si\/","name":"Heaven &amp; Hell gin","description":"Kiss of Immortality","publisher":{"@id":"https:\/\/www.heaven-hell.si\/#organization"},"potentialAction":[{"@type":"SearchAction","target":{"@type":"EntryPoint","urlTemplate":"https:\/\/www.heaven-hell.si\/?s={search_term_string}"},"query-input":{"@type":"PropertyValueSpecification","valueRequired":true,"valueName":"search_term_string"}}],"inLanguage":"en-GB"},{"@type":["Organization","Place"],"@id":"https:\/\/www.heaven-hell.si\/#organization","name":"Kiss of Immortality d.o.o.","alternateName":"Heaven & Hell Luxury London Dry gin","url":"https:\/\/www.heaven-hell.si\/","logo":{"@id":"https:\/\/www.heaven-hell.si\/izdelek\/pavilion-forbidden-cherry\/#local-main-organization-logo"},"image":{"@id":"https:\/\/www.heaven-hell.si\/izdelek\/pavilion-forbidden-cherry\/#local-main-organization-logo"},"sameAs":["https:\/\/www.facebook.com\/heavenhellgin","https:\/\/www.instagram.com\/heavenhellgin\/","https:\/\/www.youtube.com\/@heavenhellgin","https:\/\/www.tiktok.com\/@heavenhellgin"],"publishingPrinciples":"https:\/\/www.heaven-hell.si\/splosni-pogoji\/","ownershipFundingInfo":"https:\/\/www.heaven-hell.si\/kontakt\/","actionableFeedbackPolicy":"https:\/\/www.heaven-hell.si\/piskotki\/","address":{"@id":"https:\/\/www.heaven-hell.si\/izdelek\/pavilion-forbidden-cherry\/#local-main-place-address"},"geo":{"@type":"GeoCoordinates","latitude":"46.5702914","longitude":"16.334821"},"telephone":["040 979 940"],"openingHoursSpecification":{"@type":"OpeningHoursSpecification","dayOfWeek":["Monday","Tuesday","Wednesday","Thursday","Friday","Saturday","Sunday"],"opens":"00:00","closes":"23:59"},"email":"info@heaven-hell.si","areaServed":"EU","vatID":"SI72846925","taxID":"SI72846925"},{"@type":"PostalAddress","@id":"https:\/\/www.heaven-hell.si\/izdelek\/pavilion-forbidden-cherry\/#local-main-place-address","streetAddress":"Velika Polana 151A","addressLocality":"Velika Polana","postalCode":"9225","addressRegion":"Pomurje","addressCountry":"SI"},{"@type":"ImageObject","inLanguage":"en-GB","@id":"https:\/\/www.heaven-hell.si\/izdelek\/pavilion-forbidden-cherry\/#local-main-organization-logo","url":"https:\/\/www.heaven-hell.si\/wp-content\/uploads\/2023\/10\/heaven-hell-logo-gold-email.png","contentUrl":"https:\/\/www.heaven-hell.si\/wp-content\/uploads\/2023\/10\/heaven-hell-logo-gold-email.png","width":250,"height":104,"caption":"Kiss of Immortality d.o.o."}]},"product_price_amount":"28.90","product_price_currency":"EUR","og_availability":"instock","product_availability":"instock","product_retailer_item_id":"3830082062286-cherry","product_condition":"new","geo.placename":"Velika Polana","geo.position":{"lat":"46.5702914","long":"16.334821"},"geo.region":"Slovenia"},"_links":{"self":[{"href":"https:\/\/www.heaven-hell.si\/en\/wp-json\/wp\/v2\/product\/18535","targetHints":{"allow":["GET"]}}],"collection":[{"href":"https:\/\/www.heaven-hell.si\/en\/wp-json\/wp\/v2\/product"}],"about":[{"href":"https:\/\/www.heaven-hell.si\/en\/wp-json\/wp\/v2\/types\/product"}],"replies":[{"embeddable":true,"href":"https:\/\/www.heaven-hell.si\/en\/wp-json\/wp\/v2\/comments?post=18535"}],"version-history":[{"count":1,"href":"https:\/\/www.heaven-hell.si\/en\/wp-json\/wp\/v2\/product\/18535\/revisions"}],"predecessor-version":[{"id":18543,"href":"https:\/\/www.heaven-hell.si\/en\/wp-json\/wp\/v2\/product\/18535\/revisions\/18543"}],"wp:featuredmedia":[{"embeddable":true,"href":"https:\/\/www.heaven-hell.si\/en\/wp-json\/wp\/v2\/media\/18524"}],"wp:attachment":[{"href":"https:\/\/www.heaven-hell.si\/en\/wp-json\/wp\/v2\/media?parent=18535"}],"wp:term":[{"taxonomy":"product_brand","embeddable":true,"href":"https:\/\/www.heaven-hell.si\/en\/wp-json\/wp\/v2\/product_brand?post=18535"},{"taxonomy":"product_cat","embeddable":true,"href":"https:\/\/www.heaven-hell.si\/en\/wp-json\/wp\/v2\/product_cat?post=18535"},{"taxonomy":"product_tag","embeddable":true,"href":"https:\/\/www.heaven-hell.si\/en\/wp-json\/wp\/v2\/product_tag?post=18535"}],"curies":[{"name":"wp","href":"https:\/\/api.w.org\/{rel}","templated":true}]}}