{"id":16944,"date":"2024-07-28T13:51:07","date_gmt":"2024-07-28T12:51:07","guid":{"rendered":"https:\/\/www.heaven-hell.si\/?post_type=product&#038;p=16944"},"modified":"2025-05-18T07:07:19","modified_gmt":"2025-05-18T06:07:19","slug":"crystal-candle-clear-quartz","status":"publish","type":"product","link":"https:\/\/www.heaven-hell.si\/en\/the-product\/crystal-candle-clear-quartz\/","title":{"rendered":"Crystal Candle Clear Quartz"},"content":{"rendered":"<div data-elementor-type=\"product-post\" data-elementor-id=\"16944\" class=\"elementor elementor-16944\" data-elementor-post-type=\"product\">\n\t\t\t\t\t\t<section class=\"wd-negative-gap elementor-section elementor-top-section elementor-element elementor-element-334e1d3 wd-section-stretch elementor-section-boxed elementor-section-height-default elementor-section-height-default\" data-id=\"334e1d3\" data-element_type=\"section\">\n\t\t\t\t\t\t<div class=\"elementor-container elementor-column-gap-no\">\n\t\t\t\t\t<div class=\"elementor-column elementor-col-100 elementor-top-column elementor-element elementor-element-16c1de1\" data-id=\"16c1de1\" data-element_type=\"column\" data-settings=\"{&quot;background_background&quot;:&quot;classic&quot;}\">\n\t\t\t<div class=\"elementor-widget-wrap elementor-element-populated\">\n\t\t\t\t\t\t<div class=\"elementor-element elementor-element-438776c elementor-widget elementor-widget-wd_text_block\" data-id=\"438776c\" data-element_type=\"widget\" data-widget_type=\"wd_text_block.default\">\n\t\t\t\t<div class=\"elementor-widget-container\">\n\t\t\t\t\t\t\t<div class=\"wd-text-block reset-last-child text-left color-title\">\n\t\t\t\n\t\t\t<p>HEAVEN &amp; HELL CANDLES<\/p>\n\t\t\t\t\t<\/div>\n\t\t\t\t\t\t<\/div>\n\t\t\t\t<\/div>\n\t\t\t\t<div class=\"elementor-element elementor-element-c0b10f2 elementor-widget elementor-widget-heading\" data-id=\"c0b10f2\" data-element_type=\"widget\" data-widget_type=\"heading.default\">\n\t\t\t\t<div class=\"elementor-widget-container\">\n\t\t\t\t\t<h2 class=\"elementor-heading-title elementor-size-default\">Warnings and instructions for using our products.<\/h2>\t\t\t\t<\/div>\n\t\t\t\t<\/div>\n\t\t\t\t<div class=\"elementor-element elementor-element-fbefa0f elementor-widget__width-initial elementor-widget elementor-widget-wd_text_block\" data-id=\"fbefa0f\" data-element_type=\"widget\" data-widget_type=\"wd_text_block.default\">\n\t\t\t\t<div class=\"elementor-widget-container\">\n\t\t\t\t\t\t\t<div class=\"wd-text-block reset-last-child text-left\">\n\t\t\t\n\t\t\t<p><strong>Crystal candle<\/strong><\/p><p><img decoding=\"async\" class=\"alignnone size-medium wp-image-16362\" src=\"https:\/\/www.heaven-hell.si\/wp-content\/uploads\/2023\/12\/heaven-hell-svece-opozorilo-400x63.png\" alt=\"\" width=\"400\" height=\"63\" srcset=\"https:\/\/www.heaven-hell.si\/wp-content\/uploads\/2023\/12\/heaven-hell-svece-opozorilo-400x63.png 400w, https:\/\/www.heaven-hell.si\/wp-content\/uploads\/2023\/12\/heaven-hell-svece-opozorilo-768x120.png 768w, https:\/\/www.heaven-hell.si\/wp-content\/uploads\/2023\/12\/heaven-hell-svece-opozorilo-430x67.png 430w, https:\/\/www.heaven-hell.si\/wp-content\/uploads\/2023\/12\/heaven-hell-svece-opozorilo-700x109.png 700w, https:\/\/www.heaven-hell.si\/wp-content\/uploads\/2023\/12\/heaven-hell-svece-opozorilo-150x23.png 150w, https:\/\/www.heaven-hell.si\/wp-content\/uploads\/2023\/12\/heaven-hell-svece-opozorilo.png 800w\" sizes=\"(max-width: 400px) 100vw, 400px\" \/><\/p><p>The instructions are summarized according to the Slovenian standard SIST EN 15494:2008 \u2022 The candle should never be left to burn unattended. \u2022 Place the burning candle on a base, a candlestick or a suitable container, keep it flat and stable. \u2022 Do not move or carry a burning candle around the room. \u2022 A burning candle must always be placed out of the reach of children or pets \u2022 A burning candle should never be placed on drafts, near combustible substances (curtains, paper, etc.), and devices that emit heat (stoves, electrical appliances, etc.). \u2022 Keep burning candles away from each other. Observe the minimum safety distance, i.e. 10 cm between individual candles. \u2022 Before igniting, cut the long wick to about 1 cm. \u2022 Never throw matches into molten wax. \u2022 Never extinguish the candle by blowing out the flame or with liquid, use the extinguishing bell. \u2022 The candle can also be extinguished by immersing the wick (e.g. using a metal rod) in molten wax and then straightening it again. 220g candle - burning time approx. 45 h.<\/p>\n\t\t\t\t\t<\/div>\n\t\t\t\t\t\t<\/div>\n\t\t\t\t<\/div>\n\t\t\t\t<div class=\"elementor-element elementor-element-9269415 elementor-widget elementor-widget-heading\" data-id=\"9269415\" data-element_type=\"widget\" data-widget_type=\"heading.default\">\n\t\t\t\t<div class=\"elementor-widget-container\">\n\t\t\t\t\t<h2 class=\"elementor-heading-title elementor-size-default\">Recommendation<\/h2>\t\t\t\t<\/div>\n\t\t\t\t<\/div>\n\t\t\t\t<div class=\"elementor-element elementor-element-894487c elementor-widget__width-initial elementor-widget elementor-widget-wd_text_block\" data-id=\"894487c\" data-element_type=\"widget\" data-widget_type=\"wd_text_block.default\">\n\t\t\t\t<div class=\"elementor-widget-container\">\n\t\t\t\t\t\t\t<div class=\"wd-text-block reset-last-child text-left\">\n\t\t\t\n\t\t\t<p>To ensure an even burn and to avoid possible damage to the crystal or overheating of the wax bottle, I recommend that once the top layer of soy wax has softened, remove the crystal from the wax and place it next to the candle. You can clean it later with warm soapy water, which will not affect the healing energy of your candle.<\/p><p>Sometimes leaving a crystal in a candle while it is burning can also lead to tunneling of the candle and can also displace the wick or even obstruct the wick, preventing the candle from working. With candles with crystals, it is important to make sure that the wick has enough space so that it can actually burn.<\/p><p>If your candle wax starts to tunnel, you can wrap the jar in foil, leaving the edge over the opening, so that the entire container heats up and melts to the edge.<\/p><p>It is important to let the candle burn all the way to the edges when burning for the first time. The candle should burn for a maximum of 4 hours, a minimum of 2 hours.\u00a0<\/p>\n\t\t\t\t\t<\/div>\n\t\t\t\t\t\t<\/div>\n\t\t\t\t<\/div>\n\t\t\t\t\t<\/div>\n\t\t<\/div>\n\t\t\t\t\t<\/div>\n\t\t<\/section>\n\t\t\t\t<\/div>","protected":false},"excerpt":{"rendered":"<h3>Clear Quartz - Kryptonite<\/h3>\n<p>Clear Quartz is the master amplifier \u2013 a cleanser of energy and a beacon of spiritual clarity. The candle with this crystal clears the space and strengthens your intentions, guiding you toward new beginnings.<\/p>\n<p><strong>Zodiac connection:<\/strong> All signs, especially Capricorn, Leo, Aries<\/p>\n<p>For fresh starts, clarity, and energetic protection.<\/p>","protected":false},"featured_media":16947,"comment_status":"closed","ping_status":"closed","template":"","meta":{"ngg_post_thumbnail":0},"product_brand":[],"product_cat":[121],"product_tag":[],"class_list":{"0":"post-16944","1":"product","2":"type-product","3":"status-publish","4":"has-post-thumbnail","6":"product_cat-kristalne-svece","8":"first","9":"instock","10":"taxable","11":"shipping-taxable","12":"purchasable","13":"product-type-simple"},"yoast_head":"<!-- This site is optimized with the Yoast SEO Premium plugin v21.4 (Yoast SEO v27.2) - https:\/\/yoast.com\/product\/yoast-seo-premium-wordpress\/ -->\n<title>Kristalna sve\u010da Kamena strela - Heaven &amp; Hell Gin<\/title>\n<meta name=\"description\" content=\"Kamena strela je kraljica vseh kristalov \u2013 oja\u010devalka namere, \u010distilna sila in most do vi\u0161je zavesti. Sve\u010da z njeno prisotnostjo ustvarja \u010dist prostor za nove za\u010detke, za\u0161\u010dito in duhovno jasnost.\" \/>\n<meta name=\"robots\" content=\"index, follow, max-snippet:-1, max-image-preview:large, max-video-preview:-1\" \/>\n<link rel=\"canonical\" href=\"https:\/\/www.heaven-hell.si\/en\/the-product\/crystal-candle-clear-quartz\/\" \/>\n<meta property=\"og:locale\" content=\"en_GB\" \/>\n<meta property=\"og:type\" content=\"article\" \/>\n<meta property=\"og:title\" content=\"Kristalna sve\u010da Kamena strela\" \/>\n<meta property=\"og:description\" content=\"Kamena strela je kraljica vseh kristalov \u2013 oja\u010devalka namere, \u010distilna sila in most do vi\u0161je zavesti. Sve\u010da z njeno prisotnostjo ustvarja \u010dist prostor za nove za\u010detke, za\u0161\u010dito in duhovno jasnost.\" \/>\n<meta property=\"og:url\" content=\"https:\/\/www.heaven-hell.si\/en\/the-product\/crystal-candle-clear-quartz\/\" \/>\n<meta property=\"og:site_name\" content=\"Heaven &amp; Hell Gin\" \/>\n<meta property=\"article:publisher\" content=\"https:\/\/www.facebook.com\/heavenhellgin\" \/>\n<meta property=\"article:modified_time\" content=\"2025-05-18T06:07:19+00:00\" \/>\n<meta property=\"og:image\" content=\"https:\/\/www.heaven-hell.si\/wp-content\/uploads\/2024\/07\/heaven-hell-kristalna-sveca-kamena-strela_1.jpg\" \/>\n\t<meta property=\"og:image:width\" content=\"1000\" \/>\n\t<meta property=\"og:image:height\" content=\"1000\" \/>\n\t<meta property=\"og:image:type\" content=\"image\/jpeg\" \/>\n<script type=\"application\/ld+json\" class=\"yoast-schema-graph\">{\"@context\":\"https:\/\/schema.org\",\"@graph\":[{\"@type\":\"WebPage\",\"@id\":\"https:\/\/www.heaven-hell.si\/izdelek\/kristalna-sveca-kamena-strela\/\",\"url\":\"https:\/\/www.heaven-hell.si\/izdelek\/kristalna-sveca-kamena-strela\/\",\"name\":\"Kristalna sve\u010da Kamena strela - Heaven &amp; Hell Gin\",\"isPartOf\":{\"@id\":\"https:\/\/www.heaven-hell.si\/#website\"},\"primaryImageOfPage\":{\"@id\":\"https:\/\/www.heaven-hell.si\/izdelek\/kristalna-sveca-kamena-strela\/#primaryimage\"},\"image\":{\"@id\":\"https:\/\/www.heaven-hell.si\/izdelek\/kristalna-sveca-kamena-strela\/#primaryimage\"},\"thumbnailUrl\":\"https:\/\/www.heaven-hell.si\/wp-content\/uploads\/2024\/07\/heaven-hell-kristalna-sveca-kamena-strela_1.jpg\",\"datePublished\":\"2024-07-28T12:51:07+00:00\",\"dateModified\":\"2025-05-18T06:07:19+00:00\",\"description\":\"Kamena strela je kraljica vseh kristalov \u2013 oja\u010devalka namere, \u010distilna sila in most do vi\u0161je zavesti. Sve\u010da z njeno prisotnostjo ustvarja \u010dist prostor za nove za\u010detke, za\u0161\u010dito in duhovno jasnost.\",\"breadcrumb\":{\"@id\":\"https:\/\/www.heaven-hell.si\/izdelek\/kristalna-sveca-kamena-strela\/#breadcrumb\"},\"inLanguage\":\"en-GB\",\"potentialAction\":[{\"@type\":\"ReadAction\",\"target\":[\"https:\/\/www.heaven-hell.si\/izdelek\/kristalna-sveca-kamena-strela\/\"]}]},{\"@type\":\"ImageObject\",\"inLanguage\":\"en-GB\",\"@id\":\"https:\/\/www.heaven-hell.si\/izdelek\/kristalna-sveca-kamena-strela\/#primaryimage\",\"url\":\"https:\/\/www.heaven-hell.si\/wp-content\/uploads\/2024\/07\/heaven-hell-kristalna-sveca-kamena-strela_1.jpg\",\"contentUrl\":\"https:\/\/www.heaven-hell.si\/wp-content\/uploads\/2024\/07\/heaven-hell-kristalna-sveca-kamena-strela_1.jpg\",\"width\":1000,\"height\":1000},{\"@type\":\"BreadcrumbList\",\"@id\":\"https:\/\/www.heaven-hell.si\/izdelek\/kristalna-sveca-kamena-strela\/#breadcrumb\",\"itemListElement\":[{\"@type\":\"ListItem\",\"position\":1,\"name\":\"Domov\",\"item\":\"https:\/\/www.heaven-hell.si\/\"},{\"@type\":\"ListItem\",\"position\":2,\"name\":\"Trgovina\",\"item\":\"https:\/\/www.heaven-hell.si\/trgovina\/\"},{\"@type\":\"ListItem\",\"position\":3,\"name\":\"Kristalna sve\u010da Kamena strela\"}]},{\"@type\":\"WebSite\",\"@id\":\"https:\/\/www.heaven-hell.si\/#website\",\"url\":\"https:\/\/www.heaven-hell.si\/\",\"name\":\"Heaven & Hell gin\",\"description\":\"Kiss of Immortality\",\"publisher\":{\"@id\":\"https:\/\/www.heaven-hell.si\/#organization\"},\"potentialAction\":[{\"@type\":\"SearchAction\",\"target\":{\"@type\":\"EntryPoint\",\"urlTemplate\":\"https:\/\/www.heaven-hell.si\/?s={search_term_string}\"},\"query-input\":{\"@type\":\"PropertyValueSpecification\",\"valueRequired\":true,\"valueName\":\"search_term_string\"}}],\"inLanguage\":\"en-GB\"},{\"@type\":[\"Organization\",\"Place\"],\"@id\":\"https:\/\/www.heaven-hell.si\/#organization\",\"name\":\"Kiss of Immortality d.o.o.\",\"alternateName\":\"Heaven & Hell Luxury London Dry gin\",\"url\":\"https:\/\/www.heaven-hell.si\/\",\"logo\":{\"@id\":\"https:\/\/www.heaven-hell.si\/izdelek\/kristalna-sveca-kamena-strela\/#local-main-organization-logo\"},\"image\":{\"@id\":\"https:\/\/www.heaven-hell.si\/izdelek\/kristalna-sveca-kamena-strela\/#local-main-organization-logo\"},\"sameAs\":[\"https:\/\/www.facebook.com\/heavenhellgin\",\"https:\/\/www.instagram.com\/heavenhellgin\/\",\"https:\/\/www.youtube.com\/@heavenhellgin\",\"https:\/\/www.tiktok.com\/@heavenhellgin\"],\"publishingPrinciples\":\"https:\/\/www.heaven-hell.si\/splosni-pogoji\/\",\"ownershipFundingInfo\":\"https:\/\/www.heaven-hell.si\/kontakt\/\",\"actionableFeedbackPolicy\":\"https:\/\/www.heaven-hell.si\/piskotki\/\",\"address\":{\"@id\":\"https:\/\/www.heaven-hell.si\/izdelek\/kristalna-sveca-kamena-strela\/#local-main-place-address\"},\"geo\":{\"@type\":\"GeoCoordinates\",\"latitude\":\"46.5702914\",\"longitude\":\"16.334821\"},\"telephone\":[\"040 979 940\"],\"openingHoursSpecification\":{\"@type\":\"OpeningHoursSpecification\",\"dayOfWeek\":[\"Monday\",\"Tuesday\",\"Wednesday\",\"Thursday\",\"Friday\",\"Saturday\",\"Sunday\"],\"opens\":\"00:00\",\"closes\":\"23:59\"},\"email\":\"info@heaven-hell.si\",\"areaServed\":\"EU\",\"vatID\":\"SI72846925\",\"taxID\":\"SI72846925\"},{\"@type\":\"PostalAddress\",\"@id\":\"https:\/\/www.heaven-hell.si\/izdelek\/kristalna-sveca-kamena-strela\/#local-main-place-address\",\"streetAddress\":\"Velika Polana 151A\",\"addressLocality\":\"Velika Polana\",\"postalCode\":\"9225\",\"addressRegion\":\"Pomurje\",\"addressCountry\":\"SI\"},{\"@type\":\"ImageObject\",\"inLanguage\":\"en-GB\",\"@id\":\"https:\/\/www.heaven-hell.si\/izdelek\/kristalna-sveca-kamena-strela\/#local-main-organization-logo\",\"url\":\"https:\/\/www.heaven-hell.si\/wp-content\/uploads\/2023\/10\/heaven-hell-logo-gold-email.png\",\"contentUrl\":\"https:\/\/www.heaven-hell.si\/wp-content\/uploads\/2023\/10\/heaven-hell-logo-gold-email.png\",\"width\":250,\"height\":104,\"caption\":\"Kiss of Immortality d.o.o.\"}]}<\/script>\n<meta property=\"product:price:amount\" content=\"27.00\" \/>\n<meta property=\"product:price:currency\" content=\"EUR\" \/>\n<meta property=\"og:availability\" content=\"instock\" \/>\n<meta property=\"product:availability\" content=\"instock\" \/>\n<meta property=\"product:retailer_item_id\" content=\"3830082060657\" \/>\n<meta property=\"product:condition\" content=\"new\" \/>\n<meta name=\"geo.placename\" content=\"Velika Polana\" \/>\n<meta name=\"geo.position\" content=\"46.5702914;16.334821\" \/>\n<meta name=\"geo.region\" content=\"Slovenia\" \/>\n<!-- \/ Yoast SEO Premium plugin. -->","yoast_head_json":{"title":"Kristalna sve\u010da Kamena strela - Heaven &amp; Hell Gin","description":"Clear Quartz is the master amplifier \u2013 a cleanser of energy and a beacon of spiritual clarity. The candle with this crystal clears the space and strengthens your intentions, guiding you toward new beginnings.","robots":{"index":"index","follow":"follow","max-snippet":"max-snippet:-1","max-image-preview":"max-image-preview:large","max-video-preview":"max-video-preview:-1"},"canonical":"https:\/\/www.heaven-hell.si\/en\/the-product\/crystal-candle-clear-quartz\/","og_locale":"en_GB","og_type":"article","og_title":"Kristalna sve\u010da Kamena strela","og_description":"Kamena strela je kraljica vseh kristalov \u2013 oja\u010devalka namere, \u010distilna sila in most do vi\u0161je zavesti. Sve\u010da z njeno prisotnostjo ustvarja \u010dist prostor za nove za\u010detke, za\u0161\u010dito in duhovno jasnost.","og_url":"https:\/\/www.heaven-hell.si\/en\/the-product\/crystal-candle-clear-quartz\/","og_site_name":"Heaven &amp; Hell Gin","article_publisher":"https:\/\/www.facebook.com\/heavenhellgin","article_modified_time":"2025-05-18T06:07:19+00:00","og_image":[{"width":1000,"height":1000,"url":"https:\/\/www.heaven-hell.si\/wp-content\/uploads\/2024\/07\/heaven-hell-kristalna-sveca-kamena-strela_1.jpg","type":"image\/jpeg"}],"schema":{"@context":"https:\/\/schema.org","@graph":[{"@type":"WebPage","@id":"https:\/\/www.heaven-hell.si\/izdelek\/kristalna-sveca-kamena-strela\/","url":"https:\/\/www.heaven-hell.si\/izdelek\/kristalna-sveca-kamena-strela\/","name":"Kristalna sve\u010da Kamena strela - Heaven &amp; Hell Gin","isPartOf":{"@id":"https:\/\/www.heaven-hell.si\/#website"},"primaryImageOfPage":{"@id":"https:\/\/www.heaven-hell.si\/izdelek\/kristalna-sveca-kamena-strela\/#primaryimage"},"image":{"@id":"https:\/\/www.heaven-hell.si\/izdelek\/kristalna-sveca-kamena-strela\/#primaryimage"},"thumbnailUrl":"https:\/\/www.heaven-hell.si\/wp-content\/uploads\/2024\/07\/heaven-hell-kristalna-sveca-kamena-strela_1.jpg","datePublished":"2024-07-28T12:51:07+00:00","dateModified":"2025-05-18T06:07:19+00:00","description":"Clear Quartz is the master amplifier \u2013 a cleanser of energy and a beacon of spiritual clarity. The candle with this crystal clears the space and strengthens your intentions, guiding you toward new beginnings.","breadcrumb":{"@id":"https:\/\/www.heaven-hell.si\/izdelek\/kristalna-sveca-kamena-strela\/#breadcrumb"},"inLanguage":"en-GB","potentialAction":[{"@type":"ReadAction","target":["https:\/\/www.heaven-hell.si\/izdelek\/kristalna-sveca-kamena-strela\/"]}]},{"@type":"ImageObject","inLanguage":"en-GB","@id":"https:\/\/www.heaven-hell.si\/izdelek\/kristalna-sveca-kamena-strela\/#primaryimage","url":"https:\/\/www.heaven-hell.si\/wp-content\/uploads\/2024\/07\/heaven-hell-kristalna-sveca-kamena-strela_1.jpg","contentUrl":"https:\/\/www.heaven-hell.si\/wp-content\/uploads\/2024\/07\/heaven-hell-kristalna-sveca-kamena-strela_1.jpg","width":1000,"height":1000},{"@type":"BreadcrumbList","@id":"https:\/\/www.heaven-hell.si\/izdelek\/kristalna-sveca-kamena-strela\/#breadcrumb","itemListElement":[{"@type":"ListItem","position":1,"name":"Domov","item":"https:\/\/www.heaven-hell.si\/"},{"@type":"ListItem","position":2,"name":"Trgovina","item":"https:\/\/www.heaven-hell.si\/trgovina\/"},{"@type":"ListItem","position":3,"name":"Kristalna sve\u010da Kamena strela"}]},{"@type":"WebSite","@id":"https:\/\/www.heaven-hell.si\/#website","url":"https:\/\/www.heaven-hell.si\/","name":"Heaven &amp; Hell gin","description":"Kiss of Immortality","publisher":{"@id":"https:\/\/www.heaven-hell.si\/#organization"},"potentialAction":[{"@type":"SearchAction","target":{"@type":"EntryPoint","urlTemplate":"https:\/\/www.heaven-hell.si\/?s={search_term_string}"},"query-input":{"@type":"PropertyValueSpecification","valueRequired":true,"valueName":"search_term_string"}}],"inLanguage":"en-GB"},{"@type":["Organization","Place"],"@id":"https:\/\/www.heaven-hell.si\/#organization","name":"Kiss of Immortality d.o.o.","alternateName":"Heaven & Hell Luxury London Dry gin","url":"https:\/\/www.heaven-hell.si\/","logo":{"@id":"https:\/\/www.heaven-hell.si\/izdelek\/kristalna-sveca-kamena-strela\/#local-main-organization-logo"},"image":{"@id":"https:\/\/www.heaven-hell.si\/izdelek\/kristalna-sveca-kamena-strela\/#local-main-organization-logo"},"sameAs":["https:\/\/www.facebook.com\/heavenhellgin","https:\/\/www.instagram.com\/heavenhellgin\/","https:\/\/www.youtube.com\/@heavenhellgin","https:\/\/www.tiktok.com\/@heavenhellgin"],"publishingPrinciples":"https:\/\/www.heaven-hell.si\/splosni-pogoji\/","ownershipFundingInfo":"https:\/\/www.heaven-hell.si\/kontakt\/","actionableFeedbackPolicy":"https:\/\/www.heaven-hell.si\/piskotki\/","address":{"@id":"https:\/\/www.heaven-hell.si\/izdelek\/kristalna-sveca-kamena-strela\/#local-main-place-address"},"geo":{"@type":"GeoCoordinates","latitude":"46.5702914","longitude":"16.334821"},"telephone":["040 979 940"],"openingHoursSpecification":{"@type":"OpeningHoursSpecification","dayOfWeek":["Monday","Tuesday","Wednesday","Thursday","Friday","Saturday","Sunday"],"opens":"00:00","closes":"23:59"},"email":"info@heaven-hell.si","areaServed":"EU","vatID":"SI72846925","taxID":"SI72846925"},{"@type":"PostalAddress","@id":"https:\/\/www.heaven-hell.si\/izdelek\/kristalna-sveca-kamena-strela\/#local-main-place-address","streetAddress":"Velika Polana 151A","addressLocality":"Velika Polana","postalCode":"9225","addressRegion":"Pomurje","addressCountry":"SI"},{"@type":"ImageObject","inLanguage":"en-GB","@id":"https:\/\/www.heaven-hell.si\/izdelek\/kristalna-sveca-kamena-strela\/#local-main-organization-logo","url":"https:\/\/www.heaven-hell.si\/wp-content\/uploads\/2023\/10\/heaven-hell-logo-gold-email.png","contentUrl":"https:\/\/www.heaven-hell.si\/wp-content\/uploads\/2023\/10\/heaven-hell-logo-gold-email.png","width":250,"height":104,"caption":"Kiss of Immortality d.o.o."}]},"product_price_amount":"27.00","product_price_currency":"EUR","og_availability":"instock","product_availability":"instock","product_retailer_item_id":"3830082060657","product_condition":"new","geo.placename":"Velika Polana","geo.position":{"lat":"46.5702914","long":"16.334821"},"geo.region":"Slovenia"},"_links":{"self":[{"href":"https:\/\/www.heaven-hell.si\/en\/wp-json\/wp\/v2\/product\/16944","targetHints":{"allow":["GET"]}}],"collection":[{"href":"https:\/\/www.heaven-hell.si\/en\/wp-json\/wp\/v2\/product"}],"about":[{"href":"https:\/\/www.heaven-hell.si\/en\/wp-json\/wp\/v2\/types\/product"}],"replies":[{"embeddable":true,"href":"https:\/\/www.heaven-hell.si\/en\/wp-json\/wp\/v2\/comments?post=16944"}],"version-history":[{"count":6,"href":"https:\/\/www.heaven-hell.si\/en\/wp-json\/wp\/v2\/product\/16944\/revisions"}],"predecessor-version":[{"id":17540,"href":"https:\/\/www.heaven-hell.si\/en\/wp-json\/wp\/v2\/product\/16944\/revisions\/17540"}],"wp:featuredmedia":[{"embeddable":true,"href":"https:\/\/www.heaven-hell.si\/en\/wp-json\/wp\/v2\/media\/16947"}],"wp:attachment":[{"href":"https:\/\/www.heaven-hell.si\/en\/wp-json\/wp\/v2\/media?parent=16944"}],"wp:term":[{"taxonomy":"product_brand","embeddable":true,"href":"https:\/\/www.heaven-hell.si\/en\/wp-json\/wp\/v2\/product_brand?post=16944"},{"taxonomy":"product_cat","embeddable":true,"href":"https:\/\/www.heaven-hell.si\/en\/wp-json\/wp\/v2\/product_cat?post=16944"},{"taxonomy":"product_tag","embeddable":true,"href":"https:\/\/www.heaven-hell.si\/en\/wp-json\/wp\/v2\/product_tag?post=16944"}],"curies":[{"name":"wp","href":"https:\/\/api.w.org\/{rel}","templated":true}]}}