{"id":16570,"date":"2024-01-15T22:49:13","date_gmt":"2024-01-15T21:49:13","guid":{"rendered":"https:\/\/www.heaven-hell.si\/?post_type=product&#038;p=16570"},"modified":"2026-01-23T20:52:06","modified_gmt":"2026-01-23T19:52:06","slug":"kristalni-kozarec-hh47","status":"publish","type":"product","link":"https:\/\/www.heaven-hell.si\/en\/the-product\/kristalni-kozarec-hh47\/","title":{"rendered":"Crystal Glass HH47"},"content":{"rendered":"<h3 style=\"padding-left: 200px;\">CRYSTAL GLASS FOR GIN - HEAVEN &amp; HELL<\/h3>\n<p style=\"padding-left: 200px;\">Looking for a combination of the traditional charm of Roga\u0161ka Glassworks with the modern touch of our brand? The 'Heaven &amp; Hell' collection is the right choice! The elegant look of timeless products intertwined with deep V-shaped cuts will impress even the most demanding. The crystal gin glass is also suitable for corporate or wedding gifts and appeals to lovers of sophisticated spirits.<\/p>","protected":false},"excerpt":{"rendered":"<p>The crystal glass for gin is a perfect business or wedding gift, attracting those who appreciate refined spirits.<\/p>","protected":false},"featured_media":16560,"comment_status":"open","ping_status":"closed","template":"","meta":{"ngg_post_thumbnail":0},"product_brand":[],"product_cat":[75],"product_tag":[94,76,91,92],"class_list":{"0":"post-16570","1":"product","2":"type-product","3":"status-publish","4":"has-post-thumbnail","6":"product_cat-kozarci","7":"product_tag-dodatki","8":"product_tag-gin","9":"product_tag-heaven-hell","10":"product_tag-kozarci","12":"first","13":"instock","14":"taxable","15":"shipping-taxable","16":"purchasable","17":"product-type-simple"},"yoast_head":"<!-- This site is optimized with the Yoast SEO Premium plugin v21.4 (Yoast SEO v27.2) - https:\/\/yoast.com\/product\/yoast-seo-premium-wordpress\/ -->\n<title>Kristalni kozarec HH47 - Heaven &amp; Hell Gin<\/title>\n<meta name=\"robots\" content=\"index, follow, max-snippet:-1, max-image-preview:large, max-video-preview:-1\" \/>\n<link rel=\"canonical\" href=\"https:\/\/www.heaven-hell.si\/en\/the-product\/kristalni-kozarec-hh47\/\" \/>\n<meta property=\"og:locale\" content=\"en_GB\" \/>\n<meta property=\"og:type\" content=\"article\" \/>\n<meta property=\"og:title\" content=\"Kristalni kozarec HH47\" \/>\n<meta property=\"og:description\" content=\"Kristalni kozarec za gin je namenjen tudi za poslovna ali poro\u010dna darila, kateri pritegne ljubitelje prefinjenih \u017eganih pija\u010d.\" \/>\n<meta property=\"og:url\" content=\"https:\/\/www.heaven-hell.si\/en\/the-product\/kristalni-kozarec-hh47\/\" \/>\n<meta property=\"og:site_name\" content=\"Heaven &amp; Hell Gin\" \/>\n<meta property=\"article:publisher\" content=\"https:\/\/www.facebook.com\/heavenhellgin\" \/>\n<meta property=\"article:modified_time\" content=\"2026-01-23T19:52:06+00:00\" \/>\n<meta property=\"og:image\" content=\"https:\/\/www.heaven-hell.si\/wp-content\/uploads\/2024\/01\/heaven-hell-kozarec-gold-emblem.jpg\" \/>\n\t<meta property=\"og:image:width\" content=\"1200\" \/>\n\t<meta property=\"og:image:height\" content=\"1200\" \/>\n\t<meta property=\"og:image:type\" content=\"image\/jpeg\" \/>\n<script type=\"application\/ld+json\" class=\"yoast-schema-graph\">{\"@context\":\"https:\/\/schema.org\",\"@graph\":[{\"@type\":\"WebPage\",\"@id\":\"https:\/\/www.heaven-hell.si\/izdelek\/kristalni-kozarec-hh47\/\",\"url\":\"https:\/\/www.heaven-hell.si\/izdelek\/kristalni-kozarec-hh47\/\",\"name\":\"Kristalni kozarec HH47 - Heaven &amp; Hell Gin\",\"isPartOf\":{\"@id\":\"https:\/\/www.heaven-hell.si\/#website\"},\"primaryImageOfPage\":{\"@id\":\"https:\/\/www.heaven-hell.si\/izdelek\/kristalni-kozarec-hh47\/#primaryimage\"},\"image\":{\"@id\":\"https:\/\/www.heaven-hell.si\/izdelek\/kristalni-kozarec-hh47\/#primaryimage\"},\"thumbnailUrl\":\"https:\/\/www.heaven-hell.si\/wp-content\/uploads\/2024\/01\/heaven-hell-kozarec-gold-emblem.jpg\",\"datePublished\":\"2024-01-15T21:49:13+00:00\",\"dateModified\":\"2026-01-23T19:52:06+00:00\",\"breadcrumb\":{\"@id\":\"https:\/\/www.heaven-hell.si\/izdelek\/kristalni-kozarec-hh47\/#breadcrumb\"},\"inLanguage\":\"en-GB\",\"potentialAction\":[{\"@type\":\"ReadAction\",\"target\":[\"https:\/\/www.heaven-hell.si\/izdelek\/kristalni-kozarec-hh47\/\"]}]},{\"@type\":\"ImageObject\",\"inLanguage\":\"en-GB\",\"@id\":\"https:\/\/www.heaven-hell.si\/izdelek\/kristalni-kozarec-hh47\/#primaryimage\",\"url\":\"https:\/\/www.heaven-hell.si\/wp-content\/uploads\/2024\/01\/heaven-hell-kozarec-gold-emblem.jpg\",\"contentUrl\":\"https:\/\/www.heaven-hell.si\/wp-content\/uploads\/2024\/01\/heaven-hell-kozarec-gold-emblem.jpg\",\"width\":1200,\"height\":1200,\"caption\":\"Kristalni kozarec Heaven & Hell\"},{\"@type\":\"BreadcrumbList\",\"@id\":\"https:\/\/www.heaven-hell.si\/izdelek\/kristalni-kozarec-hh47\/#breadcrumb\",\"itemListElement\":[{\"@type\":\"ListItem\",\"position\":1,\"name\":\"Domov\",\"item\":\"https:\/\/www.heaven-hell.si\/\"},{\"@type\":\"ListItem\",\"position\":2,\"name\":\"Trgovina\",\"item\":\"https:\/\/www.heaven-hell.si\/trgovina\/\"},{\"@type\":\"ListItem\",\"position\":3,\"name\":\"Kristalni kozarec HH47\"}]},{\"@type\":\"WebSite\",\"@id\":\"https:\/\/www.heaven-hell.si\/#website\",\"url\":\"https:\/\/www.heaven-hell.si\/\",\"name\":\"Heaven & Hell gin\",\"description\":\"Kiss of Immortality\",\"publisher\":{\"@id\":\"https:\/\/www.heaven-hell.si\/#organization\"},\"potentialAction\":[{\"@type\":\"SearchAction\",\"target\":{\"@type\":\"EntryPoint\",\"urlTemplate\":\"https:\/\/www.heaven-hell.si\/?s={search_term_string}\"},\"query-input\":{\"@type\":\"PropertyValueSpecification\",\"valueRequired\":true,\"valueName\":\"search_term_string\"}}],\"inLanguage\":\"en-GB\"},{\"@type\":[\"Organization\",\"Place\"],\"@id\":\"https:\/\/www.heaven-hell.si\/#organization\",\"name\":\"Kiss of Immortality d.o.o.\",\"alternateName\":\"Heaven & Hell Luxury London Dry gin\",\"url\":\"https:\/\/www.heaven-hell.si\/\",\"logo\":{\"@id\":\"https:\/\/www.heaven-hell.si\/izdelek\/kristalni-kozarec-hh47\/#local-main-organization-logo\"},\"image\":{\"@id\":\"https:\/\/www.heaven-hell.si\/izdelek\/kristalni-kozarec-hh47\/#local-main-organization-logo\"},\"sameAs\":[\"https:\/\/www.facebook.com\/heavenhellgin\",\"https:\/\/www.instagram.com\/heavenhellgin\/\",\"https:\/\/www.youtube.com\/@heavenhellgin\",\"https:\/\/www.tiktok.com\/@heavenhellgin\"],\"publishingPrinciples\":\"https:\/\/www.heaven-hell.si\/splosni-pogoji\/\",\"ownershipFundingInfo\":\"https:\/\/www.heaven-hell.si\/kontakt\/\",\"actionableFeedbackPolicy\":\"https:\/\/www.heaven-hell.si\/piskotki\/\",\"address\":{\"@id\":\"https:\/\/www.heaven-hell.si\/izdelek\/kristalni-kozarec-hh47\/#local-main-place-address\"},\"geo\":{\"@type\":\"GeoCoordinates\",\"latitude\":\"46.5702914\",\"longitude\":\"16.334821\"},\"telephone\":[\"040 979 940\"],\"openingHoursSpecification\":{\"@type\":\"OpeningHoursSpecification\",\"dayOfWeek\":[\"Monday\",\"Tuesday\",\"Wednesday\",\"Thursday\",\"Friday\",\"Saturday\",\"Sunday\"],\"opens\":\"00:00\",\"closes\":\"23:59\"},\"email\":\"info@heaven-hell.si\",\"areaServed\":\"EU\",\"vatID\":\"SI72846925\",\"taxID\":\"SI72846925\"},{\"@type\":\"PostalAddress\",\"@id\":\"https:\/\/www.heaven-hell.si\/izdelek\/kristalni-kozarec-hh47\/#local-main-place-address\",\"streetAddress\":\"Velika Polana 151A\",\"addressLocality\":\"Velika Polana\",\"postalCode\":\"9225\",\"addressRegion\":\"Pomurje\",\"addressCountry\":\"SI\"},{\"@type\":\"ImageObject\",\"inLanguage\":\"en-GB\",\"@id\":\"https:\/\/www.heaven-hell.si\/izdelek\/kristalni-kozarec-hh47\/#local-main-organization-logo\",\"url\":\"https:\/\/www.heaven-hell.si\/wp-content\/uploads\/2023\/10\/heaven-hell-logo-gold-email.png\",\"contentUrl\":\"https:\/\/www.heaven-hell.si\/wp-content\/uploads\/2023\/10\/heaven-hell-logo-gold-email.png\",\"width\":250,\"height\":104,\"caption\":\"Kiss of Immortality d.o.o.\"}]}<\/script>\n<meta property=\"product:price:amount\" content=\"25.00\" \/>\n<meta property=\"product:price:currency\" content=\"EUR\" \/>\n<meta property=\"og:availability\" content=\"instock\" \/>\n<meta property=\"product:availability\" content=\"instock\" \/>\n<meta property=\"product:retailer_item_id\" content=\"3830082060602\" \/>\n<meta property=\"product:condition\" content=\"new\" \/>\n<meta name=\"geo.placename\" content=\"Velika Polana\" \/>\n<meta name=\"geo.position\" content=\"46.5702914;16.334821\" \/>\n<meta name=\"geo.region\" content=\"Slovenia\" \/>\n<!-- \/ Yoast SEO Premium plugin. -->","yoast_head_json":{"title":"Kristalni kozarec HH47 - Heaven &amp; Hell Gin","robots":{"index":"index","follow":"follow","max-snippet":"max-snippet:-1","max-image-preview":"max-image-preview:large","max-video-preview":"max-video-preview:-1"},"canonical":"https:\/\/www.heaven-hell.si\/en\/the-product\/kristalni-kozarec-hh47\/","og_locale":"en_GB","og_type":"article","og_title":"Kristalni kozarec HH47","og_description":"Kristalni kozarec za gin je namenjen tudi za poslovna ali poro\u010dna darila, kateri pritegne ljubitelje prefinjenih \u017eganih pija\u010d.","og_url":"https:\/\/www.heaven-hell.si\/en\/the-product\/kristalni-kozarec-hh47\/","og_site_name":"Heaven &amp; Hell Gin","article_publisher":"https:\/\/www.facebook.com\/heavenhellgin","article_modified_time":"2026-01-23T19:52:06+00:00","og_image":[{"width":1200,"height":1200,"url":"https:\/\/www.heaven-hell.si\/wp-content\/uploads\/2024\/01\/heaven-hell-kozarec-gold-emblem.jpg","type":"image\/jpeg"}],"schema":{"@context":"https:\/\/schema.org","@graph":[{"@type":"WebPage","@id":"https:\/\/www.heaven-hell.si\/izdelek\/kristalni-kozarec-hh47\/","url":"https:\/\/www.heaven-hell.si\/izdelek\/kristalni-kozarec-hh47\/","name":"Kristalni kozarec HH47 - Heaven &amp; Hell Gin","isPartOf":{"@id":"https:\/\/www.heaven-hell.si\/#website"},"primaryImageOfPage":{"@id":"https:\/\/www.heaven-hell.si\/izdelek\/kristalni-kozarec-hh47\/#primaryimage"},"image":{"@id":"https:\/\/www.heaven-hell.si\/izdelek\/kristalni-kozarec-hh47\/#primaryimage"},"thumbnailUrl":"https:\/\/www.heaven-hell.si\/wp-content\/uploads\/2024\/01\/heaven-hell-kozarec-gold-emblem.jpg","datePublished":"2024-01-15T21:49:13+00:00","dateModified":"2026-01-23T19:52:06+00:00","breadcrumb":{"@id":"https:\/\/www.heaven-hell.si\/izdelek\/kristalni-kozarec-hh47\/#breadcrumb"},"inLanguage":"en-GB","potentialAction":[{"@type":"ReadAction","target":["https:\/\/www.heaven-hell.si\/izdelek\/kristalni-kozarec-hh47\/"]}]},{"@type":"ImageObject","inLanguage":"en-GB","@id":"https:\/\/www.heaven-hell.si\/izdelek\/kristalni-kozarec-hh47\/#primaryimage","url":"https:\/\/www.heaven-hell.si\/wp-content\/uploads\/2024\/01\/heaven-hell-kozarec-gold-emblem.jpg","contentUrl":"https:\/\/www.heaven-hell.si\/wp-content\/uploads\/2024\/01\/heaven-hell-kozarec-gold-emblem.jpg","width":1200,"height":1200,"caption":"Kristalni kozarec Heaven & Hell"},{"@type":"BreadcrumbList","@id":"https:\/\/www.heaven-hell.si\/izdelek\/kristalni-kozarec-hh47\/#breadcrumb","itemListElement":[{"@type":"ListItem","position":1,"name":"Domov","item":"https:\/\/www.heaven-hell.si\/"},{"@type":"ListItem","position":2,"name":"Trgovina","item":"https:\/\/www.heaven-hell.si\/trgovina\/"},{"@type":"ListItem","position":3,"name":"Kristalni kozarec HH47"}]},{"@type":"WebSite","@id":"https:\/\/www.heaven-hell.si\/#website","url":"https:\/\/www.heaven-hell.si\/","name":"Heaven &amp; Hell gin","description":"Kiss of Immortality","publisher":{"@id":"https:\/\/www.heaven-hell.si\/#organization"},"potentialAction":[{"@type":"SearchAction","target":{"@type":"EntryPoint","urlTemplate":"https:\/\/www.heaven-hell.si\/?s={search_term_string}"},"query-input":{"@type":"PropertyValueSpecification","valueRequired":true,"valueName":"search_term_string"}}],"inLanguage":"en-GB"},{"@type":["Organization","Place"],"@id":"https:\/\/www.heaven-hell.si\/#organization","name":"Kiss of Immortality d.o.o.","alternateName":"Heaven & Hell Luxury London Dry gin","url":"https:\/\/www.heaven-hell.si\/","logo":{"@id":"https:\/\/www.heaven-hell.si\/izdelek\/kristalni-kozarec-hh47\/#local-main-organization-logo"},"image":{"@id":"https:\/\/www.heaven-hell.si\/izdelek\/kristalni-kozarec-hh47\/#local-main-organization-logo"},"sameAs":["https:\/\/www.facebook.com\/heavenhellgin","https:\/\/www.instagram.com\/heavenhellgin\/","https:\/\/www.youtube.com\/@heavenhellgin","https:\/\/www.tiktok.com\/@heavenhellgin"],"publishingPrinciples":"https:\/\/www.heaven-hell.si\/splosni-pogoji\/","ownershipFundingInfo":"https:\/\/www.heaven-hell.si\/kontakt\/","actionableFeedbackPolicy":"https:\/\/www.heaven-hell.si\/piskotki\/","address":{"@id":"https:\/\/www.heaven-hell.si\/izdelek\/kristalni-kozarec-hh47\/#local-main-place-address"},"geo":{"@type":"GeoCoordinates","latitude":"46.5702914","longitude":"16.334821"},"telephone":["040 979 940"],"openingHoursSpecification":{"@type":"OpeningHoursSpecification","dayOfWeek":["Monday","Tuesday","Wednesday","Thursday","Friday","Saturday","Sunday"],"opens":"00:00","closes":"23:59"},"email":"info@heaven-hell.si","areaServed":"EU","vatID":"SI72846925","taxID":"SI72846925"},{"@type":"PostalAddress","@id":"https:\/\/www.heaven-hell.si\/izdelek\/kristalni-kozarec-hh47\/#local-main-place-address","streetAddress":"Velika Polana 151A","addressLocality":"Velika Polana","postalCode":"9225","addressRegion":"Pomurje","addressCountry":"SI"},{"@type":"ImageObject","inLanguage":"en-GB","@id":"https:\/\/www.heaven-hell.si\/izdelek\/kristalni-kozarec-hh47\/#local-main-organization-logo","url":"https:\/\/www.heaven-hell.si\/wp-content\/uploads\/2023\/10\/heaven-hell-logo-gold-email.png","contentUrl":"https:\/\/www.heaven-hell.si\/wp-content\/uploads\/2023\/10\/heaven-hell-logo-gold-email.png","width":250,"height":104,"caption":"Kiss of Immortality d.o.o."}]},"product_price_amount":"25.00","product_price_currency":"EUR","og_availability":"instock","product_availability":"instock","product_retailer_item_id":"3830082060602","product_condition":"new","geo.placename":"Velika Polana","geo.position":{"lat":"46.5702914","long":"16.334821"},"geo.region":"Slovenia"},"_links":{"self":[{"href":"https:\/\/www.heaven-hell.si\/en\/wp-json\/wp\/v2\/product\/16570","targetHints":{"allow":["GET"]}}],"collection":[{"href":"https:\/\/www.heaven-hell.si\/en\/wp-json\/wp\/v2\/product"}],"about":[{"href":"https:\/\/www.heaven-hell.si\/en\/wp-json\/wp\/v2\/types\/product"}],"replies":[{"embeddable":true,"href":"https:\/\/www.heaven-hell.si\/en\/wp-json\/wp\/v2\/comments?post=16570"}],"version-history":[{"count":1,"href":"https:\/\/www.heaven-hell.si\/en\/wp-json\/wp\/v2\/product\/16570\/revisions"}],"predecessor-version":[{"id":18800,"href":"https:\/\/www.heaven-hell.si\/en\/wp-json\/wp\/v2\/product\/16570\/revisions\/18800"}],"wp:featuredmedia":[{"embeddable":true,"href":"https:\/\/www.heaven-hell.si\/en\/wp-json\/wp\/v2\/media\/16560"}],"wp:attachment":[{"href":"https:\/\/www.heaven-hell.si\/en\/wp-json\/wp\/v2\/media?parent=16570"}],"wp:term":[{"taxonomy":"product_brand","embeddable":true,"href":"https:\/\/www.heaven-hell.si\/en\/wp-json\/wp\/v2\/product_brand?post=16570"},{"taxonomy":"product_cat","embeddable":true,"href":"https:\/\/www.heaven-hell.si\/en\/wp-json\/wp\/v2\/product_cat?post=16570"},{"taxonomy":"product_tag","embeddable":true,"href":"https:\/\/www.heaven-hell.si\/en\/wp-json\/wp\/v2\/product_tag?post=16570"}],"curies":[{"name":"wp","href":"https:\/\/api.w.org\/{rel}","templated":true}]}}